{"id":5831,"date":"2026-02-12T15:07:10","date_gmt":"2026-02-12T20:07:10","guid":{"rendered":"https:\/\/cedarhealthresearch.com\/?page_id=5831"},"modified":"2026-04-07T16:25:10","modified_gmt":"2026-04-07T21:25:10","slug":"john-wilbanks","status":"publish","type":"page","link":"https:\/\/cedarhealthresearch.com\/es\/about-us\/our-team\/john-wilbanks\/","title":{"rendered":"John Wilbanks"},"content":{"rendered":"<div class=\"wpb-content-wrapper\"><div class=\"vc_row wpb_row vc_row-fluid\"><div class=\"wpb_column vc_column_container vc_col-sm-12 vc_col-lg-offset-1 vc_col-lg-10 vc_col-md-offset-1 vc_col-md-10\"><div class=\"vc_column-inner\"><div class=\"wpb_wrapper\">\n\t<div class=\"wpb_text_column wpb_content_element\" >\n\t\t<div class=\"wpb_wrapper\">\n\t\t\t<h3>John Wilbanks<\/h3>\n<p><strong><span style=\"color: #999999;\">Exdirector de Datos de Biogen<\/span><\/strong><\/p>\n<p><img loading=\"lazy\" decoding=\"async\" class=\"alignleft wp-image-1012 size-medium\" src=\"https:\/\/cedarhealthresearch.com\/wp-content\/uploads\/2026\/02\/john-wilbanks-200x300-1.jpg\" alt=\"\" width=\"200\" height=\"300\" \/>John Wilbanks es investigador, empresario y defensor cuya carrera abarca los sectores sin fines de lucro, acad\u00e9mico y comercial, todos ellos centrados en hacer que los datos cient\u00edficos y sanitarios sean m\u00e1s accesibles y \u00fatiles. Al principio de su carrera, fund\u00f3 y dirigi\u00f3 hasta su adquisici\u00f3n Incellico, una empresa de gr\u00e1ficos de conocimiento al servicio de la industria farmac\u00e9utica, antes de ocupar el cargo de director ejecutivo de Science Commons, donde fue pionero en la creaci\u00f3n de marcos legales y t\u00e9cnicos para compartir datos de investigaci\u00f3n. M\u00e1s tarde, ayud\u00f3 a separar Sage Bionetworks de Merck, donde promovi\u00f3 modelos de consentimiento legal port\u00e1tiles y marcos de gobernanza para el intercambio de datos biom\u00e9dicos a gran escala.<\/p>\n<p>M\u00e1s tarde, Wilbanks pas\u00f3 a ocupar un puesto de liderazgo en Biogen, donde dirigi\u00f3 el departamento de datos de Biogen Digital Health, y en el Broad Institute del MIT y Harvard, donde dirigi\u00f3 el producto Terra, la mayor plataforma basada en la nube para el an\u00e1lisis gen\u00f3mico. A lo largo de su carrera, ha defendido que los enfoques tradicionales del consentimiento, la propiedad intelectual y la gobernanza de los datos a menudo ralentizan el progreso cient\u00edfico, y ha abogado por enfoques en red que equilibren la aceleraci\u00f3n de los conocimientos cient\u00edficos con las protecciones adecuadas para los seres humanos.<\/p>\n\n\t\t<\/div>\n\t<\/div>\n<\/div><\/div><\/div><\/div><div class=\"vc_row wpb_row vc_row-fluid\"><div class=\"wpb_column vc_column_container vc_col-sm-12\"><div class=\"vc_column-inner\"><div class=\"wpb_wrapper\"><div id=\"ultimate-heading-897569de593999006\" class=\"uvc-heading ult-adjust-bottom-margin ultimate-heading-897569de593999006 uvc-3552  uvc-heading-default-font-sizes\" data-hspacer=\"no_spacer\"  data-halign=\"center\" style=\"text-align:center\"><div class=\"uvc-heading-spacer no_spacer\" style=\"top\"><\/div><\/div><\/div><\/div><\/div><\/div>\n<\/div>","protected":false},"excerpt":{"rendered":"<p>John Wilbanks Former Head of Data at Biogen John Wilbanks is a researcher, entrepreneur, and advocate whose career has spanned nonprofit, academic, and commercial sectors, all focused on making scientific and healthcare data more accessible and useful. Early in his career he founded and led to acquisition Incellico, a knowledge graph company serving the pharmaceutical&hellip;<\/p>","protected":false},"author":1,"featured_media":0,"parent":523,"menu_order":0,"comment_status":"closed","ping_status":"closed","template":"","meta":{"_monsterinsights_skip_tracking":false,"_monsterinsights_sitenote_active":false,"_monsterinsights_sitenote_note":"","_monsterinsights_sitenote_category":0,"footnotes":""},"class_list":["post-5831","page","type-page","status-publish","hentry","description-off"],"aioseo_notices":[],"_links":{"self":[{"href":"https:\/\/cedarhealthresearch.com\/es\/wp-json\/wp\/v2\/pages\/5831","targetHints":{"allow":["GET"]}}],"collection":[{"href":"https:\/\/cedarhealthresearch.com\/es\/wp-json\/wp\/v2\/pages"}],"about":[{"href":"https:\/\/cedarhealthresearch.com\/es\/wp-json\/wp\/v2\/types\/page"}],"author":[{"embeddable":true,"href":"https:\/\/cedarhealthresearch.com\/es\/wp-json\/wp\/v2\/users\/1"}],"replies":[{"embeddable":true,"href":"https:\/\/cedarhealthresearch.com\/es\/wp-json\/wp\/v2\/comments?post=5831"}],"version-history":[{"count":3,"href":"https:\/\/cedarhealthresearch.com\/es\/wp-json\/wp\/v2\/pages\/5831\/revisions"}],"predecessor-version":[{"id":5852,"href":"https:\/\/cedarhealthresearch.com\/es\/wp-json\/wp\/v2\/pages\/5831\/revisions\/5852"}],"up":[{"embeddable":true,"href":"https:\/\/cedarhealthresearch.com\/es\/wp-json\/wp\/v2\/pages\/523"}],"wp:attachment":[{"href":"https:\/\/cedarhealthresearch.com\/es\/wp-json\/wp\/v2\/media?parent=5831"}],"curies":[{"name":"wp","href":"https:\/\/api.w.org\/{rel}","templated":true}]}}