{"id":5829,"date":"2026-02-12T15:06:45","date_gmt":"2026-02-12T20:06:45","guid":{"rendered":"https:\/\/cedarhealthresearch.com\/?page_id=5829"},"modified":"2026-02-12T15:09:32","modified_gmt":"2026-02-12T20:09:32","slug":"nick-kenny","status":"publish","type":"page","link":"https:\/\/cedarhealthresearch.com\/es\/about-us\/our-team\/nick-kenny\/","title":{"rendered":"Nick Kenny"},"content":{"rendered":"<div class=\"wpb-content-wrapper\"><div class=\"vc_row wpb_row vc_row-fluid\"><div class=\"wpb_column vc_column_container vc_col-sm-12 vc_col-lg-offset-1 vc_col-lg-10 vc_col-md-offset-1 vc_col-md-10\"><div class=\"vc_column-inner\"><div class=\"wpb_wrapper\">\n\t<div class=\"wpb_text_column wpb_content_element\" >\n\t\t<div class=\"wpb_wrapper\">\n\t\t\t<h3>Nick Kenny<\/h3>\n<p><strong><span style=\"color: #999999;\">Ex director de seguridad de Syneos Health<\/span><\/strong><\/p>\n<p><img loading=\"lazy\" decoding=\"async\" class=\"alignleft wp-image-1012 size-medium\" src=\"https:\/\/cedarhealthresearch.com\/wp-content\/uploads\/2026\/02\/nick-kenny-200x300-1.jpg\" alt=\"\" width=\"200\" height=\"300\" \/>Tras 28 a\u00f1os dedicados a la investigaci\u00f3n cl\u00ednica y la consultor\u00eda, a principios de 2025 Nick se jubil\u00f3 como director cient\u00edfico (CSO) de Syneos Health, una organizaci\u00f3n global de desarrollo cl\u00ednico con 28 000 empleados. Durante su carrera, Nick fue l\u00edder global del negocio de oncolog\u00eda de INC Research, dirigi\u00f3 las operaciones m\u00e9dicas, de farmacovigilancia y de desarrollo temprano de Syneos Health, y fue consultor senior de Campbell Alliance.  Antes de esto, Nick desarroll\u00f3 su carrera en investigaci\u00f3n biom\u00e9dica en el Reino Unido, Canad\u00e1 y Estados Unidos, con trabajos financiados por SERC, OTAN, NIH y USDA, y fue profesor en la Facultad de Medicina de la Universidad de Vermont. Nick se ha centrado en optimizar el desarrollo de nuevos f\u00e1rmacos en oncolog\u00eda y enfermedades raras, as\u00ed como en la investigaci\u00f3n cl\u00ednica equitativa. Es expresidente de la Junta Directiva del Hospicio del Condado de Wake en Carolina del Norte y vive en Raleigh, Carolina del Norte.<\/p>\n\n\t\t<\/div>\n\t<\/div>\n<\/div><\/div><\/div><\/div><div class=\"vc_row wpb_row vc_row-fluid\"><div class=\"wpb_column vc_column_container vc_col-sm-12\"><div class=\"vc_column-inner\"><div class=\"wpb_wrapper\"><div id=\"ultimate-heading-946269ee3c7b20705\" class=\"uvc-heading ult-adjust-bottom-margin ultimate-heading-946269ee3c7b20705 uvc-4195  uvc-heading-default-font-sizes\" data-hspacer=\"no_spacer\"  data-halign=\"center\" style=\"text-align:center\"><div class=\"uvc-heading-spacer no_spacer\" style=\"top\"><\/div><\/div><\/div><\/div><\/div><\/div>\n<\/div>","protected":false},"excerpt":{"rendered":"<p>Nick Kenny Former CSO Syneos Health After 28 years in clinical research and consulting, in early\u00a02025, Nick retired as Chief Scientific Officer (CSO) from Syneos Health &#8211; a 28,000 person global clinical development organization. \u00a0During his career, Nick was global leader for INC Research\u2019s Oncology business, led the medical, pharmacovigilance, and early development operations for&hellip;<\/p>","protected":false},"author":1,"featured_media":0,"parent":523,"menu_order":0,"comment_status":"closed","ping_status":"closed","template":"","meta":{"_monsterinsights_skip_tracking":false,"_monsterinsights_sitenote_active":false,"_monsterinsights_sitenote_note":"","_monsterinsights_sitenote_category":0,"footnotes":""},"class_list":["post-5829","page","type-page","status-publish","hentry","description-off"],"aioseo_notices":[],"_links":{"self":[{"href":"https:\/\/cedarhealthresearch.com\/es\/wp-json\/wp\/v2\/pages\/5829","targetHints":{"allow":["GET"]}}],"collection":[{"href":"https:\/\/cedarhealthresearch.com\/es\/wp-json\/wp\/v2\/pages"}],"about":[{"href":"https:\/\/cedarhealthresearch.com\/es\/wp-json\/wp\/v2\/types\/page"}],"author":[{"embeddable":true,"href":"https:\/\/cedarhealthresearch.com\/es\/wp-json\/wp\/v2\/users\/1"}],"replies":[{"embeddable":true,"href":"https:\/\/cedarhealthresearch.com\/es\/wp-json\/wp\/v2\/comments?post=5829"}],"version-history":[{"count":2,"href":"https:\/\/cedarhealthresearch.com\/es\/wp-json\/wp\/v2\/pages\/5829\/revisions"}],"predecessor-version":[{"id":5835,"href":"https:\/\/cedarhealthresearch.com\/es\/wp-json\/wp\/v2\/pages\/5829\/revisions\/5835"}],"up":[{"embeddable":true,"href":"https:\/\/cedarhealthresearch.com\/es\/wp-json\/wp\/v2\/pages\/523"}],"wp:attachment":[{"href":"https:\/\/cedarhealthresearch.com\/es\/wp-json\/wp\/v2\/media?parent=5829"}],"curies":[{"name":"wp","href":"https:\/\/api.w.org\/{rel}","templated":true}]}}