{"id":5827,"date":"2026-02-12T15:06:24","date_gmt":"2026-02-12T20:06:24","guid":{"rendered":"https:\/\/cedarhealthresearch.com\/?page_id=5827"},"modified":"2026-02-12T15:08:29","modified_gmt":"2026-02-12T20:08:29","slug":"christian-tucat","status":"publish","type":"page","link":"https:\/\/cedarhealthresearch.com\/es\/about-us\/our-team\/christian-tucat\/","title":{"rendered":"Christian Tucat"},"content":{"rendered":"<div class=\"wpb-content-wrapper\"><div class=\"vc_row wpb_row vc_row-fluid\"><div class=\"wpb_column vc_column_container vc_col-sm-12 vc_col-lg-offset-1 vc_col-lg-10 vc_col-md-offset-1 vc_col-md-10\"><div class=\"vc_column-inner\"><div class=\"wpb_wrapper\">\n\t<div class=\"wpb_text_column wpb_content_element\" >\n\t\t<div class=\"wpb_wrapper\">\n\t\t\t<h3>Christian Tucat<\/h3>\n<p><strong><span style=\"color: #999999;\">Director general, Sciensus<\/span><\/strong><\/p>\n<p><img loading=\"lazy\" decoding=\"async\" class=\"alignleft wp-image-1012 size-medium\" src=\"https:\/\/cedarhealthresearch.com\/wp-content\/uploads\/2026\/02\/christian-tucat-200x300-1.jpg\" alt=\"\" width=\"200\" height=\"300\" \/>Christian Tucat es un ejecutivo global del sector sanitario con m\u00e1s de 25 a\u00f1os de experiencia impulsando la innovaci\u00f3n en las industrias biofarmac\u00e9utica y de servicios farmac\u00e9uticos. Antes de incorporarse a Sciensus, ocup\u00f3 el cargo de director comercial en Syneos Health, donde dirigi\u00f3 estrategias de crecimiento global que abarcaban desde la investigaci\u00f3n cl\u00ednica hasta la comercializaci\u00f3n, incluyendo los negocios Syneos One\u00ae, Real World Late Phase y Global Consulting.<\/p>\n<p>Christian ha ocupado puestos destacados en Eli Lilly, GSK, PRAH, INC Research y Syneos Health, con un historial de creaci\u00f3n de equipos de alto rendimiento, \u00e9xito en fusiones y adquisiciones, y avance de terapias complejas a trav\u00e9s del acceso al mercado y el conocimiento del mundo real. Su estilo de liderazgo combina la perspicacia comercial con la innovaci\u00f3n centrada en el cliente, respaldada por su pasi\u00f3n por ampliar el acceso de los pacientes a tratamientos que cambian la vida.<\/p>\n<p>Tiene un MBA de la Erasmus Graduate School of Business de R\u00f3terdam y una licenciatura de la Universidad Argentina de la Empresa, Buenos Aires.\u00a0<\/p>\n\n\t\t<\/div>\n\t<\/div>\n<\/div><\/div><\/div><\/div><div class=\"vc_row wpb_row vc_row-fluid\"><div class=\"wpb_column vc_column_container vc_col-sm-12\"><div class=\"vc_column-inner\"><div class=\"wpb_wrapper\"><div id=\"ultimate-heading-799069de23c41af87\" class=\"uvc-heading ult-adjust-bottom-margin ultimate-heading-799069de23c41af87 uvc-5394  uvc-heading-default-font-sizes\" data-hspacer=\"no_spacer\"  data-halign=\"center\" style=\"text-align:center\"><div class=\"uvc-heading-spacer no_spacer\" style=\"top\"><\/div><\/div><\/div><\/div><\/div><\/div>\n<\/div>","protected":false},"excerpt":{"rendered":"<p>Christian Tucat CEO, Sciensus Christian Tucat is a global healthcare executive with over 25 years of experience driving innovation across the biopharmaceutical and pharma services industries. Before joining Sciensus, he served as Chief Business Officer at Syneos Health, where he led global growth strategies spanning clinical to commercial delivery \u2014 including Syneos One\u00ae and Real&hellip;<\/p>","protected":false},"author":1,"featured_media":0,"parent":523,"menu_order":0,"comment_status":"closed","ping_status":"closed","template":"","meta":{"_monsterinsights_skip_tracking":false,"_monsterinsights_sitenote_active":false,"_monsterinsights_sitenote_note":"","_monsterinsights_sitenote_category":0,"footnotes":""},"class_list":["post-5827","page","type-page","status-publish","hentry","description-off"],"aioseo_notices":[],"_links":{"self":[{"href":"https:\/\/cedarhealthresearch.com\/es\/wp-json\/wp\/v2\/pages\/5827","targetHints":{"allow":["GET"]}}],"collection":[{"href":"https:\/\/cedarhealthresearch.com\/es\/wp-json\/wp\/v2\/pages"}],"about":[{"href":"https:\/\/cedarhealthresearch.com\/es\/wp-json\/wp\/v2\/types\/page"}],"author":[{"embeddable":true,"href":"https:\/\/cedarhealthresearch.com\/es\/wp-json\/wp\/v2\/users\/1"}],"replies":[{"embeddable":true,"href":"https:\/\/cedarhealthresearch.com\/es\/wp-json\/wp\/v2\/comments?post=5827"}],"version-history":[{"count":3,"href":"https:\/\/cedarhealthresearch.com\/es\/wp-json\/wp\/v2\/pages\/5827\/revisions"}],"predecessor-version":[{"id":5834,"href":"https:\/\/cedarhealthresearch.com\/es\/wp-json\/wp\/v2\/pages\/5827\/revisions\/5834"}],"up":[{"embeddable":true,"href":"https:\/\/cedarhealthresearch.com\/es\/wp-json\/wp\/v2\/pages\/523"}],"wp:attachment":[{"href":"https:\/\/cedarhealthresearch.com\/es\/wp-json\/wp\/v2\/media?parent=5827"}],"curies":[{"name":"wp","href":"https:\/\/api.w.org\/{rel}","templated":true}]}}