{"id":5823,"date":"2026-02-12T15:03:57","date_gmt":"2026-02-12T20:03:57","guid":{"rendered":"https:\/\/cedarhealthresearch.com\/?page_id=5823"},"modified":"2026-02-12T15:05:37","modified_gmt":"2026-02-12T20:05:37","slug":"dr-stefani-gebretsadik","status":"publish","type":"page","link":"https:\/\/cedarhealthresearch.com\/es\/about-us\/our-team\/sefanit-gebretsadik-md\/","title":{"rendered":"Dr. Sefanit Gebretsadik"},"content":{"rendered":"<div class=\"wpb-content-wrapper\"><div class=\"vc_row wpb_row vc_row-fluid\"><div class=\"wpb_column vc_column_container vc_col-sm-12 vc_col-lg-offset-1 vc_col-lg-10 vc_col-md-offset-1 vc_col-md-10\"><div class=\"vc_column-inner\"><div class=\"wpb_wrapper\">\n\t<div class=\"wpb_text_column wpb_content_element\" >\n\t\t<div class=\"wpb_wrapper\">\n\t\t\t<h3>Dr. Sefanit Gebretsadik<\/h3>\n<p><strong><span style=\"color: #999999;\">Investigador principal - Medicina general<\/span><\/strong><\/p>\n<p><img loading=\"lazy\" decoding=\"async\" class=\"alignleft wp-image-1012 size-medium\" src=\"https:\/\/cedarhealthresearch.com\/wp-content\/uploads\/2026\/02\/sefanit-gebretsadik-200x300-1.jpg\" alt=\"\" width=\"200\" height=\"300\" \/>La Dra. Gebretsadik naci\u00f3 y se cri\u00f3 en Etiop\u00eda, donde complet\u00f3 sus estudios de medicina antes de trasladarse a Estados Unidos. Ha ejercido en diversos entornos cl\u00ednicos, como hospitales, atenci\u00f3n primaria y cuidados a largo plazo, y su experiencia principal es como m\u00e9dica hospitalaria, donde desarroll\u00f3 una pasi\u00f3n por la atenci\u00f3n a pacientes complejos y la colaboraci\u00f3n multidisciplinaria.<\/p>\n<p>Siempre le ha fascinado c\u00f3mo los descubrimientos m\u00e9dicos se traducen en mejores resultados para los pacientes, lo que la llev\u00f3 a dedicarse a la investigaci\u00f3n cl\u00ednica y a la intersecci\u00f3n entre la medicina, la innovaci\u00f3n y la tecnolog\u00eda. Le interesa especialmente c\u00f3mo los nuevos descubrimientos cient\u00edficos pueden mejorar los resultados cl\u00ednicos y transformar la prestaci\u00f3n de la atenci\u00f3n m\u00e9dica.<\/p>\n<p>Fuera del trabajo, a la Dra. Gebretsadik le encanta viajar, cocinar, hornear y experimentar con recetas saludables, as\u00ed como pasar tiempo con su familia en el \u00e1rea de Dallas. Tambi\u00e9n le gusta leer sobre el desarrollo personal, el crecimiento personal y la intersecci\u00f3n entre la espiritualidad y la ciencia, y siente una curiosidad natural por las diferentes culturas, tradiciones y filosof\u00edas.<\/p>\n\n\t\t<\/div>\n\t<\/div>\n<\/div><\/div><\/div><\/div><div class=\"vc_row wpb_row vc_row-fluid\"><div class=\"wpb_column vc_column_container vc_col-sm-12\"><div class=\"vc_column-inner\"><div class=\"wpb_wrapper\"><div id=\"ultimate-heading-312069de5a54cf060\" class=\"uvc-heading ult-adjust-bottom-margin ultimate-heading-312069de5a54cf060 uvc-1869  uvc-heading-default-font-sizes\" data-hspacer=\"no_spacer\"  data-halign=\"center\" style=\"text-align:center\"><div class=\"uvc-heading-spacer no_spacer\" style=\"top\"><\/div><\/div><\/div><\/div><\/div><\/div>\n<\/div>","protected":false},"excerpt":{"rendered":"<p>Sefanit Gebretsadik, MD Principal Investigator \u2013 General Medicine Dr. Gebretsadik was born and raised in Ethiopia, where she completed medical school before moving to the United States. She has practiced in a variety of clinical settings including hospitals, primary care, and long-term care, with her primary experience as a Hospitalist, where she developed a passion&hellip;<\/p>","protected":false},"author":1,"featured_media":0,"parent":523,"menu_order":0,"comment_status":"closed","ping_status":"closed","template":"","meta":{"_monsterinsights_skip_tracking":false,"_monsterinsights_sitenote_active":false,"_monsterinsights_sitenote_note":"","_monsterinsights_sitenote_category":0,"footnotes":""},"class_list":["post-5823","page","type-page","status-publish","hentry","description-off"],"aioseo_notices":[],"_links":{"self":[{"href":"https:\/\/cedarhealthresearch.com\/es\/wp-json\/wp\/v2\/pages\/5823","targetHints":{"allow":["GET"]}}],"collection":[{"href":"https:\/\/cedarhealthresearch.com\/es\/wp-json\/wp\/v2\/pages"}],"about":[{"href":"https:\/\/cedarhealthresearch.com\/es\/wp-json\/wp\/v2\/types\/page"}],"author":[{"embeddable":true,"href":"https:\/\/cedarhealthresearch.com\/es\/wp-json\/wp\/v2\/users\/1"}],"replies":[{"embeddable":true,"href":"https:\/\/cedarhealthresearch.com\/es\/wp-json\/wp\/v2\/comments?post=5823"}],"version-history":[{"count":3,"href":"https:\/\/cedarhealthresearch.com\/es\/wp-json\/wp\/v2\/pages\/5823\/revisions"}],"predecessor-version":[{"id":5826,"href":"https:\/\/cedarhealthresearch.com\/es\/wp-json\/wp\/v2\/pages\/5823\/revisions\/5826"}],"up":[{"embeddable":true,"href":"https:\/\/cedarhealthresearch.com\/es\/wp-json\/wp\/v2\/pages\/523"}],"wp:attachment":[{"href":"https:\/\/cedarhealthresearch.com\/es\/wp-json\/wp\/v2\/media?parent=5823"}],"curies":[{"name":"wp","href":"https:\/\/api.w.org\/{rel}","templated":true}]}}