{"id":5819,"date":"2026-02-12T15:01:17","date_gmt":"2026-02-12T20:01:17","guid":{"rendered":"https:\/\/cedarhealthresearch.com\/?page_id=5819"},"modified":"2026-02-12T15:03:12","modified_gmt":"2026-02-12T20:03:12","slug":"cedric-marionneaux","status":"publish","type":"page","link":"https:\/\/cedarhealthresearch.com\/es\/about-us\/our-team\/cedric-marionneaux\/","title":{"rendered":"Cedric Marionneaux"},"content":{"rendered":"<div class=\"wpb-content-wrapper\"><div class=\"vc_row wpb_row vc_row-fluid\"><div class=\"wpb_column vc_column_container vc_col-sm-12 vc_col-lg-offset-1 vc_col-lg-10 vc_col-md-offset-1 vc_col-md-10\"><div class=\"vc_column-inner\"><div class=\"wpb_wrapper\">\n\t<div class=\"wpb_text_column wpb_content_element\" >\n\t\t<div class=\"wpb_wrapper\">\n\t\t\t<h3>Cedric Marionneaux<\/h3>\n<p><strong><span style=\"color: #999999;\">Director de tecnolog\u00eda<\/span><\/strong><\/p>\n<p><img loading=\"lazy\" decoding=\"async\" class=\"alignleft wp-image-1012 size-medium\" src=\"https:\/\/cedarhealthresearch.com\/wp-content\/uploads\/2026\/02\/Cedric-Marionneaux-200x300-1.jpg\" alt=\"\" width=\"200\" height=\"300\" \/>Con veinticinco a\u00f1os de liderazgo progresivo en TI empresarial, transformaci\u00f3n digital y de IA, ingenier\u00eda y desarrollo de software, ciberseguridad, plataformas de datos y sistemas regulados, Cedric aporta una profunda experiencia en los sectores de la salud, las ciencias de la vida, la fabricaci\u00f3n y la industria aeroespacial y de defensa. Ha ocupado puestos de alta direcci\u00f3n en MKS Instruments, Abbott Laboratories y Medtronic, donde dirigi\u00f3 transformaciones a gran escala en la nube, la modernizaci\u00f3n de aplicaciones empresariales, plataformas de datos e inteligencia artificial y programas globales de ciberseguridad que respaldaban operaciones comerciales, cl\u00ednicas y de investigaci\u00f3n y desarrollo. Al principio de su carrera, Cedric desempe\u00f1\u00f3 funciones de ingenier\u00eda de sistemas, software e ingenier\u00eda integrada en apoyo de programas de defensa de misi\u00f3n cr\u00edtica en Lockheed Martin, Raytheon y Rockwell Collins. Su trabajo abarca constantemente entornos altamente regulados en los que la fiabilidad, la seguridad y la escala son primordiales. A Cedric le apasiona crear equipos de alto rendimiento, aplicar la inteligencia artificial y las tecnolog\u00edas emergentes para resolver problemas complejos del mundo real y asesorar a los futuros l\u00edderes tecnol\u00f3gicos.<\/p>\n<p>Tiene un MBA de la MIT Sloan School of Management, una doble licenciatura en Ingenier\u00eda El\u00e9ctrica e Ingenier\u00eda de Sistemas de la Southern Methodist University y est\u00e1 cursando un doctorado en Ingenier\u00eda de Sistemas en la Texas Tech University.<\/p>\n\n\t\t<\/div>\n\t<\/div>\n<\/div><\/div><\/div><\/div><div class=\"vc_row wpb_row vc_row-fluid\"><div class=\"wpb_column vc_column_container vc_col-sm-12\"><div class=\"vc_column-inner\"><div class=\"wpb_wrapper\"><div id=\"ultimate-heading-613169de5a55771b7\" class=\"uvc-heading ult-adjust-bottom-margin ultimate-heading-613169de5a55771b7 uvc-8318  uvc-heading-default-font-sizes\" data-hspacer=\"no_spacer\"  data-halign=\"center\" style=\"text-align:center\"><div class=\"uvc-heading-spacer no_spacer\" style=\"top\"><\/div><\/div><\/div><\/div><\/div><\/div>\n<\/div>","protected":false},"excerpt":{"rendered":"<p>Cedric Marionneaux Chief Technology Officer With twenty-five years of progressive leadership in enterprise IT, digital and AI transformation, software engineering and development, cybersecurity, data platforms, and regulated systems, Cedric brings deep expertise across healthcare, life sciences, manufacturing, and aerospace and defense. He has held senior leadership positions at MKS Instruments, Abbott Laboratories, and Medtronic, where&hellip;<\/p>","protected":false},"author":1,"featured_media":0,"parent":523,"menu_order":0,"comment_status":"closed","ping_status":"closed","template":"","meta":{"_monsterinsights_skip_tracking":false,"_monsterinsights_sitenote_active":false,"_monsterinsights_sitenote_note":"","_monsterinsights_sitenote_category":0,"footnotes":""},"class_list":["post-5819","page","type-page","status-publish","hentry","description-off"],"aioseo_notices":[],"_links":{"self":[{"href":"https:\/\/cedarhealthresearch.com\/es\/wp-json\/wp\/v2\/pages\/5819","targetHints":{"allow":["GET"]}}],"collection":[{"href":"https:\/\/cedarhealthresearch.com\/es\/wp-json\/wp\/v2\/pages"}],"about":[{"href":"https:\/\/cedarhealthresearch.com\/es\/wp-json\/wp\/v2\/types\/page"}],"author":[{"embeddable":true,"href":"https:\/\/cedarhealthresearch.com\/es\/wp-json\/wp\/v2\/users\/1"}],"replies":[{"embeddable":true,"href":"https:\/\/cedarhealthresearch.com\/es\/wp-json\/wp\/v2\/comments?post=5819"}],"version-history":[{"count":3,"href":"https:\/\/cedarhealthresearch.com\/es\/wp-json\/wp\/v2\/pages\/5819\/revisions"}],"predecessor-version":[{"id":5822,"href":"https:\/\/cedarhealthresearch.com\/es\/wp-json\/wp\/v2\/pages\/5819\/revisions\/5822"}],"up":[{"embeddable":true,"href":"https:\/\/cedarhealthresearch.com\/es\/wp-json\/wp\/v2\/pages\/523"}],"wp:attachment":[{"href":"https:\/\/cedarhealthresearch.com\/es\/wp-json\/wp\/v2\/media?parent=5819"}],"curies":[{"name":"wp","href":"https:\/\/api.w.org\/{rel}","templated":true}]}}