{"id":5760,"date":"2025-10-24T15:50:20","date_gmt":"2025-10-24T20:50:20","guid":{"rendered":"https:\/\/cedarhealthresearch.com\/?page_id=5760"},"modified":"2025-10-24T16:07:32","modified_gmt":"2025-10-24T21:07:32","slug":"abiodun-adefurin","status":"publish","type":"page","link":"https:\/\/cedarhealthresearch.com\/es\/about-us\/our-team\/abiodun-adefurin\/","title":{"rendered":"Abiodun Adefurin, MD, MSc, FACP"},"content":{"rendered":"<div class=\"wpb-content-wrapper\"><div class=\"vc_row wpb_row vc_row-fluid\"><div class=\"wpb_column vc_column_container vc_col-sm-12 vc_col-lg-offset-1 vc_col-lg-10 vc_col-md-offset-1 vc_col-md-10\"><div class=\"vc_column-inner\"><div class=\"wpb_wrapper\">\n\t<div class=\"wpb_text_column wpb_content_element\" >\n\t\t<div class=\"wpb_wrapper\">\n\t\t\t<h3>Abiodun Adefurin, MD, MSc, FACP<\/h3>\n<p><strong><span style=\"color: #999999;\">Investigador principal - Medicina general<\/span><\/strong><\/p>\n<p><img loading=\"lazy\" decoding=\"async\" class=\"alignleft wp-image-659 size-medium\" src=\"https:\/\/cedarhealthresearch.com\/wp-content\/uploads\/2025\/10\/abiodun-adefurin-200x300-1.jpg\" alt=\"\" width=\"200\" height=\"300\" \/>El Dr. Abiodun Adefurin es m\u00e9dico colegiado especializado en Medicina Interna y Farmacolog\u00eda Cl\u00ednica. La carrera m\u00e9dica del Dr. Adefurin se basa en una s\u00f3lida formaci\u00f3n. Realiz\u00f3 la residencia en medicina interna y una beca en farmacolog\u00eda cl\u00ednica. A lo largo de su carrera, el Dr. Adefurin ha estado afiliado a varias instituciones m\u00e9dicas. Ha ocupado puestos en Medicina hospitalaria en varios hospitales de Alabama, Tennessee y Texas. En su pr\u00e1ctica como hospitalista, el Dr. Adefurin se centra en el cuidado de pacientes hospitalizados.<\/p>\n<p>Su experiencia en farmacolog\u00eda cl\u00ednica le proporciona un conocimiento especializado de los efectos de los medicamentos en el cuerpo humano. Tiene una amplia experiencia en la realizaci\u00f3n de m\u00e1s de cien ensayos cl\u00ednicos de fase 1-4 como investigador principal\/subinvestigador en m\u00faltiples \u00e1reas terap\u00e9uticas aplicando sus conocimientos en farmacolog\u00eda cl\u00ednica. Tambi\u00e9n ha contribuido a la literatura m\u00e9dica a trav\u00e9s de sus investigaciones y publicaciones en revistas revisadas por expertos.<\/p>\n<p>Al Dr. Adefurin le gusta el f\u00fatbol, sigue de cerca la Premier League inglesa y sue\u00f1a con una Copa Mundial de F\u00fatbol 2026 en la que Dallas sea sede de algunos partidos. Le gusta viajar y pasar tiempo con la familia y los amigos.<\/p>\n\n\t\t<\/div>\n\t<\/div>\n<\/div><\/div><\/div><\/div><div class=\"vc_row wpb_row vc_row-fluid\"><div class=\"wpb_column vc_column_container vc_col-sm-12\"><div class=\"vc_column-inner\"><div class=\"wpb_wrapper\"><div id=\"ultimate-heading-364869dea8255d1cb\" class=\"uvc-heading ult-adjust-bottom-margin ultimate-heading-364869dea8255d1cb uvc-274  uvc-heading-default-font-sizes\" data-hspacer=\"no_spacer\"  data-halign=\"center\" style=\"text-align:center\"><div class=\"uvc-heading-spacer no_spacer\" style=\"top\"><\/div><\/div><\/div><\/div><\/div><\/div>\n<\/div>","protected":false},"excerpt":{"rendered":"<p>Abiodun Adefurin, doctor en medicina, m\u00e1ster en ciencias, miembro de la FACP Investigador principal \u2013 Medicina general El Dr. Abiodun Adefurin es un m\u00e9dico certificado por la junta especializada en medicina interna y farmacolog\u00eda cl\u00ednica. La carrera m\u00e9dica del Dr. Adefurin se basa en una s\u00f3lida formaci\u00f3n acad\u00e9mica. Complet\u00f3 la residencia en medicina interna y una beca en farmacolog\u00eda cl\u00ednica. A lo largo de su carrera, el Dr. Adefurin ha estado afiliado a...<\/p>","protected":false},"author":1,"featured_media":0,"parent":523,"menu_order":0,"comment_status":"closed","ping_status":"closed","template":"","meta":{"_monsterinsights_skip_tracking":false,"_monsterinsights_sitenote_active":false,"_monsterinsights_sitenote_note":"","_monsterinsights_sitenote_category":0,"footnotes":""},"class_list":["post-5760","page","type-page","status-publish","hentry","description-off"],"aioseo_notices":[],"_links":{"self":[{"href":"https:\/\/cedarhealthresearch.com\/es\/wp-json\/wp\/v2\/pages\/5760","targetHints":{"allow":["GET"]}}],"collection":[{"href":"https:\/\/cedarhealthresearch.com\/es\/wp-json\/wp\/v2\/pages"}],"about":[{"href":"https:\/\/cedarhealthresearch.com\/es\/wp-json\/wp\/v2\/types\/page"}],"author":[{"embeddable":true,"href":"https:\/\/cedarhealthresearch.com\/es\/wp-json\/wp\/v2\/users\/1"}],"replies":[{"embeddable":true,"href":"https:\/\/cedarhealthresearch.com\/es\/wp-json\/wp\/v2\/comments?post=5760"}],"version-history":[{"count":2,"href":"https:\/\/cedarhealthresearch.com\/es\/wp-json\/wp\/v2\/pages\/5760\/revisions"}],"predecessor-version":[{"id":5771,"href":"https:\/\/cedarhealthresearch.com\/es\/wp-json\/wp\/v2\/pages\/5760\/revisions\/5771"}],"up":[{"embeddable":true,"href":"https:\/\/cedarhealthresearch.com\/es\/wp-json\/wp\/v2\/pages\/523"}],"wp:attachment":[{"href":"https:\/\/cedarhealthresearch.com\/es\/wp-json\/wp\/v2\/media?parent=5760"}],"curies":[{"name":"wp","href":"https:\/\/api.w.org\/{rel}","templated":true}]}}