{"id":5754,"date":"2025-10-24T15:47:58","date_gmt":"2025-10-24T20:47:58","guid":{"rendered":"https:\/\/cedarhealthresearch.com\/?page_id=5754"},"modified":"2025-10-24T16:06:39","modified_gmt":"2025-10-24T21:06:39","slug":"olutola-o-adetona","status":"publish","type":"page","link":"https:\/\/cedarhealthresearch.com\/es\/about-us\/our-team\/olutola-o-adetona\/","title":{"rendered":"Olutola O. Adetona, MD, MPH, CPI"},"content":{"rendered":"<div class=\"wpb-content-wrapper\"><div class=\"vc_row wpb_row vc_row-fluid\"><div class=\"wpb_column vc_column_container vc_col-sm-12 vc_col-lg-offset-1 vc_col-lg-10 vc_col-md-offset-1 vc_col-md-10\"><div class=\"vc_column-inner\"><div class=\"wpb_wrapper\">\n\t<div class=\"wpb_text_column wpb_content_element\" >\n\t\t<div class=\"wpb_wrapper\">\n\t\t\t<h3>Olutola O. Adetona, MD, MPH, CPI<\/h3>\n<p><strong><span style=\"color: #999999;\">Investigador principal - Medicina general, Pediatr\u00eda<\/span><\/strong><\/p>\n<p><img loading=\"lazy\" decoding=\"async\" class=\"alignleft wp-image-659 size-medium\" src=\"https:\/\/cedarhealthresearch.com\/wp-content\/uploads\/2025\/10\/olutola-adetona-200x300-1.jpg\" alt=\"\" width=\"200\" height=\"300\" \/>El Dr. Olutola O. Adetona es un pediatra e investigador cl\u00ednico altamente cualificado (Fase I-IV) con una extensa carrera dedicada al avance de la salud infantil y adulta y la educaci\u00f3n m\u00e9dica. Recientemente se desempe\u00f1\u00f3 como vicepresidente\/director m\u00e9dico s\u00e9nior e investigador principal certificado en Elligo Health Research y, antes de ocupar este cargo, fue director m\u00e9dico e investigador principal certificado en Worldwide Clinical Trials Early Phase desde junio de 2023 hasta noviembre de 2024. El Dr. Adetona garantiz\u00f3 el cumplimiento del protocolo y protegi\u00f3 los derechos y el bienestar de los participantes del estudio mientras gestionaba la atenci\u00f3n m\u00e9dica de los sujetos.<\/p>\n<p>Antes de este cargo, el Dr. Adetona fue investigador principal en Benchmark Research en San Antonio, Texas, de 2021 a 2022, y en Tekton Clinical Research tambi\u00e9n en San Antonio, Texas, de 2016 a 2021. Tambi\u00e9n fue propietario y operador de Practical Approach Pediatrics y Pediatric Urgent Care de 2011 a 2021, donde proporcion\u00f3 atenci\u00f3n integral a los pacientes y se dedic\u00f3 a tareas administrativas mientras era mentor de estudiantes.<\/p>\n<p>Su experiencia en medicina de urgencias es s\u00f3lida, habiendo trabajado como m\u00e9dico de urgencias en el Edinburg Children's Hospital, North Central Baptist Hospital, Coastal Bend Emergency Services y Driscoll Children's Hospital en Corpus Christi TX. En estos puestos, fue responsable de la atenci\u00f3n al paciente, las tareas administrativas y la educaci\u00f3n de los estudiantes, lo que demuestra su dedicaci\u00f3n tanto a los resultados de los pacientes como al desarrollo de futuros profesionales de la salud.<\/p>\n<p>El Dr. Adetona comenz\u00f3 su carrera en investigaci\u00f3n cl\u00ednica como investigador principal en Tekton Research, donde se encarg\u00f3 de garantizar el cumplimiento de los protocolos de investigaci\u00f3n y de gestionar los agentes en investigaci\u00f3n.<\/p>\n<p>Licenciado en Medicina y Cirug\u00eda (MBBS) por la Universidad de Ibad\u00e1n (Nigeria), complet\u00f3 su residencia pedi\u00e1trica en el Centro de Ciencias de la Salud de la Universidad de Texas y en el Hospital Infantil Christus Santa Rosa, y ampli\u00f3 su formaci\u00f3n en el Hospital Infantil Driscoll. Obtuvo un M\u00e1ster en Salud P\u00fablica (MPH) en el Centro de Ciencias de la Salud de la Universidad de Texas en Houston en mayo de 2012.<\/p>\n<p>El Dr. Adetona es m\u00e9dico colegiado en Texas y miembro de varias organizaciones profesionales, como la Junta M\u00e9dica de Texas, la Academia Americana de Pediatr\u00eda, la Asociaci\u00f3n M\u00e9dica del Condado de Bexar, la Asociaci\u00f3n Americana de Diabetes, la Asociaci\u00f3n de Profesionales de la Investigaci\u00f3n Cl\u00ednica y la Asociaci\u00f3n M\u00e9dica Mundial. Habla ingl\u00e9s con fluidez y est\u00e1 comprometido con el avance de la medicina pedi\u00e1trica y de adultos a trav\u00e9s de la investigaci\u00f3n, la educaci\u00f3n y la defensa.<\/p>\n<p>Sus contribuciones al campo tambi\u00e9n se reflejan en su participaci\u00f3n en ensayos cl\u00ednicos en una amplia gama de disciplinas y \u00e1reas terap\u00e9uticas, que est\u00e1n disponibles a petici\u00f3n. El Dr. Adetona sigue siendo un dedicado defensor de la salud infantil y adulta, esforz\u00e1ndose por mejorar los resultados de los pacientes y orientar a la pr\u00f3xima generaci\u00f3n de profesionales sanitarios.<\/p>\n\n\t\t<\/div>\n\t<\/div>\n<\/div><\/div><\/div><\/div><div class=\"vc_row wpb_row vc_row-fluid\"><div class=\"wpb_column vc_column_container vc_col-sm-12\"><div class=\"vc_column-inner\"><div class=\"wpb_wrapper\"><div id=\"ultimate-heading-667769de59362a785\" class=\"uvc-heading ult-adjust-bottom-margin ultimate-heading-667769de59362a785 uvc-4979  uvc-heading-default-font-sizes\" data-hspacer=\"no_spacer\"  data-halign=\"center\" style=\"text-align:center\"><div class=\"uvc-heading-spacer no_spacer\" style=\"top\"><\/div><\/div><\/div><\/div><\/div><\/div>\n<\/div>","protected":false},"excerpt":{"rendered":"<p>Olutola O. Adetona, doctor en Medicina, m\u00e1ster en Salud P\u00fablica, investigador principal certificado (CPI) \u2013 Medicina general, pediatr\u00eda El Dr. Olutola O. Adetona es un pediatra y investigador cl\u00ednico (fase I-IV) de gran prestigio, con una dilatada carrera dedicada a promover la salud infantil y adulta y la educaci\u00f3n m\u00e9dica. Recientemente ha ocupado el cargo de vicepresidente, director m\u00e9dico s\u00e9nior e investigador principal certificado en Elligo Health...<\/p>","protected":false},"author":1,"featured_media":0,"parent":523,"menu_order":0,"comment_status":"closed","ping_status":"closed","template":"","meta":{"_monsterinsights_skip_tracking":false,"_monsterinsights_sitenote_active":false,"_monsterinsights_sitenote_note":"","_monsterinsights_sitenote_category":0,"footnotes":""},"class_list":["post-5754","page","type-page","status-publish","hentry","description-off"],"aioseo_notices":[],"_links":{"self":[{"href":"https:\/\/cedarhealthresearch.com\/es\/wp-json\/wp\/v2\/pages\/5754","targetHints":{"allow":["GET"]}}],"collection":[{"href":"https:\/\/cedarhealthresearch.com\/es\/wp-json\/wp\/v2\/pages"}],"about":[{"href":"https:\/\/cedarhealthresearch.com\/es\/wp-json\/wp\/v2\/types\/page"}],"author":[{"embeddable":true,"href":"https:\/\/cedarhealthresearch.com\/es\/wp-json\/wp\/v2\/users\/1"}],"replies":[{"embeddable":true,"href":"https:\/\/cedarhealthresearch.com\/es\/wp-json\/wp\/v2\/comments?post=5754"}],"version-history":[{"count":2,"href":"https:\/\/cedarhealthresearch.com\/es\/wp-json\/wp\/v2\/pages\/5754\/revisions"}],"predecessor-version":[{"id":5769,"href":"https:\/\/cedarhealthresearch.com\/es\/wp-json\/wp\/v2\/pages\/5754\/revisions\/5769"}],"up":[{"embeddable":true,"href":"https:\/\/cedarhealthresearch.com\/es\/wp-json\/wp\/v2\/pages\/523"}],"wp:attachment":[{"href":"https:\/\/cedarhealthresearch.com\/es\/wp-json\/wp\/v2\/media?parent=5754"}],"curies":[{"name":"wp","href":"https:\/\/api.w.org\/{rel}","templated":true}]}}