{"id":5750,"date":"2025-10-24T15:38:38","date_gmt":"2025-10-24T20:38:38","guid":{"rendered":"https:\/\/cedarhealthresearch.com\/?page_id=5750"},"modified":"2025-10-24T16:07:13","modified_gmt":"2025-10-24T21:07:13","slug":"todd-koleszar","status":"publish","type":"page","link":"https:\/\/cedarhealthresearch.com\/es\/about-us\/our-team\/todd-koleszar\/","title":{"rendered":"Todd Koleszar"},"content":{"rendered":"<div class=\"wpb-content-wrapper\"><div class=\"vc_row wpb_row vc_row-fluid\"><div class=\"wpb_column vc_column_container vc_col-sm-12 vc_col-lg-offset-1 vc_col-lg-10 vc_col-md-offset-1 vc_col-md-10\"><div class=\"vc_column-inner\"><div class=\"wpb_wrapper\">\n\t<div class=\"wpb_text_column wpb_content_element\" >\n\t\t<div class=\"wpb_wrapper\">\n\t\t\t<h3>Todd Koleszar<\/h3>\n<p><strong><span style=\"color: #999999;\">Director Financiero<\/span><\/strong><\/p>\n<p><img loading=\"lazy\" decoding=\"async\" class=\"alignleft size-medium wp-image-2357\" src=\"https:\/\/cedarhealthresearch.com\/wp-content\/uploads\/2025\/10\/todd-koleszar-300x200-1.jpg\" alt=\"\" width=\"199\" height=\"300\" \/>Con m\u00e1s de dos d\u00e9cadas de experiencia en finanzas corporativas, Todd Koleszar se ha labrado una distinguida carrera liderando la estrategia financiera, las operaciones de tesorer\u00eda, las fusiones y adquisiciones y la transformaci\u00f3n empresarial en diversos sectores, como la gesti\u00f3n de inversiones, la sanidad, las telecomunicaciones y la industria manufacturera.<\/p>\n<p>Todd ha desempe\u00f1ado altos cargos financieros y de tesorer\u00eda en organizaciones como\u00a0<strong>AT&amp;T, Elara Caring,<\/strong> y\u00a0<strong>Empresa comercial de metales<\/strong>, donde dirigi\u00f3 operaciones financieras a gran escala, implant\u00f3 mejoras en los procesos y aument\u00f3 la eficiencia del capital. Tambi\u00e9n ha desempe\u00f1ado funciones de liderazgo fundamentales en el sector sanitario, dirigiendo la planificaci\u00f3n financiera y el crecimiento estrat\u00e9gico en\u00a0<strong>US Oral Surgery Management y Community Dental Partners<\/strong>.<\/p>\n<p>A lo largo de su carrera, Todd ha sido reconocido por impulsar la mejora operativa, reforzar los resultados financieros y apoyar a las organizaciones en periodos de r\u00e1pida expansi\u00f3n y cambio. Su experiencia abarca las finanzas corporativas, la gesti\u00f3n de tesorer\u00eda y la ejecuci\u00f3n estrat\u00e9gica, bas\u00e1ndose en un enfoque disciplinado y anal\u00edtico que alinea el rigor financiero con la visi\u00f3n empresarial a largo plazo.<\/p>\n\n\t\t<\/div>\n\t<\/div>\n<\/div><\/div><\/div><\/div><div class=\"vc_row wpb_row vc_row-fluid\"><div class=\"wpb_column vc_column_container vc_col-sm-12\"><div class=\"vc_column-inner\"><div class=\"wpb_wrapper\"><div id=\"ultimate-heading-182569df5c47c7814\" class=\"uvc-heading ult-adjust-bottom-margin ultimate-heading-182569df5c47c7814 uvc-5660  uvc-heading-default-font-sizes\" data-hspacer=\"no_spacer\"  data-halign=\"center\" style=\"text-align:center\"><div class=\"uvc-heading-spacer no_spacer\" style=\"top\"><\/div><\/div><\/div><\/div><\/div><\/div>\n<\/div>","protected":false},"excerpt":{"rendered":"<p>Todd Koleszar Director financiero Con m\u00e1s de dos d\u00e9cadas de experiencia en finanzas corporativas, Todd Koleszar ha desarrollado una distinguida carrera liderando estrategias financieras, operaciones de tesorer\u00eda, fusiones y adquisiciones y transformaciones empresariales en una amplia gama de sectores, entre los que se incluyen la gesti\u00f3n de inversiones, la sanidad, las telecomunicaciones y la fabricaci\u00f3n. Todd ha ocupado puestos de responsabilidad en finanzas y tesorer\u00eda en organizaciones como AT&amp;T, Elara...<\/p>","protected":false},"author":1,"featured_media":0,"parent":523,"menu_order":0,"comment_status":"closed","ping_status":"closed","template":"","meta":{"_monsterinsights_skip_tracking":false,"_monsterinsights_sitenote_active":false,"_monsterinsights_sitenote_note":"","_monsterinsights_sitenote_category":0,"footnotes":""},"class_list":["post-5750","page","type-page","status-publish","hentry","description-off"],"aioseo_notices":[],"_links":{"self":[{"href":"https:\/\/cedarhealthresearch.com\/es\/wp-json\/wp\/v2\/pages\/5750","targetHints":{"allow":["GET"]}}],"collection":[{"href":"https:\/\/cedarhealthresearch.com\/es\/wp-json\/wp\/v2\/pages"}],"about":[{"href":"https:\/\/cedarhealthresearch.com\/es\/wp-json\/wp\/v2\/types\/page"}],"author":[{"embeddable":true,"href":"https:\/\/cedarhealthresearch.com\/es\/wp-json\/wp\/v2\/users\/1"}],"replies":[{"embeddable":true,"href":"https:\/\/cedarhealthresearch.com\/es\/wp-json\/wp\/v2\/comments?post=5750"}],"version-history":[{"count":2,"href":"https:\/\/cedarhealthresearch.com\/es\/wp-json\/wp\/v2\/pages\/5750\/revisions"}],"predecessor-version":[{"id":5770,"href":"https:\/\/cedarhealthresearch.com\/es\/wp-json\/wp\/v2\/pages\/5750\/revisions\/5770"}],"up":[{"embeddable":true,"href":"https:\/\/cedarhealthresearch.com\/es\/wp-json\/wp\/v2\/pages\/523"}],"wp:attachment":[{"href":"https:\/\/cedarhealthresearch.com\/es\/wp-json\/wp\/v2\/media?parent=5750"}],"curies":[{"name":"wp","href":"https:\/\/api.w.org\/{rel}","templated":true}]}}