{"id":5667,"date":"2025-09-12T09:24:04","date_gmt":"2025-09-12T14:24:04","guid":{"rendered":"https:\/\/cedarhealthresearch.com\/?page_id=5667"},"modified":"2025-09-12T09:56:18","modified_gmt":"2025-09-12T14:56:18","slug":"testimonios","status":"publish","type":"page","link":"https:\/\/cedarhealthresearch.com\/es\/about-us\/testimonials\/","title":{"rendered":"Testimonios"},"content":{"rendered":"<div class=\"wpb-content-wrapper\"><div class=\"vc_row wpb_row vc_row-fluid\"><div class=\"wpb_column vc_column_container vc_col-sm-6\"><div class=\"vc_column-inner\"><div class=\"wpb_wrapper\">\n\t<div  class=\"wpb_single_image wpb_content_element vc_align_center\">\n\t\t\n\t\t<figure class=\"wpb_wrapper vc_figure\">\n\t\t\t<div class=\"vc_single_image-wrapper   vc_box_border_grey\"><img loading=\"lazy\" decoding=\"async\" width=\"800\" height=\"992\" src=\"https:\/\/cedarhealthresearch.com\/wp-content\/uploads\/2025\/09\/testimonial-9.jpg\" class=\"vc_single_image-img attachment-full\" alt=\"\" title=\"testimonio-9\" srcset=\"https:\/\/cedarhealthresearch.com\/wp-content\/uploads\/2025\/09\/testimonial-9.jpg 800w, https:\/\/cedarhealthresearch.com\/wp-content\/uploads\/2025\/09\/testimonial-9-242x300.jpg 242w, https:\/\/cedarhealthresearch.com\/wp-content\/uploads\/2025\/09\/testimonial-9-768x952.jpg 768w, https:\/\/cedarhealthresearch.com\/wp-content\/uploads\/2025\/09\/testimonial-9-10x12.jpg 10w\" sizes=\"auto, (max-width: 800px) 100vw, 800px\"  data-dt-location=\"https:\/\/cedarhealthresearch.com\/es\/about-us\/testimonials\/testimonial-9\/\" \/><\/div>\n\t\t<\/figure>\n\t<\/div>\n<div id=\"ultimate-heading-562069d7768ae1b3f\" class=\"uvc-heading ult-adjust-bottom-margin ultimate-heading-562069d7768ae1b3f uvc-2378  uvc-heading-default-font-sizes\" data-hspacer=\"no_spacer\"  data-halign=\"left\" style=\"text-align:left\"><div class=\"uvc-heading-spacer no_spacer\" style=\"top\"><\/div><div class=\"uvc-sub-heading ult-responsive\"  data-ultimate-target='.uvc-heading.ultimate-heading-562069d7768ae1b3f .uvc-sub-heading '  data-responsive-json-new='{\"font-size\":\"desktop:21px;\",\"line-height\":\"\"}'  style=\"font-weight:normal;\"><em>\u201cNunca antes hab\u00eda hecho ensayos cl\u00ednicos y estaba muy ansiosa durante la selecci\u00f3n, pero despu\u00e9s de hablar con el equipo y el personal para que me explicaran a fondo el estudio. Me siento m\u00e1s aliviada y c\u00f3moda y estoy contenta de formar parte de \u00e9l. Una peque\u00f1a muestra y gracias por ayudarme durante el proceso\u201d.\u201d<\/em><\/div><\/div><\/div><\/div><\/div><div class=\"wpb_column vc_column_container vc_col-sm-6\"><div class=\"vc_column-inner\"><div class=\"wpb_wrapper\">\n\t<div  class=\"wpb_single_image wpb_content_element vc_align_center\">\n\t\t\n\t\t<figure class=\"wpb_wrapper vc_figure\">\n\t\t\t<div class=\"vc_single_image-wrapper   vc_box_border_grey\"><img loading=\"lazy\" decoding=\"async\" width=\"800\" height=\"992\" src=\"https:\/\/cedarhealthresearch.com\/wp-content\/uploads\/2025\/09\/testimonial-8.jpg\" class=\"vc_single_image-img attachment-full\" alt=\"\" title=\"testimonio-8\" srcset=\"https:\/\/cedarhealthresearch.com\/wp-content\/uploads\/2025\/09\/testimonial-8.jpg 800w, https:\/\/cedarhealthresearch.com\/wp-content\/uploads\/2025\/09\/testimonial-8-242x300.jpg 242w, https:\/\/cedarhealthresearch.com\/wp-content\/uploads\/2025\/09\/testimonial-8-768x952.jpg 768w, https:\/\/cedarhealthresearch.com\/wp-content\/uploads\/2025\/09\/testimonial-8-10x12.jpg 10w\" sizes=\"auto, (max-width: 800px) 100vw, 800px\"  data-dt-location=\"https:\/\/cedarhealthresearch.com\/es\/about-us\/testimonials\/testimonial-8\/\" \/><\/div>\n\t\t<\/figure>\n\t<\/div>\n<div id=\"ultimate-heading-567269d7768ae1f04\" class=\"uvc-heading ult-adjust-bottom-margin ultimate-heading-567269d7768ae1f04 uvc-9987  uvc-heading-default-font-sizes\" data-hspacer=\"no_spacer\"  data-halign=\"left\" style=\"text-align:left\"><div class=\"uvc-heading-spacer no_spacer\" style=\"top\"><\/div><div class=\"uvc-sub-heading ult-responsive\"  data-ultimate-target='.uvc-heading.ultimate-heading-567269d7768ae1f04 .uvc-sub-heading '  data-responsive-json-new='{\"font-size\":\"desktop:21px;\",\"line-height\":\"\"}'  style=\"font-weight:normal;\">Tuvimos el placer de recibir el sincero agradecimiento de uno de nuestros participantes con Alzheimer.<\/p>\n<p>Nuestra s\u00fabdita nos trajo felicitaciones escritas a mano y l\u00e1minas de colores y comparti\u00f3 con nosotros su experiencia positiva, lo que es un testimonio de la dedicaci\u00f3n y el duro trabajo de todo nuestro equipo.<\/div><\/div><\/div><\/div><\/div><\/div>\n<\/div>","protected":false},"excerpt":{"rendered":"<p>\u201cNunca antes hab\u00eda participado en ensayos cl\u00ednicos y estaba muy nerviosa durante la selecci\u00f3n, pero despu\u00e9s de hablar con el equipo y el personal, que me explicaron detalladamente el estudio, me siento m\u00e1s tranquila y c\u00f3moda, y estoy contenta de formar parte de \u00e9l. Un peque\u00f1o detalle y mi agradecimiento por su ayuda durante el proceso\u201d. Tuvimos el...<\/p>","protected":false},"author":1,"featured_media":0,"parent":267,"menu_order":0,"comment_status":"closed","ping_status":"closed","template":"","meta":{"_monsterinsights_skip_tracking":false,"_monsterinsights_sitenote_active":false,"_monsterinsights_sitenote_note":"","_monsterinsights_sitenote_category":0,"footnotes":""},"class_list":["post-5667","page","type-page","status-publish","hentry","description-off"],"aioseo_notices":[],"_links":{"self":[{"href":"https:\/\/cedarhealthresearch.com\/es\/wp-json\/wp\/v2\/pages\/5667","targetHints":{"allow":["GET"]}}],"collection":[{"href":"https:\/\/cedarhealthresearch.com\/es\/wp-json\/wp\/v2\/pages"}],"about":[{"href":"https:\/\/cedarhealthresearch.com\/es\/wp-json\/wp\/v2\/types\/page"}],"author":[{"embeddable":true,"href":"https:\/\/cedarhealthresearch.com\/es\/wp-json\/wp\/v2\/users\/1"}],"replies":[{"embeddable":true,"href":"https:\/\/cedarhealthresearch.com\/es\/wp-json\/wp\/v2\/comments?post=5667"}],"version-history":[{"count":9,"href":"https:\/\/cedarhealthresearch.com\/es\/wp-json\/wp\/v2\/pages\/5667\/revisions"}],"predecessor-version":[{"id":5684,"href":"https:\/\/cedarhealthresearch.com\/es\/wp-json\/wp\/v2\/pages\/5667\/revisions\/5684"}],"up":[{"embeddable":true,"href":"https:\/\/cedarhealthresearch.com\/es\/wp-json\/wp\/v2\/pages\/267"}],"wp:attachment":[{"href":"https:\/\/cedarhealthresearch.com\/es\/wp-json\/wp\/v2\/media?parent=5667"}],"curies":[{"name":"wp","href":"https:\/\/api.w.org\/{rel}","templated":true}]}}