{"id":5664,"date":"2025-09-12T09:12:20","date_gmt":"2025-09-12T14:12:20","guid":{"rendered":"https:\/\/cedarhealthresearch.com\/?page_id=5664"},"modified":"2025-10-24T15:24:14","modified_gmt":"2025-10-24T20:24:14","slug":"chad-hooper","status":"publish","type":"page","link":"https:\/\/cedarhealthresearch.com\/es\/about-us\/our-team\/chad-hooper\/","title":{"rendered":"Chad Hooper"},"content":{"rendered":"<div class=\"wpb-content-wrapper\"><div class=\"vc_row wpb_row vc_row-fluid\"><div class=\"wpb_column vc_column_container vc_col-sm-12 vc_col-lg-offset-1 vc_col-lg-10 vc_col-md-offset-1 vc_col-md-10\"><div class=\"vc_column-inner\"><div class=\"wpb_wrapper\">\n\t<div class=\"wpb_text_column wpb_content_element\" >\n\t\t<div class=\"wpb_wrapper\">\n\t\t\t<h3>Chad Hooper<\/h3>\n<p><img loading=\"lazy\" decoding=\"async\" class=\"alignleft size-medium wp-image-2357\" src=\"https:\/\/cedarhealthresearch.com\/wp-content\/uploads\/2025\/09\/chad-hooper-200x300-1.jpg\" alt=\"\" width=\"199\" height=\"300\" \/>Chad Hooper trabaja actualmente como socio operativo en Biospring Partners, especializado en apoyar estrategias de crecimiento en empresas de servicios farmac\u00e9uticos. En Biospring, el Sr. Hooper ha apoyado a otras empresas de cartera, incluida Kiniciti, que ofrece servicios de fabricaci\u00f3n de iPSC, donde fue vicepresidente de Desarrollo Corporativo.<\/p>\n<p>El Sr. Hooper ha pasado la \u00faltima d\u00e9cada apoyando a empresas de servicios farmac\u00e9uticos l\u00edderes en la industria, centr\u00e1ndose en actividades de desarrollo corporativo, incluyendo la direcci\u00f3n de fusiones y adquisiciones e inversiones, impulsando asociaciones y estableciendo y ejecutando estrategias de crecimiento plurianuales. M\u00e1s recientemente, el Sr. Hooper trabaj\u00f3 en el grupo de investigaci\u00f3n cl\u00ednica de Thermo Fisher Scientific como Vicepresidente de Desarrollo Corporativo y Estrategia, incorpor\u00e1ndose a ese negocio como parte de la adquisici\u00f3n de PPD Inc, una organizaci\u00f3n l\u00edder en investigaci\u00f3n cl\u00ednica (CRO). Antes de PPD, Chad desempe\u00f1\u00f3 un cargo similar en Patheon Inc, una CDMO l\u00edder mundial.<\/p>\n<p>Chad es licenciado por la Universidad de Carolina del Norte en Chapel Hill y comenz\u00f3 su carrera en banca de inversi\u00f3n en Truist (antes SunTrust Robinson Humphrey) y Piper Sandler (antes Edgeview Partners).<\/p>\n\n\t\t<\/div>\n\t<\/div>\n<\/div><\/div><\/div><\/div><div class=\"vc_row wpb_row vc_row-fluid\"><div class=\"wpb_column vc_column_container vc_col-sm-12\"><div class=\"vc_column-inner\"><div class=\"wpb_wrapper\"><div id=\"ultimate-heading-585169d61540bacf1\" class=\"uvc-heading ult-adjust-bottom-margin ultimate-heading-585169d61540bacf1 uvc-8334  uvc-heading-default-font-sizes\" data-hspacer=\"no_spacer\"  data-halign=\"center\" style=\"text-align:center\"><div class=\"uvc-heading-spacer no_spacer\" style=\"top\"><\/div><\/div><\/div><\/div><\/div><\/div>\n<\/div>","protected":false},"excerpt":{"rendered":"<p>Chad Hooper Chad Hooper ocupa actualmente el cargo de socio operativo en Biospring Partners, donde se especializa en apoyar estrategias de crecimiento en empresas de servicios farmac\u00e9uticos. En Biospring, el Sr. Hooper ha prestado apoyo a otras empresas de la cartera, entre ellas Kiniciti, que ofrece servicios de fabricaci\u00f3n de c\u00e9lulas madre pluripotentes inducidas (iPSC), donde ocup\u00f3 el cargo de vicepresidente de Desarrollo Corporativo. El Sr. Hooper ha dedicado la \u00faltima d\u00e9cada a apoyar a empresas farmac\u00e9uticas l\u00edderes en el sector...<\/p>","protected":false},"author":1,"featured_media":0,"parent":523,"menu_order":0,"comment_status":"closed","ping_status":"closed","template":"","meta":{"_monsterinsights_skip_tracking":false,"_monsterinsights_sitenote_active":false,"_monsterinsights_sitenote_note":"","_monsterinsights_sitenote_category":0,"footnotes":""},"class_list":["post-5664","page","type-page","status-publish","hentry","description-off"],"aioseo_notices":[],"_links":{"self":[{"href":"https:\/\/cedarhealthresearch.com\/es\/wp-json\/wp\/v2\/pages\/5664","targetHints":{"allow":["GET"]}}],"collection":[{"href":"https:\/\/cedarhealthresearch.com\/es\/wp-json\/wp\/v2\/pages"}],"about":[{"href":"https:\/\/cedarhealthresearch.com\/es\/wp-json\/wp\/v2\/types\/page"}],"author":[{"embeddable":true,"href":"https:\/\/cedarhealthresearch.com\/es\/wp-json\/wp\/v2\/users\/1"}],"replies":[{"embeddable":true,"href":"https:\/\/cedarhealthresearch.com\/es\/wp-json\/wp\/v2\/comments?post=5664"}],"version-history":[{"count":3,"href":"https:\/\/cedarhealthresearch.com\/es\/wp-json\/wp\/v2\/pages\/5664\/revisions"}],"predecessor-version":[{"id":5734,"href":"https:\/\/cedarhealthresearch.com\/es\/wp-json\/wp\/v2\/pages\/5664\/revisions\/5734"}],"up":[{"embeddable":true,"href":"https:\/\/cedarhealthresearch.com\/es\/wp-json\/wp\/v2\/pages\/523"}],"wp:attachment":[{"href":"https:\/\/cedarhealthresearch.com\/es\/wp-json\/wp\/v2\/media?parent=5664"}],"curies":[{"name":"wp","href":"https:\/\/api.w.org\/{rel}","templated":true}]}}