{"id":5662,"date":"2025-09-12T09:10:20","date_gmt":"2025-09-12T14:10:20","guid":{"rendered":"https:\/\/cedarhealthresearch.com\/?page_id=5662"},"modified":"2025-09-12T09:10:20","modified_gmt":"2025-09-12T14:10:20","slug":"lisa-opoku","status":"publish","type":"page","link":"https:\/\/cedarhealthresearch.com\/es\/about-us\/our-team\/lisa-opoku\/","title":{"rendered":"Lisa Opoku"},"content":{"rendered":"<div class=\"wpb-content-wrapper\"><div class=\"vc_row wpb_row vc_row-fluid\"><div class=\"wpb_column vc_column_container vc_col-sm-12 vc_col-lg-offset-1 vc_col-lg-10 vc_col-md-offset-1 vc_col-md-10\"><div class=\"vc_column-inner\"><div class=\"wpb_wrapper\">\n\t<div class=\"wpb_text_column wpb_content_element\" >\n\t\t<div class=\"wpb_wrapper\">\n\t\t\t<h3>Lisa Opoku<\/h3>\n<p><img loading=\"lazy\" decoding=\"async\" class=\"alignleft size-medium wp-image-2357\" src=\"https:\/\/cedarhealthresearch.com\/wp-content\/uploads\/2025\/09\/lisa-opoku-200x300-1.jpg\" alt=\"\" width=\"199\" height=\"300\" \/>Lisa Opoku es Directora de Operaciones de Future Standard. Sus responsabilidades incluyen la supervisi\u00f3n de los equipos de Operaciones, Tecnolog\u00eda, Infraestructura y Recursos Humanos de la empresa, as\u00ed como la colaboraci\u00f3n con otros l\u00edderes en iniciativas estrat\u00e9gicas de alta prioridad para mejorar la eficiencia operativa e impulsar el crecimiento.<\/p>\n<p>La Sra. Opoku cuenta con m\u00e1s de 30 a\u00f1os de experiencia en servicios financieros y jur\u00eddicos, incluidos m\u00e1s de 20 a\u00f1os en Goldman Sachs. Recientemente ocup\u00f3 el cargo de Directora Global de la Goldman Sachs Partner Family Office en la Divisi\u00f3n de Gesti\u00f3n de Activos y Gesti\u00f3n Patrimonial de la firma. Lisa fue nombrada socia de Goldman Sachs en 2012 y ocup\u00f3 varios puestos de liderazgo durante su permanencia en la firma, incluido el de Directora de Operaciones para cada una de las Divisiones de Ingenier\u00eda, Valores de Asia Pac\u00edfico y Negociaci\u00f3n y Sindicaciones de Pr\u00e9stamos Bancarios FICC.<\/p>\n<p>Se licenci\u00f3 en Filosof\u00eda y Letras, summa cum laude, por la Universidad de Minnesota, y se doctor\u00f3 en Derecho por la Facultad de Derecho de Harvard.<\/p>\n<p>En la actualidad, Opoku forma parte del consejo de administraci\u00f3n del Instituto Mount Sinai de Investigaci\u00f3n sobre Equidad Sanitaria y del consejo de administraci\u00f3n de la Universidad de Minnesota.<\/p>\n\n\t\t<\/div>\n\t<\/div>\n<\/div><\/div><\/div><\/div><div class=\"vc_row wpb_row vc_row-fluid\"><div class=\"wpb_column vc_column_container vc_col-sm-12\"><div class=\"vc_column-inner\"><div class=\"wpb_wrapper\"><div id=\"ultimate-heading-265669de593ec345f\" class=\"uvc-heading ult-adjust-bottom-margin ultimate-heading-265669de593ec345f uvc-3697  uvc-heading-default-font-sizes\" data-hspacer=\"no_spacer\"  data-halign=\"center\" style=\"text-align:center\"><div class=\"uvc-heading-spacer no_spacer\" style=\"top\"><\/div><\/div><\/div><\/div><\/div><\/div>\n<\/div>","protected":false},"excerpt":{"rendered":"<p>Lisa Opoku Lisa Opoku es directora de operaciones de Future Standard. Sus responsabilidades incluyen la supervisi\u00f3n de los equipos de operaciones, tecnolog\u00eda, infraestructura y recursos humanos de la empresa, as\u00ed como la colaboraci\u00f3n con otros l\u00edderes en iniciativas estrat\u00e9gicas de alta prioridad para mejorar la eficiencia operativa e impulsar el crecimiento. La Sra. Opoku cuenta con m\u00e1s de 30 a\u00f1os de experiencia en servicios financieros y...<\/p>","protected":false},"author":1,"featured_media":0,"parent":523,"menu_order":0,"comment_status":"closed","ping_status":"closed","template":"","meta":{"_monsterinsights_skip_tracking":false,"_monsterinsights_sitenote_active":false,"_monsterinsights_sitenote_note":"","_monsterinsights_sitenote_category":0,"footnotes":""},"class_list":["post-5662","page","type-page","status-publish","hentry","description-off"],"aioseo_notices":[],"_links":{"self":[{"href":"https:\/\/cedarhealthresearch.com\/es\/wp-json\/wp\/v2\/pages\/5662","targetHints":{"allow":["GET"]}}],"collection":[{"href":"https:\/\/cedarhealthresearch.com\/es\/wp-json\/wp\/v2\/pages"}],"about":[{"href":"https:\/\/cedarhealthresearch.com\/es\/wp-json\/wp\/v2\/types\/page"}],"author":[{"embeddable":true,"href":"https:\/\/cedarhealthresearch.com\/es\/wp-json\/wp\/v2\/users\/1"}],"replies":[{"embeddable":true,"href":"https:\/\/cedarhealthresearch.com\/es\/wp-json\/wp\/v2\/comments?post=5662"}],"version-history":[{"count":1,"href":"https:\/\/cedarhealthresearch.com\/es\/wp-json\/wp\/v2\/pages\/5662\/revisions"}],"predecessor-version":[{"id":5663,"href":"https:\/\/cedarhealthresearch.com\/es\/wp-json\/wp\/v2\/pages\/5662\/revisions\/5663"}],"up":[{"embeddable":true,"href":"https:\/\/cedarhealthresearch.com\/es\/wp-json\/wp\/v2\/pages\/523"}],"wp:attachment":[{"href":"https:\/\/cedarhealthresearch.com\/es\/wp-json\/wp\/v2\/media?parent=5662"}],"curies":[{"name":"wp","href":"https:\/\/api.w.org\/{rel}","templated":true}]}}