{"id":5660,"date":"2025-09-12T09:07:52","date_gmt":"2025-09-12T14:07:52","guid":{"rendered":"https:\/\/cedarhealthresearch.com\/?page_id=5660"},"modified":"2025-10-24T16:10:16","modified_gmt":"2025-10-24T21:10:16","slug":"jennifer-ribbron","status":"publish","type":"page","link":"https:\/\/cedarhealthresearch.com\/es\/about-us\/our-team\/jennifer-ribbron\/","title":{"rendered":"Jennifer Ribbron"},"content":{"rendered":"<div class=\"wpb-content-wrapper\"><div class=\"vc_row wpb_row vc_row-fluid\"><div class=\"wpb_column vc_column_container vc_col-sm-12 vc_col-lg-offset-1 vc_col-lg-10 vc_col-md-offset-1 vc_col-md-10\"><div class=\"vc_column-inner\"><div class=\"wpb_wrapper\">\n\t<div class=\"wpb_text_column wpb_content_element\" >\n\t\t<div class=\"wpb_wrapper\">\n\t\t\t<h3>Jennifer Ribbron, MSN, MBAHM, RN, PMP<\/h3>\n<p>Vicepresidente y Jefe de la Oficina de Gesti\u00f3n de Proyectos<\/p>\n<p><img loading=\"lazy\" decoding=\"async\" class=\"alignleft size-medium wp-image-2357\" src=\"https:\/\/cedarhealthresearch.com\/wp-content\/uploads\/2025\/09\/jennifer-ribbron-200x300-1.jpg\" alt=\"\" width=\"199\" height=\"300\" \/>Jenn, Directora Ejecutiva de Inform\u00e1tica M\u00e9dica y Gesti\u00f3n de Proyectos, cuenta con m\u00e1s de 19 a\u00f1os de experiencia en atenci\u00f3n sanitaria, nueve de ellos en atenci\u00f3n directa al paciente. Est\u00e1 especializada en inform\u00e1tica cl\u00ednica y normativa, atenci\u00f3n basada en el valor, seguridad del paciente, mejora de la calidad, salud p\u00fablica y gesti\u00f3n de proyectos. En Cedar, gestiona la Oficina de Gesti\u00f3n de Proyectos (PMO) y dirige la Oficina de Inform\u00e1tica, utilizando la IA para obtener informaci\u00f3n pr\u00e1ctica para las poblaciones de pacientes.<\/p>\n<p>Jenn es una l\u00edder contrastada que destaca en la creaci\u00f3n de procesos, la direcci\u00f3n de equipos de alto rendimiento y la creaci\u00f3n de asociaciones innovadoras para obtener resultados. Defiende la inform\u00e1tica como un bien p\u00fablico, desarrollando soluciones para mejorar los resultados de la atenci\u00f3n. Sus logros incluyen el dise\u00f1o de programas de atenci\u00f3n basados en el valor para MIPS y HEDIS, el cierre de brechas de atenci\u00f3n y el establecimiento\/revitalizaci\u00f3n de cl\u00ednicas ambulatorias.<br \/>\nJenn posee una licencia activa de enfermera diplomada (NLC), un m\u00e1ster en inform\u00e1tica de enfermer\u00eda, un m\u00e1ster en gesti\u00f3n sanitaria, una licenciatura en enfermer\u00eda (BSN), una diplomatura en enfermer\u00eda (ASN) y est\u00e1 certificada como profesional de gesti\u00f3n de proyectos (PMP).<\/p>\n\n\t\t<\/div>\n\t<\/div>\n<\/div><\/div><\/div><\/div><div class=\"vc_row wpb_row vc_row-fluid\"><div class=\"wpb_column vc_column_container vc_col-sm-12\"><div class=\"vc_column-inner\"><div class=\"wpb_wrapper\"><div id=\"ultimate-heading-651969de5a54cf057\" class=\"uvc-heading ult-adjust-bottom-margin ultimate-heading-651969de5a54cf057 uvc-859  uvc-heading-default-font-sizes\" data-hspacer=\"no_spacer\"  data-halign=\"center\" style=\"text-align:center\"><div class=\"uvc-heading-spacer no_spacer\" style=\"top\"><\/div><\/div><\/div><\/div><\/div><\/div>\n<\/div>","protected":false},"excerpt":{"rendered":"<p>Jennifer Ribbron, MSN, MBAHM, RN, PMP Vicepresidenta y directora de la Oficina de Gesti\u00f3n de Proyectos Jenn, directora ejecutiva de Inform\u00e1tica M\u00e9dica y Gesti\u00f3n de Proyectos, cuenta con m\u00e1s de 19 a\u00f1os de experiencia en el sector sanitario, incluidos nueve a\u00f1os en la atenci\u00f3n directa al paciente. Est\u00e1 especializada en inform\u00e1tica cl\u00ednica y normativa, atenci\u00f3n basada en el valor, seguridad del paciente, mejora de la calidad, salud p\u00fablica y proyectos...<\/p>","protected":false},"author":1,"featured_media":0,"parent":523,"menu_order":0,"comment_status":"closed","ping_status":"closed","template":"","meta":{"_monsterinsights_skip_tracking":false,"_monsterinsights_sitenote_active":false,"_monsterinsights_sitenote_note":"","_monsterinsights_sitenote_category":0,"footnotes":""},"class_list":["post-5660","page","type-page","status-publish","hentry","description-off"],"aioseo_notices":[],"_links":{"self":[{"href":"https:\/\/cedarhealthresearch.com\/es\/wp-json\/wp\/v2\/pages\/5660","targetHints":{"allow":["GET"]}}],"collection":[{"href":"https:\/\/cedarhealthresearch.com\/es\/wp-json\/wp\/v2\/pages"}],"about":[{"href":"https:\/\/cedarhealthresearch.com\/es\/wp-json\/wp\/v2\/types\/page"}],"author":[{"embeddable":true,"href":"https:\/\/cedarhealthresearch.com\/es\/wp-json\/wp\/v2\/users\/1"}],"replies":[{"embeddable":true,"href":"https:\/\/cedarhealthresearch.com\/es\/wp-json\/wp\/v2\/comments?post=5660"}],"version-history":[{"count":2,"href":"https:\/\/cedarhealthresearch.com\/es\/wp-json\/wp\/v2\/pages\/5660\/revisions"}],"predecessor-version":[{"id":5773,"href":"https:\/\/cedarhealthresearch.com\/es\/wp-json\/wp\/v2\/pages\/5660\/revisions\/5773"}],"up":[{"embeddable":true,"href":"https:\/\/cedarhealthresearch.com\/es\/wp-json\/wp\/v2\/pages\/523"}],"wp:attachment":[{"href":"https:\/\/cedarhealthresearch.com\/es\/wp-json\/wp\/v2\/media?parent=5660"}],"curies":[{"name":"wp","href":"https:\/\/api.w.org\/{rel}","templated":true}]}}