{"id":5658,"date":"2025-09-12T09:05:36","date_gmt":"2025-09-12T14:05:36","guid":{"rendered":"https:\/\/cedarhealthresearch.com\/?page_id=5658"},"modified":"2025-09-12T09:05:36","modified_gmt":"2025-09-12T14:05:36","slug":"stephanie-scalfaro","status":"publish","type":"page","link":"https:\/\/cedarhealthresearch.com\/es\/about-us\/our-team\/stephanie-scalfaro\/","title":{"rendered":"Stephanie Scalfaro"},"content":{"rendered":"<div class=\"wpb-content-wrapper\"><div class=\"vc_row wpb_row vc_row-fluid\"><div class=\"wpb_column vc_column_container vc_col-sm-12 vc_col-lg-offset-1 vc_col-lg-10 vc_col-md-offset-1 vc_col-md-10\"><div class=\"vc_column-inner\"><div class=\"wpb_wrapper\">\n\t<div class=\"wpb_text_column wpb_content_element\" >\n\t\t<div class=\"wpb_wrapper\">\n\t\t\t<h3>Stephanie Scalfaro, MBA<\/h3>\n<p>Director Ejecutivo de Desarrollo Empresarial<\/p>\n<p><img loading=\"lazy\" decoding=\"async\" class=\"alignleft size-medium wp-image-2357\" src=\"https:\/\/cedarhealthresearch.com\/wp-content\/uploads\/2025\/09\/stephanie-scalfaro-200x300-1.jpg\" alt=\"\" width=\"199\" height=\"300\" \/>Stephanie es la Directora Ejecutiva de Desarrollo Empresarial, reconocida por su experiencia en la creaci\u00f3n de alianzas estrat\u00e9gicas y el impulso de la innovaci\u00f3n en los sectores sanitario y farmac\u00e9utico. Con una visi\u00f3n estrat\u00e9gica y una pasi\u00f3n por la innovaci\u00f3n, tiene una trayectoria excepcional en el cultivo de alianzas de alto impacto y la optimizaci\u00f3n de estrategias de cartera. En Pfizer, Stephanie encabez\u00f3 iniciativas interfuncionales que reforzaron las asociaciones para acelerar el reclutamiento de ensayos cl\u00ednicos y dirigi\u00f3 las finanzas y la gobernanza de la cartera de tecnolog\u00eda de ensayos cl\u00ednicos. Como l\u00edder clave en el Walmart Healthcare Research Institute, dirigi\u00f3 los esfuerzos de desarrollo empresarial, fomentando colaboraciones que impulsaron la accesibilidad a la atenci\u00f3n sanitaria y la innovaci\u00f3n en la investigaci\u00f3n.<\/p>\n<p>L\u00edder din\u00e1mica y orientada a los resultados, Stephanie combina una profunda experiencia en el sector con un enfoque colaborativo para ofrecer resultados cuantificables. Su capacidad para desenvolverse en entornos complejos y alinear los objetivos empresariales con las necesidades del mercado le han valido el reconocimiento como socia y estratega de confianza. Stephanie es licenciada en Finanzas y posee un MBA por la Universidad de Fordham, donde perfeccion\u00f3 su perspicacia anal\u00edtica y sus dotes de liderazgo.<\/p>\n\n\t\t<\/div>\n\t<\/div>\n<\/div><\/div><\/div><\/div><div class=\"vc_row wpb_row vc_row-fluid\"><div class=\"wpb_column vc_column_container vc_col-sm-12\"><div class=\"vc_column-inner\"><div class=\"wpb_wrapper\"><div id=\"ultimate-heading-961369de58de7b14c\" class=\"uvc-heading ult-adjust-bottom-margin ultimate-heading-961369de58de7b14c uvc-4703  uvc-heading-default-font-sizes\" data-hspacer=\"no_spacer\"  data-halign=\"center\" style=\"text-align:center\"><div class=\"uvc-heading-spacer no_spacer\" style=\"top\"><\/div><\/div><\/div><\/div><\/div><\/div>\n<\/div>","protected":false},"excerpt":{"rendered":"<p>Stephanie Scalfaro, MBA Directora ejecutiva de Desarrollo Empresarial Stephanie es la directora ejecutiva de Desarrollo Empresarial, reconocida por su experiencia en la creaci\u00f3n de alianzas estrat\u00e9gicas y el impulso de la innovaci\u00f3n en los sectores sanitario y farmac\u00e9utico. Con una visi\u00f3n estrat\u00e9gica y una pasi\u00f3n por la innovaci\u00f3n, cuenta con un historial excepcional en el fomento de alianzas de gran impacto y la optimizaci\u00f3n de carteras...<\/p>","protected":false},"author":1,"featured_media":0,"parent":523,"menu_order":0,"comment_status":"closed","ping_status":"closed","template":"","meta":{"_monsterinsights_skip_tracking":false,"_monsterinsights_sitenote_active":false,"_monsterinsights_sitenote_note":"","_monsterinsights_sitenote_category":0,"footnotes":""},"class_list":["post-5658","page","type-page","status-publish","hentry","description-off"],"aioseo_notices":[],"_links":{"self":[{"href":"https:\/\/cedarhealthresearch.com\/es\/wp-json\/wp\/v2\/pages\/5658","targetHints":{"allow":["GET"]}}],"collection":[{"href":"https:\/\/cedarhealthresearch.com\/es\/wp-json\/wp\/v2\/pages"}],"about":[{"href":"https:\/\/cedarhealthresearch.com\/es\/wp-json\/wp\/v2\/types\/page"}],"author":[{"embeddable":true,"href":"https:\/\/cedarhealthresearch.com\/es\/wp-json\/wp\/v2\/users\/1"}],"replies":[{"embeddable":true,"href":"https:\/\/cedarhealthresearch.com\/es\/wp-json\/wp\/v2\/comments?post=5658"}],"version-history":[{"count":1,"href":"https:\/\/cedarhealthresearch.com\/es\/wp-json\/wp\/v2\/pages\/5658\/revisions"}],"predecessor-version":[{"id":5659,"href":"https:\/\/cedarhealthresearch.com\/es\/wp-json\/wp\/v2\/pages\/5658\/revisions\/5659"}],"up":[{"embeddable":true,"href":"https:\/\/cedarhealthresearch.com\/es\/wp-json\/wp\/v2\/pages\/523"}],"wp:attachment":[{"href":"https:\/\/cedarhealthresearch.com\/es\/wp-json\/wp\/v2\/media?parent=5658"}],"curies":[{"name":"wp","href":"https:\/\/api.w.org\/{rel}","templated":true}]}}