{"id":5532,"date":"2025-03-07T15:18:46","date_gmt":"2025-03-07T20:18:46","guid":{"rendered":"https:\/\/cedarhealthresearch.com\/?page_id=5532"},"modified":"2025-03-07T15:19:04","modified_gmt":"2025-03-07T20:19:04","slug":"cedar-champions-recomienda-a-un-amigo-cambia-una-vida","status":"publish","type":"page","link":"https:\/\/cedarhealthresearch.com\/es\/cedar-champions-refer-a-friend-change-a-life\/","title":{"rendered":"Cedar Champions - Recomienda a un amigo, \u00a1cambia una vida!"},"content":{"rendered":"<p class=\"has-text-align-center\">En Cedar Health Research sabemos que los grandes descubrimientos comienzan con conexiones s\u00f3lidas.<\/p>\n\n\n\n<p class=\"has-text-align-center\">Por eso estamos encantados de presentar nuestro programa de recomendaci\u00f3n, en el que compartir oportunidades con amigos no s\u00f3lo impulsa la investigaci\u00f3n, sino que tambi\u00e9n le recompensa a usted.<\/p>\n\n\n\n<p class=\"has-text-align-center\"><strong><em>Juntos podemos marcar la diferencia en el futuro de la sanidad.<\/em><\/strong><\/p>\n\n\n\n<p class=\"has-text-align-center\"><strong>Rellene nuestro formulario de recomendaci\u00f3n.<\/strong><\/p>\n\n\n<div class=\"wp-block-image\">\n<figure class=\"aligncenter size-full\"><img loading=\"lazy\" decoding=\"async\" width=\"600\" height=\"1050\" src=\"https:\/\/cedarhealthresearch.com\/wp-content\/uploads\/2025\/02\/New-LP-Graphics.png\" alt=\"\" class=\"wp-image-5515\" srcset=\"https:\/\/cedarhealthresearch.com\/wp-content\/uploads\/2025\/02\/New-LP-Graphics.png 600w, https:\/\/cedarhealthresearch.com\/wp-content\/uploads\/2025\/02\/New-LP-Graphics-171x300.png 171w, https:\/\/cedarhealthresearch.com\/wp-content\/uploads\/2025\/02\/New-LP-Graphics-585x1024.png 585w, https:\/\/cedarhealthresearch.com\/wp-content\/uploads\/2025\/02\/New-LP-Graphics-7x12.png 7w\" sizes=\"auto, (max-width: 600px) 100vw, 600px\" \/><\/figure>\n<\/div>\n\n\n<p class=\"has-text-align-center\">*\u00a1No se requiere seguro para participar en estos estudios!*<\/p>\n\n\n\n<figure class=\"wp-block-gallery has-nested-images columns-default is-cropped wp-block-gallery-1 is-layout-flex wp-block-gallery-is-layout-flex\">\n<figure class=\"wp-block-image size-large\"><img loading=\"lazy\" decoding=\"async\" width=\"1024\" height=\"585\" data-id=\"5522\" src=\"https:\/\/cedarhealthresearch.com\/wp-content\/uploads\/2025\/02\/Refer-a-Friend-Card-1-1024x585.png\" alt=\"\" class=\"wp-image-5522\" srcset=\"https:\/\/cedarhealthresearch.com\/wp-content\/uploads\/2025\/02\/Refer-a-Friend-Card-1-1024x585.png 1024w, https:\/\/cedarhealthresearch.com\/wp-content\/uploads\/2025\/02\/Refer-a-Friend-Card-1-300x171.png 300w, https:\/\/cedarhealthresearch.com\/wp-content\/uploads\/2025\/02\/Refer-a-Friend-Card-1-768x439.png 768w, https:\/\/cedarhealthresearch.com\/wp-content\/uploads\/2025\/02\/Refer-a-Friend-Card-1-1536x878.png 1536w, https:\/\/cedarhealthresearch.com\/wp-content\/uploads\/2025\/02\/Refer-a-Friend-Card-1-18x10.png 18w, https:\/\/cedarhealthresearch.com\/wp-content\/uploads\/2025\/02\/Refer-a-Friend-Card-1.png 1575w\" sizes=\"auto, (max-width: 1024px) 100vw, 1024px\" \/><\/figure>\n<\/figure>\n\n\n\n<div class=\"wp-block-buttons alignfull is-content-justification-center is-layout-flex wp-container-core-buttons-is-layout-062f0008 wp-block-buttons-is-layout-flex\">\n<div class=\"wp-block-button\"><a class=\"wp-block-button__link has-text-align-center wp-element-button\" href=\"https:\/\/cedarhealthresearch.com\/es\/encontrar-un-juicio\/juicios-del-este-de-dfw\/#!\/\" target=\"_blank\" rel=\"noreferrer noopener\">Haga clic aqu\u00ed para ver nuestros estudios disponibles<\/a><\/div>\n<\/div>\n\n\n\n<hr class=\"wp-block-separator has-alpha-channel-opacity\"\/>\n\n\n\n<div class=\"wp-block-contact-form-7-contact-form-selector\">\n<div class=\"wpcf7 no-js\" id=\"wpcf7-f5518-o1\" lang=\"en-US\" dir=\"ltr\" data-wpcf7-id=\"5518\">\n<div class=\"screen-reader-response\"><p role=\"status\" aria-live=\"polite\" aria-atomic=\"true\"><\/p> <ul><\/ul><\/div>\n<form action=\"\/es\/wp-json\/wp\/v2\/pages\/5532#wpcf7-f5518-o1\" method=\"post\" class=\"wpcf7-form init\" aria-label=\"Formulario de contacto\" novalidate=\"novalidate\" data-status=\"init\" data-trp-original-action=\"\/es\/wp-json\/wp\/v2\/pages\/5532#wpcf7-f5518-o1\">\n<fieldset class=\"hidden-fields-container\"><input type=\"hidden\" name=\"_wpcf7\" value=\"5518\" \/><input type=\"hidden\" name=\"_wpcf7_version\" value=\"6.1.5\" \/><input type=\"hidden\" name=\"_wpcf7_locale\" value=\"en_US\" \/><input type=\"hidden\" name=\"_wpcf7_unit_tag\" value=\"wpcf7-f5518-o1\" \/><input type=\"hidden\" name=\"_wpcf7_container_post\" value=\"0\" \/><input type=\"hidden\" name=\"_wpcf7_posted_data_hash\" value=\"\" \/><input type=\"hidden\" name=\"_wpcf7_recaptcha_response\" value=\"\" \/>\n<\/fieldset>\n<p><label> Su nombre<br \/>\n<span class=\"wpcf7-form-control-wrap\" data-name=\"your-name\"><input size=\"40\" maxlength=\"400\" class=\"wpcf7-form-control wpcf7-text wpcf7-validates-as-required\" autocomplete=\"name\" aria-required=\"true\" aria-invalid=\"false\" value=\"\" type=\"text\" name=\"your-name\" \/><\/span> <\/label>\n<\/p>\n<p><label> Su n\u00famero<br \/>\n<span class=\"wpcf7-form-control-wrap\" data-name=\"your-number\"><input size=\"40\" maxlength=\"400\" class=\"wpcf7-form-control wpcf7-text wpcf7-validates-as-required\" autocomplete=\"number\" aria-required=\"true\" aria-invalid=\"false\" value=\"\" type=\"text\" name=\"your-number\" \/><\/span> <\/label>\n<\/p>\n<p><label> Su correo electr\u00f3nico<br \/>\n<span class=\"wpcf7-form-control-wrap\" data-name=\"your-email\"><input size=\"40\" maxlength=\"400\" class=\"wpcf7-form-control wpcf7-email wpcf7-validates-as-required wpcf7-text wpcf7-validates-as-email\" autocomplete=\"email\" aria-required=\"true\" aria-invalid=\"false\" value=\"\" type=\"email\" name=\"your-email\" \/><\/span> <\/label>\n<\/p>\n<p><label> Nombre de su amigo<br \/>\n<span class=\"wpcf7-form-control-wrap\" data-name=\"your-name\"><input size=\"40\" maxlength=\"400\" class=\"wpcf7-form-control wpcf7-text wpcf7-validates-as-required\" autocomplete=\"name\" aria-required=\"true\" aria-invalid=\"false\" value=\"\" type=\"text\" name=\"your-name\" \/><\/span> <\/label>\n<\/p>\n<p><label> El n\u00famero de tus amigos<br \/>\n<span class=\"wpcf7-form-control-wrap\" data-name=\"your-number\"><input size=\"40\" maxlength=\"400\" class=\"wpcf7-form-control wpcf7-text wpcf7-validates-as-required\" autocomplete=\"number\" aria-required=\"true\" aria-invalid=\"false\" value=\"\" type=\"text\" name=\"your-number\" \/><\/span> <\/label>\n<\/p>\n<p><label> Correo electr\u00f3nico de su amigo<br \/>\n<span class=\"wpcf7-form-control-wrap\" data-name=\"your-email\"><input size=\"40\" maxlength=\"400\" class=\"wpcf7-form-control wpcf7-email wpcf7-validates-as-required wpcf7-text wpcf7-validates-as-email\" autocomplete=\"email\" aria-required=\"true\" aria-invalid=\"false\" value=\"\" type=\"email\" name=\"your-email\" \/><\/span> <\/label>\n<\/p>\n<p><span class=\"wpcf7-form-control-wrap\" data-name=\"checkbox-239\"><span class=\"wpcf7-form-control wpcf7-checkbox\"><span class=\"wpcf7-list-item first\"><label><input type=\"checkbox\" name=\"checkbox-239[]\" value=\"I consent to Cedar Health Research contacting me about this clinical trial via email as described within the Cedar Health Research privacy policy.\" \/><span class=\"wpcf7-list-item-label\">Doy mi consentimiento para que Cedar Health Research se ponga en contacto conmigo en relaci\u00f3n con este ensayo cl\u00ednico por correo electr\u00f3nico, tal y como se describe en la pol\u00edtica de privacidad de Cedar Health Research.<\/span><\/label><\/span><span class=\"wpcf7-list-item last\"><label><input type=\"checkbox\" name=\"checkbox-239[]\" value=\"I opt in to receive SMS messages regarding currently enrolling studies and other helpful research-related information.\" \/><span class=\"wpcf7-list-item-label\">Acepto recibir mensajes SMS sobre los estudios en curso y otra informaci\u00f3n \u00fatil relacionada con la investigaci\u00f3n.<\/span><\/label><\/span><\/span><\/span>\n<\/p>\n<p><input class=\"wpcf7-form-control wpcf7-submit has-spinner\" type=\"submit\" value=\"Entregar\" \/>\n<\/p><p style=\"display: none !important;\" class=\"akismet-fields-container\" data-prefix=\"_wpcf7_ak_\"><label>\u0394<textarea name=\"_wpcf7_ak_hp_textarea\" cols=\"45\" rows=\"8\" maxlength=\"100\"><\/textarea><\/label><input type=\"hidden\" id=\"ak_js_1\" name=\"_wpcf7_ak_js\" value=\"171\"\/><script>document.getElementById( \"ak_js_1\" ).setAttribute( \"value\", ( new Date() ).getTime() );<\/script><\/p><div class=\"wpcf7-response-output\" aria-hidden=\"true\"><\/div>\n<input type=\"hidden\" name=\"trp-form-language\" value=\"es\"\/><\/form>\n<\/div>\n<\/div>\n\n\n\n<div class=\"wp-block-buttons alignfull is-content-justification-center is-layout-flex wp-container-core-buttons-is-layout-16018d1d wp-block-buttons-is-layout-flex\">\n<div class=\"wp-block-button\"><a class=\"wp-block-button__link has-text-align-center wp-element-button\" href=\"https:\/\/cedarhealthresearch.com\/es\/declaracion-de-privacidad\/\" target=\"_blank\" rel=\"noreferrer noopener\">Declaracion de privacidad<\/a><\/div>\n<\/div>\n\n\n\n<p><\/p>\n\n\n\n<p><\/p>\n\n\n\n<p><\/p>\n\n\n\n<p><\/p>\n\n\n\n<p><strong><em>Condiciones generales<\/em><\/strong><\/p>\n\n\n\n<p><em>Para poder optar a las recompensas, los amigos recomendados deben inscribirse con \u00e9xito y participar activamente en uno de nuestros estudios de investigaci\u00f3n. Por cada amigo recomendado que se inscriba en un estudio, se le compensar\u00e1 con $25,00 por su recomendaci\u00f3n hasta un m\u00e1ximo de 4 recomendaciones al a\u00f1o. El amigo recomendado no puede haber participado anteriormente en un estudio en ninguna Cl\u00ednica de Investigaci\u00f3n de Cedar Health. El Cedar Champion Referral Program puede modificarse en cualquier momento. Este programa ha sido aprobado por un IRB, o Institutional Review Board, que supervisa la investigaci\u00f3n biom\u00e9dica con participantes humanos de acuerdo con la normativa de la FDA. Los empleados de Cedar Health Research no pueden participar.<\/em><\/p>\n\n\n\n<p><\/p>","protected":false},"excerpt":{"rendered":"<p>En Cedar Health Research, sabemos que los grandes descubrimientos comienzan con conexiones s\u00f3lidas. Por eso nos complace presentar nuestro programa de recomendaciones, en el que compartir oportunidades con amigos no solo impulsa la investigaci\u00f3n, sino que tambi\u00e9n le recompensa. Juntos, podemos marcar la diferencia en el futuro de la atenci\u00f3n m\u00e9dica. \u00a1Rellene nuestro formulario de recomendaci\u00f3n A CONTINUACI\u00d3N!\u2026<\/p>","protected":false},"author":4,"featured_media":0,"parent":0,"menu_order":0,"comment_status":"closed","ping_status":"closed","template":"","meta":{"_monsterinsights_skip_tracking":false,"_monsterinsights_sitenote_active":false,"_monsterinsights_sitenote_note":"","_monsterinsights_sitenote_category":0,"footnotes":""},"class_list":["post-5532","page","type-page","status-publish","hentry","description-off"],"aioseo_notices":[],"_links":{"self":[{"href":"https:\/\/cedarhealthresearch.com\/es\/wp-json\/wp\/v2\/pages\/5532","targetHints":{"allow":["GET"]}}],"collection":[{"href":"https:\/\/cedarhealthresearch.com\/es\/wp-json\/wp\/v2\/pages"}],"about":[{"href":"https:\/\/cedarhealthresearch.com\/es\/wp-json\/wp\/v2\/types\/page"}],"author":[{"embeddable":true,"href":"https:\/\/cedarhealthresearch.com\/es\/wp-json\/wp\/v2\/users\/4"}],"replies":[{"embeddable":true,"href":"https:\/\/cedarhealthresearch.com\/es\/wp-json\/wp\/v2\/comments?post=5532"}],"version-history":[{"count":3,"href":"https:\/\/cedarhealthresearch.com\/es\/wp-json\/wp\/v2\/pages\/5532\/revisions"}],"predecessor-version":[{"id":5537,"href":"https:\/\/cedarhealthresearch.com\/es\/wp-json\/wp\/v2\/pages\/5532\/revisions\/5537"}],"wp:attachment":[{"href":"https:\/\/cedarhealthresearch.com\/es\/wp-json\/wp\/v2\/media?parent=5532"}],"curies":[{"name":"wp","href":"https:\/\/api.w.org\/{rel}","templated":true}]}}