{"id":5467,"date":"2025-02-11T08:41:53","date_gmt":"2025-02-11T13:41:53","guid":{"rendered":"https:\/\/cedarhealthresearch.com\/?page_id=5467"},"modified":"2025-02-11T08:58:35","modified_gmt":"2025-02-11T13:58:35","slug":"debbie-bridges-m-d","status":"publish","type":"page","link":"https:\/\/cedarhealthresearch.com\/es\/about-us\/our-team\/debbie-bridges-m-d\/","title":{"rendered":"Dra. Debbie Bridges"},"content":{"rendered":"<div class=\"wpb-content-wrapper\"><div class=\"vc_row wpb_row vc_row-fluid\"><div class=\"wpb_column vc_column_container vc_col-sm-12 vc_col-lg-offset-1 vc_col-lg-10 vc_col-md-offset-1 vc_col-md-10\"><div class=\"vc_column-inner\"><div class=\"wpb_wrapper\">\n\t<div class=\"wpb_text_column wpb_content_element\" >\n\t\t<div class=\"wpb_wrapper\">\n\t\t\t<h3>Dra. Debbie Bridges<\/h3>\n<p><strong><span style=\"color: #999999;\">Investigador principal s\u00e9nior: medicina general, metab\u00f3lica y vacunas<\/span><\/strong><\/p>\n<p><img loading=\"lazy\" decoding=\"async\" class=\"alignleft size-medium wp-image-2542\" src=\"https:\/\/cedarhealthresearch.com\/wp-content\/uploads\/2025\/02\/Debbie_Bridges.jpg\" alt=\"\" width=\"200\" height=\"300\" \/>La Dra. Bridges es investigadora cl\u00ednica s\u00e9nior especializada en medicina general y vacunas. Desde 2022, ha sido una investigadora cl\u00ednica dedicada con una amplia experiencia en varias \u00e1reas terap\u00e9uticas, incluidas las vacunas, las enfermedades infecciosas, el VIH, el cuidado de heridas, la esteatohepatitis no alcoh\u00f3lica (EHNA), la hipertensi\u00f3n (HTA), la obesidad, la diabetes y el dolor neurop\u00e1tico. La Dra. Bridges aporta m\u00e1s de 20 a\u00f1os de experiencia en la atenci\u00f3n y la educaci\u00f3n de los pacientes dentro de estos campos din\u00e1micos.<\/p>\n<p>Su compromiso con el avance del conocimiento m\u00e9dico y la atenci\u00f3n al paciente a trav\u00e9s del descubrimiento cient\u00edfico surge de haber presenciado el profundo impacto de la investigaci\u00f3n cl\u00ednica en los resultados de los pacientes. La Dra. Bridges comenz\u00f3 su carrera como qu\u00edmica anal\u00edtica y metab\u00f3lica en la industria farmac\u00e9utica mientras obten\u00eda su Maestr\u00eda en Ciencias en Qu\u00edmica. M\u00e1s tarde obtuvo su t\u00edtulo de m\u00e9dico en la Universidad de Indiana, complet\u00f3 su residencia en Medicina Interna en el Centro M\u00e9dico de la Universidad de Baylor y realiz\u00f3 una beca de investigaci\u00f3n en Enfermedades Infecciosas en el Centro M\u00e9dico de la Universidad de Texas Southwestern.<\/p>\n<p>Los aspectos m\u00e1s destacados de la carrera de la Dra. Bridges incluyen la colaboraci\u00f3n con una amplia gama de especialistas para tratar casos complejos, como infecciones potencialmente mortales y afecciones relacionadas con la inmunosupresi\u00f3n. Tambi\u00e9n participa activamente en la ense\u00f1anza a estudiantes y residentes, en la direcci\u00f3n del hospital y en la redacci\u00f3n cient\u00edfica. Su amplia experiencia incluye la redacci\u00f3n y presentaci\u00f3n de temas como la qu\u00edmica anal\u00edtica, el diagn\u00f3stico y el tratamiento de casos m\u00e9dicos inusuales y la educaci\u00f3n de pacientes en enfermedades infecciosas.<\/p>\n<p>Fuera de sus actividades profesionales, a la Dra. Bridges le gusta hacer caminatas con sus perros rescatados, navegar, viajar y cocinar.<\/p>\n\n\t\t<\/div>\n\t<\/div>\n<\/div><\/div><\/div><\/div><div class=\"vc_row wpb_row vc_row-fluid\"><div class=\"wpb_column vc_column_container vc_col-sm-12\"><div class=\"vc_column-inner\"><div class=\"wpb_wrapper\"><div id=\"ultimate-heading-67306a06f082b0514\" class=\"uvc-heading ult-adjust-bottom-margin ultimate-heading-67306a06f082b0514 uvc-9151  uvc-heading-default-font-sizes\" data-hspacer=\"no_spacer\"  data-halign=\"center\" style=\"text-align:center\"><div class=\"uvc-heading-spacer no_spacer\" style=\"top\"><\/div><\/div><\/div><\/div><\/div><\/div>\n<\/div>","protected":false},"excerpt":{"rendered":"<p>Debbie Bridges, M.D. Investigadora principal s\u00e9nior - Medicina general, metab\u00f3lica, vacunas La Dra. Bridges es investigadora cl\u00ednica s\u00e9nior especializada en medicina general y vacunas. Desde 2022, ha sido una investigadora cl\u00ednica dedicada con amplia experiencia en varias \u00e1reas terap\u00e9uticas, incluyendo vacunas, enfermedades infecciosas, VIH, cuidado de heridas, NASH (esteatohepatitis no alcoh\u00f3lica), hipertensi\u00f3n (HTN), obesidad, diabetes y...<\/p>","protected":false},"author":1,"featured_media":0,"parent":523,"menu_order":0,"comment_status":"closed","ping_status":"closed","template":"","meta":{"_monsterinsights_skip_tracking":false,"_monsterinsights_sitenote_active":false,"_monsterinsights_sitenote_note":"","_monsterinsights_sitenote_category":0,"footnotes":""},"class_list":["post-5467","page","type-page","status-publish","hentry","description-off"],"aioseo_notices":[],"_links":{"self":[{"href":"https:\/\/cedarhealthresearch.com\/es\/wp-json\/wp\/v2\/pages\/5467","targetHints":{"allow":["GET"]}}],"collection":[{"href":"https:\/\/cedarhealthresearch.com\/es\/wp-json\/wp\/v2\/pages"}],"about":[{"href":"https:\/\/cedarhealthresearch.com\/es\/wp-json\/wp\/v2\/types\/page"}],"author":[{"embeddable":true,"href":"https:\/\/cedarhealthresearch.com\/es\/wp-json\/wp\/v2\/users\/1"}],"replies":[{"embeddable":true,"href":"https:\/\/cedarhealthresearch.com\/es\/wp-json\/wp\/v2\/comments?post=5467"}],"version-history":[{"count":3,"href":"https:\/\/cedarhealthresearch.com\/es\/wp-json\/wp\/v2\/pages\/5467\/revisions"}],"predecessor-version":[{"id":5480,"href":"https:\/\/cedarhealthresearch.com\/es\/wp-json\/wp\/v2\/pages\/5467\/revisions\/5480"}],"up":[{"embeddable":true,"href":"https:\/\/cedarhealthresearch.com\/es\/wp-json\/wp\/v2\/pages\/523"}],"wp:attachment":[{"href":"https:\/\/cedarhealthresearch.com\/es\/wp-json\/wp\/v2\/media?parent=5467"}],"curies":[{"name":"wp","href":"https:\/\/api.w.org\/{rel}","templated":true}]}}