{"id":5446,"date":"2025-01-13T11:27:54","date_gmt":"2025-01-13T16:27:54","guid":{"rendered":"https:\/\/cedarhealthresearch.com\/?page_id=5446"},"modified":"2025-10-24T15:31:31","modified_gmt":"2025-10-24T20:31:31","slug":"scott-treiber","status":"publish","type":"page","link":"https:\/\/cedarhealthresearch.com\/es\/about-us\/our-team\/scott-treiber\/","title":{"rendered":"Scott Treiber, doctor en filosof\u00eda y m\u00e1ster en administraci\u00f3n de empresas"},"content":{"rendered":"<div class=\"wpb-content-wrapper\"><div class=\"vc_row wpb_row vc_row-fluid\"><div class=\"wpb_column vc_column_container vc_col-sm-12 vc_col-lg-offset-1 vc_col-lg-10 vc_col-md-offset-1 vc_col-md-10\"><div class=\"vc_column-inner\"><div class=\"wpb_wrapper\">\n\t<div class=\"wpb_text_column wpb_content_element\" >\n\t\t<div class=\"wpb_wrapper\">\n\t\t\t<h3>Scott Treiber, doctor en filosof\u00eda y m\u00e1ster en administraci\u00f3n de empresas<\/h3>\n<p><span style=\"color: #999999;\"><strong>Director de operaciones<\/strong><\/span><\/p>\n<p><img loading=\"lazy\" decoding=\"async\" class=\"alignleft wp-image-659 size-medium\" src=\"https:\/\/cedarhealthresearch.com\/wp-content\/uploads\/2025\/01\/Scott-Treiber.jpg\" alt=\"\" width=\"200\" height=\"300\" \/> Con treinta a\u00f1os de experiencia en puestos de liderazgo progresivo en la industria farmac\u00e9utica, Scott cuenta con una gran experiencia y una amplia red de conexiones. Ha dirigido equipos multifuncionales en CRO, empresas farmac\u00e9uticas y una red de centros. Entre otras \u00e1reas, ha supervisado operaciones cl\u00ednicas, desarrollo estrat\u00e9gico, asuntos m\u00e9dicos, gesti\u00f3n de datos, bioestad\u00edstica, normativas, seguridad y calidad. En la primera mitad de su carrera, Scott gestion\u00f3 ensayos en m\u00faltiples indicaciones terap\u00e9uticas y puso en marcha tres oficinas de CRO en el \u00e1rea de Chicago: ICON, Quintiles y PharmaNet. M\u00e1s recientemente, Scott supervis\u00f3 todo el desarrollo cl\u00ednico biofarmac\u00e9utico en Theorem. Como director de desarrollo y, posteriormente, director de operaciones de Elligo Health Research, Scott y el equipo de Elligo crearon una red de novo de centros en los EE. UU., as\u00ed como un conjunto de servicios tecnol\u00f3gicos. A principios de 2020, Scott se uni\u00f3 a Synteract para renovar su franquicia de medicina general. Luego se hizo cargo del centro de desarrollo de neurociencia y fue responsable de conseguir muchos programas y clientes nuevos para ambos centros de desarrollo.<\/p>\n<p>Scott tiene un gran inter\u00e9s en la habilitaci\u00f3n tecnol\u00f3gica y ha participado en la estrategia e implementaci\u00f3n de ensayos descentralizados\/h\u00edbridos en Elligo y Synteract\/Syneos Health. En Walmart Healthcare Research Institute como director de operaciones de investigaci\u00f3n y normativas,\u00a0<span class=\"mark16h6la57e\" data-markjs=\"true\" data-ogac=\"\" data-ogab=\"\" data-ogsc=\"\" data-ogsb=\"\">Escoc\u00e9s<\/span> Scott aprovech\u00f3 su s\u00f3lida experiencia operativa y de asociaci\u00f3n para ejecutar programas innovadores con muchos de los clientes m\u00e1s importantes de las industrias farmac\u00e9utica y biotecnol\u00f3gica. Scott tambi\u00e9n ha sido un miembro activo de la junta directiva del Centro para la Innovaci\u00f3n en el Cuidado de la Salud, un instituto de investigaci\u00f3n y educaci\u00f3n sin fines de lucro que busca hacer que la atenci\u00f3n m\u00e9dica sea m\u00e1s equitativa. Tambi\u00e9n ha brindado apoyo consultivo a empresas emergentes de tecnolog\u00eda durante la \u00faltima d\u00e9cada.<\/p>\n\n\t\t<\/div>\n\t<\/div>\n<\/div><\/div><\/div><\/div><div class=\"vc_row wpb_row vc_row-fluid\"><div class=\"wpb_column vc_column_container vc_col-sm-12\"><div class=\"vc_column-inner\"><div class=\"wpb_wrapper\"><div id=\"ultimate-heading-658869f3c3174d371\" class=\"uvc-heading ult-adjust-bottom-margin ultimate-heading-658869f3c3174d371 uvc-8521  uvc-heading-default-font-sizes\" data-hspacer=\"no_spacer\"  data-halign=\"center\" style=\"text-align:center\"><div class=\"uvc-heading-spacer no_spacer\" style=\"top\"><\/div><\/div><\/div><\/div><\/div><\/div>\n<\/div>","protected":false},"excerpt":{"rendered":"<p>Scott Treiber, PhD, MBA Director de Operaciones Con treinta a\u00f1os de funciones de liderazgo progresivo en la industria farmac\u00e9utica, Scott cuenta con una gran experiencia y una amplia red de contactos. Ha dirigido equipos multidisciplinares en CRO, farmac\u00e9uticas y una red de centros. Entre otras \u00e1reas, ha supervisado operaciones cl\u00ednicas, desarrollo estrat\u00e9gico,...<\/p>","protected":false},"author":1,"featured_media":0,"parent":523,"menu_order":0,"comment_status":"closed","ping_status":"closed","template":"","meta":{"_monsterinsights_skip_tracking":false,"_monsterinsights_sitenote_active":false,"_monsterinsights_sitenote_note":"","_monsterinsights_sitenote_category":0,"footnotes":""},"class_list":["post-5446","page","type-page","status-publish","hentry","description-off"],"aioseo_notices":[],"_links":{"self":[{"href":"https:\/\/cedarhealthresearch.com\/es\/wp-json\/wp\/v2\/pages\/5446","targetHints":{"allow":["GET"]}}],"collection":[{"href":"https:\/\/cedarhealthresearch.com\/es\/wp-json\/wp\/v2\/pages"}],"about":[{"href":"https:\/\/cedarhealthresearch.com\/es\/wp-json\/wp\/v2\/types\/page"}],"author":[{"embeddable":true,"href":"https:\/\/cedarhealthresearch.com\/es\/wp-json\/wp\/v2\/users\/1"}],"replies":[{"embeddable":true,"href":"https:\/\/cedarhealthresearch.com\/es\/wp-json\/wp\/v2\/comments?post=5446"}],"version-history":[{"count":3,"href":"https:\/\/cedarhealthresearch.com\/es\/wp-json\/wp\/v2\/pages\/5446\/revisions"}],"predecessor-version":[{"id":5747,"href":"https:\/\/cedarhealthresearch.com\/es\/wp-json\/wp\/v2\/pages\/5446\/revisions\/5747"}],"up":[{"embeddable":true,"href":"https:\/\/cedarhealthresearch.com\/es\/wp-json\/wp\/v2\/pages\/523"}],"wp:attachment":[{"href":"https:\/\/cedarhealthresearch.com\/es\/wp-json\/wp\/v2\/media?parent=5446"}],"curies":[{"name":"wp","href":"https:\/\/api.w.org\/{rel}","templated":true}]}}