{"id":5387,"date":"2024-10-30T17:40:42","date_gmt":"2024-10-30T22:40:42","guid":{"rendered":"https:\/\/cedarhealthresearch.com\/?page_id=5387"},"modified":"2024-10-31T11:19:39","modified_gmt":"2024-10-31T16:19:39","slug":"nuevos-estudios-de-investigacion-sobre-la-enfermedad-de-alzheimer","status":"publish","type":"page","link":"https:\/\/cedarhealthresearch.com\/es\/new-alzheimers-disease-research-studies\/","title":{"rendered":"Nuevos estudios de investigaci\u00f3n sobre la enfermedad de Alzheimer"},"content":{"rendered":"<p class=\"has-text-align-center\">\u00bfUsted o sus seres queridos sufren p\u00e9rdida de memoria?<br><strong><em>\u00a1Usted no est\u00e1 solo!<\/em><\/strong> \u00a1Quiz\u00e1s haya ayuda disponible!<br><br>La enfermedad de Alzheimer afecta principalmente a personas mayores de 65 a\u00f1os. Cuanto mayor sea su edad, mayor ser\u00e1 la probabilidad de desarrollar Alzheimer.<\/p>\n\n\n\n<p class=\"has-text-align-center\">Uno de nuestros estudios de investigaci\u00f3n podr\u00eda ayudar a proporcionar nuevas opciones para el tratamiento de su p\u00e9rdida progresiva de memoria.<\/p>\n\n\n<div class=\"wp-block-image\">\n<figure class=\"aligncenter size-full\"><img loading=\"lazy\" decoding=\"async\" width=\"500\" height=\"875\" src=\"https:\/\/cedarhealthresearch.com\/wp-content\/uploads\/2024\/10\/Alzheimers-Requirements-1.png\" alt=\"\" class=\"wp-image-5401\" srcset=\"https:\/\/cedarhealthresearch.com\/wp-content\/uploads\/2024\/10\/Alzheimers-Requirements-1.png 500w, https:\/\/cedarhealthresearch.com\/wp-content\/uploads\/2024\/10\/Alzheimers-Requirements-1-171x300.png 171w, https:\/\/cedarhealthresearch.com\/wp-content\/uploads\/2024\/10\/Alzheimers-Requirements-1-7x12.png 7w\" sizes=\"auto, (max-width: 500px) 100vw, 500px\" \/><\/figure>\n<\/div>\n\n\n<p class=\"has-text-align-center\">*\u00a1No se requiere seguro para participar en estos estudios!*<\/p>\n\n\n\n<p class=\"has-text-align-center\"><strong>La compensaci\u00f3n por su tiempo y viaje es <span style=\"text-decoration: underline;\">hasta $1,300 por participar<\/span> \u00a1en estos estudios!<\/strong><\/p>\n\n\n\n<div class=\"wp-block-buttons alignfull is-content-justification-center is-layout-flex wp-container-core-buttons-is-layout-062f0008 wp-block-buttons-is-layout-flex\">\n<div class=\"wp-block-button\"><a class=\"wp-block-button__link has-text-align-center wp-element-button\" href=\"https:\/\/cedarhealthresearch.com\/es\/encontrar-un-juicio\/juicios-del-este-de-dfw\/#!\/study\/139\" target=\"_blank\" rel=\"noreferrer noopener\">Haga clic aqu\u00ed para ver si califica para nuestros estudios sobre el Alzheimer<\/a><\/div>\n<\/div>\n\n\n\n<hr class=\"wp-block-separator has-alpha-channel-opacity\"\/>\n\n\n<div class=\"wp-block-image\">\n<figure class=\"aligncenter size-full\"><img loading=\"lazy\" decoding=\"async\" width=\"400\" height=\"700\" src=\"https:\/\/cedarhealthresearch.com\/wp-content\/uploads\/2024\/10\/To-Qualify-for-Our-Studies.png\" alt=\"\" class=\"wp-image-5318\" srcset=\"https:\/\/cedarhealthresearch.com\/wp-content\/uploads\/2024\/10\/To-Qualify-for-Our-Studies.png 400w, https:\/\/cedarhealthresearch.com\/wp-content\/uploads\/2024\/10\/To-Qualify-for-Our-Studies-171x300.png 171w, https:\/\/cedarhealthresearch.com\/wp-content\/uploads\/2024\/10\/To-Qualify-for-Our-Studies-7x12.png 7w\" sizes=\"auto, (max-width: 400px) 100vw, 400px\" \/><\/figure>\n<\/div>\n\n\n<p><strong><em>\u00bfQu\u00e9 es la enfermedad de Alzheimer?<\/em><\/strong><br>La enfermedad de Alzheimer es una afecci\u00f3n cerebral que provoca un deterioro progresivo de la memoria, el pensamiento, el aprendizaje y la capacidad de organizaci\u00f3n. Con el tiempo, afecta la capacidad de la persona para realizar actividades cotidianas b\u00e1sicas. La enfermedad de Alzheimer (EA) es la causa m\u00e1s com\u00fan de demencia.<\/p>\n\n\n\n<p><em><strong>\u00bfC\u00f3mo s\u00e9 si tengo Alzheimer?<\/strong><\/em><br>Nuestro equipo no puede diagnosticarle el Alzheimer. Hable con su m\u00e9dico si usted o un ser querido experimentan algunos de los s\u00edntomas m\u00e1s comunes del Alzheimer.<\/p>\n\n\n\n<p>Los s\u00edntomas de la EA implican una disminuci\u00f3n gradual de algunos, la mayor\u00eda o todos los siguientes:<\/p>\n\n\n\n<ul class=\"wp-block-list\">\n<li>Memoria<\/li>\n\n\n\n<li>Razonamiento y manejo de tareas complejas<\/li>\n\n\n\n<li>Idioma<\/li>\n\n\n\n<li>Comprender la relaci\u00f3n entre la forma visual y el espacio<\/li>\n\n\n\n<li>Comportamiento y personalidad<\/li>\n<\/ul>\n\n\n\n<p><em><strong>\u00bfQu\u00e9 tan com\u00fan es la enfermedad de Alzheimer?<\/strong><\/em><br>La enfermedad de Alzheimer es una enfermedad com\u00fan que afecta aproximadamente a 24 millones de personas en todo el mundo. Una de cada diez personas mayores de 65 a\u00f1os y casi un tercio de las personas mayores de 85 a\u00f1os padecen esta afecci\u00f3n.<\/p>\n\n\n\n<p class=\"has-text-align-left\"><em><span style=\"text-decoration: underline;\">Usted o su ser querido pueden calificar para nuestros estudios si:<\/span><\/em><br>\u2013 Tienen entre 50 y 80 a\u00f1os<br>\u2013 Tiene demencia de Alzheimer leve a moderada confirmada o sospechada<br>\u2013 Est\u00e1n experimentando p\u00e9rdida progresiva de memoria durante al menos 6 meses.<\/p>\n\n\n\n<div class=\"wp-block-buttons is-layout-flex wp-block-buttons-is-layout-flex\">\n<div class=\"wp-block-button\"><a class=\"wp-block-button__link wp-element-button\" href=\"https:\/\/cedarhealthresearch.com\/es\/encontrar-un-juicio\/juicios-del-este-de-dfw\/#!\/study\/139\" target=\"_blank\" rel=\"noreferrer noopener\">\u00a1Complete nuestro cuestionario en l\u00ednea para ver si califica!<\/a><\/div>\n<\/div>\n\n\n\n<p><\/p>\n\n\n\n<p>Para obtener m\u00e1s informaci\u00f3n sobre la enfermedad de Alzheimer, visite <a href=\"https:\/\/my.clevelandclinic.org\/health\/diseases\/9164-alzheimers-disease\" target=\"_blank\" rel=\"noopener\" title=\"\">El sitio web de la Cl\u00ednica Cleveland.<\/a><\/p>\n\n\n\n<p><\/p>","protected":false},"excerpt":{"rendered":"<p>\u00bfSufre usted o sus seres queridos p\u00e9rdida de memoria? Puede recibir ayuda. La enfermedad de Alzheimer afecta principalmente a personas mayores de 65 a\u00f1os. Cuanto mayor sea su edad, m\u00e1s probabilidades tendr\u00e1 de desarrollar Alzheimer. Uno de nuestros estudios de investigaci\u00f3n podr\u00eda ayudar a proporcionar nuevas opciones para el tratamiento de su p\u00e9rdida progresiva de memoria. *No...<\/p>","protected":false},"author":4,"featured_media":0,"parent":0,"menu_order":0,"comment_status":"closed","ping_status":"closed","template":"","meta":{"_monsterinsights_skip_tracking":false,"_monsterinsights_sitenote_active":false,"_monsterinsights_sitenote_note":"","_monsterinsights_sitenote_category":0,"footnotes":""},"class_list":["post-5387","page","type-page","status-publish","hentry","description-off"],"aioseo_notices":[],"_links":{"self":[{"href":"https:\/\/cedarhealthresearch.com\/es\/wp-json\/wp\/v2\/pages\/5387","targetHints":{"allow":["GET"]}}],"collection":[{"href":"https:\/\/cedarhealthresearch.com\/es\/wp-json\/wp\/v2\/pages"}],"about":[{"href":"https:\/\/cedarhealthresearch.com\/es\/wp-json\/wp\/v2\/types\/page"}],"author":[{"embeddable":true,"href":"https:\/\/cedarhealthresearch.com\/es\/wp-json\/wp\/v2\/users\/4"}],"replies":[{"embeddable":true,"href":"https:\/\/cedarhealthresearch.com\/es\/wp-json\/wp\/v2\/comments?post=5387"}],"version-history":[{"count":2,"href":"https:\/\/cedarhealthresearch.com\/es\/wp-json\/wp\/v2\/pages\/5387\/revisions"}],"predecessor-version":[{"id":5403,"href":"https:\/\/cedarhealthresearch.com\/es\/wp-json\/wp\/v2\/pages\/5387\/revisions\/5403"}],"wp:attachment":[{"href":"https:\/\/cedarhealthresearch.com\/es\/wp-json\/wp\/v2\/media?parent=5387"}],"curies":[{"name":"wp","href":"https:\/\/api.w.org\/{rel}","templated":true}]}}