{"id":5377,"date":"2024-10-29T15:57:44","date_gmt":"2024-10-29T20:57:44","guid":{"rendered":"https:\/\/cedarhealthresearch.com\/?page_id=5377"},"modified":"2025-10-24T15:27:22","modified_gmt":"2025-10-24T20:27:22","slug":"moncef-slaoui","status":"publish","type":"page","link":"https:\/\/cedarhealthresearch.com\/es\/about-us\/our-team\/moncef-slaoui\/","title":{"rendered":"Dr. Moncef Slaoui, PhD"},"content":{"rendered":"<div class=\"wpb-content-wrapper\"><div class=\"vc_row wpb_row vc_row-fluid\"><div class=\"wpb_column vc_column_container vc_col-sm-12 vc_col-lg-offset-1 vc_col-lg-10 vc_col-md-offset-1 vc_col-md-10\"><div class=\"vc_column-inner\"><div class=\"wpb_wrapper\">\n\t<div class=\"wpb_text_column wpb_content_element\" >\n\t\t<div class=\"wpb_wrapper\">\n\t\t\t<h3>Dr. Moncef Slaoui, PhD<\/h3>\n<p><img loading=\"lazy\" decoding=\"async\" class=\"alignleft wp-image-659 size-medium\" src=\"https:\/\/cedarhealthresearch.com\/wp-content\/uploads\/2024\/10\/Moncef-Slaoui.jpg\" alt=\"Dr. Moncef Slaoui, PhD\" width=\"200\" height=\"300\" \/> El Dr. Moncef Slaoui trabaj\u00f3 durante casi 30 a\u00f1os en GlaxoSmithKline (GSK) y ocup\u00f3 puestos de liderazgo, entre ellos, como miembro del Consejo de Administraci\u00f3n de GSK PLC, presidente de I+D farmac\u00e9utica y presidente de I+D global, vacunas y oncolog\u00eda. El Dr. Slaoui particip\u00f3 directamente en la l\u00ednea de vacunas de GSK, lo que condujo a la creaci\u00f3n de 14 nuevas vacunas, entre ellas Shingrix, para prevenir el herpes z\u00f3ster; Cervarix, para prevenir el c\u00e1ncer de cuello uterino; Mosquirix, para prevenir la malaria; Rotarix, para prevenir la gastroenteritis por rotavirus; y Synflorix, para prevenir la enfermedad neumoc\u00f3cica.<\/p>\n<p>El Dr. Slaoui fue recientemente el asesor cient\u00edfico principal de Operation Warp Speed. Bajo su liderazgo, la operaci\u00f3n permiti\u00f3 el desarrollo, la fabricaci\u00f3n y la aprobaci\u00f3n m\u00e1s r\u00e1pidos de la historia de m\u00faltiples vacunas contra la COVID-19 en menos de 11 meses despu\u00e9s de que se describiera la secuencia gen\u00e9tica del virus. El Dr. Slaoui ha formado parte de los consejos de administraci\u00f3n de varias empresas de biotecnolog\u00eda, incluidas Moderna, Inc. y Lonza Group AG, y presidi\u00f3 los consejos de administraci\u00f3n de Galvani y Vaxcyte, una empresa de plataformas de desarrollo de vacunas.<\/p>\n<p>El Dr. Slaoui obtuvo un doctorado en Biolog\u00eda Molecular e Inmunolog\u00eda en la Universit\u00e9 Libre de Bruxelles, B\u00e9lgica, y realiz\u00f3 estudios posdoctorales en la Facultad de Medicina de Harvard y la Facultad de Medicina de la Universidad de Tufts, Boston. Fue profesor de Inmunolog\u00eda en la Universidad de Mons, B\u00e9lgica, y ha escrito m\u00e1s de 100 art\u00edculos y presentaciones cient\u00edficas. Es ciudadano de Marruecos, B\u00e9lgica y Estados Unidos y habla con fluidez ingl\u00e9s, franc\u00e9s y \u00e1rabe.<\/p>\n<p>El Dr. Slaoui tambi\u00e9n forma parte actualmente de la junta directiva de Arcturus Therapeutics (NASDAQ: ARCT), Altesa, ViceBio y Zephyr AI, y es asesor de Medicxi Ventures y Affinity Partners.<\/p>\n\n\t\t<\/div>\n\t<\/div>\n<\/div><\/div><\/div><\/div><div class=\"vc_row wpb_row vc_row-fluid\"><div class=\"wpb_column vc_column_container vc_col-sm-12\"><div class=\"vc_column-inner\"><div class=\"wpb_wrapper\"><div id=\"ultimate-heading-408869de5a03201bd\" class=\"uvc-heading ult-adjust-bottom-margin ultimate-heading-408869de5a03201bd uvc-6150  uvc-heading-default-font-sizes\" data-hspacer=\"no_spacer\"  data-halign=\"center\" style=\"text-align:center\"><div class=\"uvc-heading-spacer no_spacer\" style=\"top\"><\/div><\/div><\/div><\/div><\/div><\/div>\n<\/div>","protected":false},"excerpt":{"rendered":"<p>Dr. Moncef Slaoui, PhD El Dr. Moncef Slaoui trabaj\u00f3 durante casi 30 a\u00f1os en GlaxoSmithKline (GSK) y ocup\u00f3 puestos de liderazgo, entre ellos, como miembro de la Junta Directiva de GSK PLC, presidente de I+D farmac\u00e9utica y presidente de I+D global, vacunas y oncolog\u00eda. El Dr. Slaoui particip\u00f3 directamente en la l\u00ednea de vacunas de GSK, lo que condujo a la creaci\u00f3n de 14 nuevas vacunas, entre ellas\u2026<\/p>","protected":false},"author":1,"featured_media":0,"parent":523,"menu_order":0,"comment_status":"closed","ping_status":"closed","template":"","meta":{"_monsterinsights_skip_tracking":false,"_monsterinsights_sitenote_active":false,"_monsterinsights_sitenote_note":"","_monsterinsights_sitenote_category":0,"footnotes":""},"class_list":["post-5377","page","type-page","status-publish","hentry","description-off"],"aioseo_notices":[],"_links":{"self":[{"href":"https:\/\/cedarhealthresearch.com\/es\/wp-json\/wp\/v2\/pages\/5377","targetHints":{"allow":["GET"]}}],"collection":[{"href":"https:\/\/cedarhealthresearch.com\/es\/wp-json\/wp\/v2\/pages"}],"about":[{"href":"https:\/\/cedarhealthresearch.com\/es\/wp-json\/wp\/v2\/types\/page"}],"author":[{"embeddable":true,"href":"https:\/\/cedarhealthresearch.com\/es\/wp-json\/wp\/v2\/users\/1"}],"replies":[{"embeddable":true,"href":"https:\/\/cedarhealthresearch.com\/es\/wp-json\/wp\/v2\/comments?post=5377"}],"version-history":[{"count":3,"href":"https:\/\/cedarhealthresearch.com\/es\/wp-json\/wp\/v2\/pages\/5377\/revisions"}],"predecessor-version":[{"id":5738,"href":"https:\/\/cedarhealthresearch.com\/es\/wp-json\/wp\/v2\/pages\/5377\/revisions\/5738"}],"up":[{"embeddable":true,"href":"https:\/\/cedarhealthresearch.com\/es\/wp-json\/wp\/v2\/pages\/523"}],"wp:attachment":[{"href":"https:\/\/cedarhealthresearch.com\/es\/wp-json\/wp\/v2\/media?parent=5377"}],"curies":[{"name":"wp","href":"https:\/\/api.w.org\/{rel}","templated":true}]}}