{"id":5375,"date":"2024-10-29T15:30:14","date_gmt":"2024-10-29T20:30:14","guid":{"rendered":"https:\/\/cedarhealthresearch.com\/?page_id=5375"},"modified":"2025-10-24T15:29:30","modified_gmt":"2025-10-24T20:29:30","slug":"michelle-detwiler","status":"publish","type":"page","link":"https:\/\/cedarhealthresearch.com\/es\/about-us\/our-team\/michelle-detwiler\/","title":{"rendered":"Dra. Michelle Detwiler, doctora en medicina"},"content":{"rendered":"<div class=\"wpb-content-wrapper\"><div class=\"vc_row wpb_row vc_row-fluid\"><div class=\"wpb_column vc_column_container vc_col-sm-12 vc_col-lg-offset-1 vc_col-lg-10 vc_col-md-offset-1 vc_col-md-10\"><div class=\"vc_column-inner\"><div class=\"wpb_wrapper\">\n\t<div class=\"wpb_text_column wpb_content_element\" >\n\t\t<div class=\"wpb_wrapper\">\n\t\t\t<h3>Dra. Michelle Detwiler, doctora en medicina<\/h3>\n<p><img loading=\"lazy\" decoding=\"async\" class=\"alignleft wp-image-659 size-medium\" src=\"https:\/\/cedarhealthresearch.com\/wp-content\/uploads\/2024\/10\/Michelle-Detwiler.jpg\" alt=\"Dra. Michelle Detwiler, doctora en medicina\" width=\"200\" height=\"300\" \/> Michelle Detwiler es socia gerente de Biospring Partners. Michelle tiene m\u00e1s de una d\u00e9cada de experiencia en capital privado y capital de riesgo en el sector de la salud. Anteriormente, Michelle fue directora gerente de General Atlantic, donde lanz\u00f3 la primera plataforma de inversi\u00f3n en ciencias biol\u00f3gicas de la empresa.<\/p>\n<p>Antes de General Atlantic, Michelle fue cofundadora y socia general de Longwood Fund, una importante firma de inversi\u00f3n en atenci\u00f3n m\u00e9dica con sede en Boston. Antes de Longwood, Michelle fue vicepresidenta s\u00e9nior de CEEDD en GlaxoSmithKline (NASDAQ: GSK), donde dirigi\u00f3 el desarrollo comercial global y las fusiones y adquisiciones.<\/p>\n<p>Michelle tiene una Licenciatura en Medicina y una Licenciatura en Cirug\u00eda de la Facultad de Medicina de la Universidad de Oxford y un Doctorado en Fisiolog\u00eda Humana de la Universidad de Oxford.<\/p>\n<p>Michelle naci\u00f3 y creci\u00f3 en El Paso, Texas, y es una apasionada de la educaci\u00f3n y la atenci\u00f3n m\u00e9dica en poblaciones desfavorecidas. Michelle es miembro de las siguientes juntas directivas: Junta directiva de la Fundaci\u00f3n de Mujeres de Boston, centrada en mujeres y ni\u00f1as desfavorecidas; Junta directiva de la Universidad Xavier de Luisiana; Junta asesora de fideicomisarios del Centro M\u00e9dico Beth Israel Deaconess.<\/p>\n\n\t\t<\/div>\n\t<\/div>\n<\/div><\/div><\/div><\/div><div class=\"vc_row wpb_row vc_row-fluid\"><div class=\"wpb_column vc_column_container vc_col-sm-12\"><div class=\"vc_column-inner\"><div class=\"wpb_wrapper\"><div id=\"ultimate-heading-883969d4624d7e5e7\" class=\"uvc-heading ult-adjust-bottom-margin ultimate-heading-883969d4624d7e5e7 uvc-2349  uvc-heading-default-font-sizes\" data-hspacer=\"no_spacer\"  data-halign=\"center\" style=\"text-align:center\"><div class=\"uvc-heading-spacer no_spacer\" style=\"top\"><\/div><\/div><\/div><\/div><\/div><\/div>\n<\/div>","protected":false},"excerpt":{"rendered":"<p>Michelle Detwiler, MD PhD Michelle Detwiler es socia directora de Biospring Partners. Michelle cuenta con m\u00e1s de una d\u00e9cada de experiencia en capital riesgo y capital privado sanitario. Anteriormente, Michelle fue Directora General en General Atlantic, donde lanz\u00f3 la primera plataforma de inversi\u00f3n en ciencias de la vida de la empresa. Antes de General Atlantic, Michelle fue cofundadora y socia general...<\/p>","protected":false},"author":1,"featured_media":0,"parent":523,"menu_order":0,"comment_status":"closed","ping_status":"closed","template":"","meta":{"_monsterinsights_skip_tracking":false,"_monsterinsights_sitenote_active":false,"_monsterinsights_sitenote_note":"","_monsterinsights_sitenote_category":0,"footnotes":""},"class_list":["post-5375","page","type-page","status-publish","hentry","description-off"],"aioseo_notices":[],"_links":{"self":[{"href":"https:\/\/cedarhealthresearch.com\/es\/wp-json\/wp\/v2\/pages\/5375","targetHints":{"allow":["GET"]}}],"collection":[{"href":"https:\/\/cedarhealthresearch.com\/es\/wp-json\/wp\/v2\/pages"}],"about":[{"href":"https:\/\/cedarhealthresearch.com\/es\/wp-json\/wp\/v2\/types\/page"}],"author":[{"embeddable":true,"href":"https:\/\/cedarhealthresearch.com\/es\/wp-json\/wp\/v2\/users\/1"}],"replies":[{"embeddable":true,"href":"https:\/\/cedarhealthresearch.com\/es\/wp-json\/wp\/v2\/comments?post=5375"}],"version-history":[{"count":3,"href":"https:\/\/cedarhealthresearch.com\/es\/wp-json\/wp\/v2\/pages\/5375\/revisions"}],"predecessor-version":[{"id":5743,"href":"https:\/\/cedarhealthresearch.com\/es\/wp-json\/wp\/v2\/pages\/5375\/revisions\/5743"}],"up":[{"embeddable":true,"href":"https:\/\/cedarhealthresearch.com\/es\/wp-json\/wp\/v2\/pages\/523"}],"wp:attachment":[{"href":"https:\/\/cedarhealthresearch.com\/es\/wp-json\/wp\/v2\/media?parent=5375"}],"curies":[{"name":"wp","href":"https:\/\/api.w.org\/{rel}","templated":true}]}}