{"id":5371,"date":"2024-10-29T15:30:51","date_gmt":"2024-10-29T20:30:51","guid":{"rendered":"https:\/\/cedarhealthresearch.com\/?page_id=5371"},"modified":"2025-10-24T15:23:41","modified_gmt":"2025-10-24T20:23:41","slug":"brandon-garrett","status":"publish","type":"page","link":"https:\/\/cedarhealthresearch.com\/es\/about-us\/our-team\/brandon-garrett\/","title":{"rendered":"Brandon Garrett"},"content":{"rendered":"<div class=\"wpb-content-wrapper\"><div class=\"vc_row wpb_row vc_row-fluid\"><div class=\"wpb_column vc_column_container vc_col-sm-12 vc_col-lg-offset-1 vc_col-lg-10 vc_col-md-offset-1 vc_col-md-10\"><div class=\"vc_column-inner\"><div class=\"wpb_wrapper\">\n\t<div class=\"wpb_text_column wpb_content_element\" >\n\t\t<div class=\"wpb_wrapper\">\n\t\t\t<h3>Brandon Garrett<\/h3>\n<p><img loading=\"lazy\" decoding=\"async\" class=\"alignleft wp-image-659 size-medium\" src=\"https:\/\/cedarhealthresearch.com\/wp-content\/uploads\/2024\/10\/Brandon-Garrett-.jpg\" alt=\"Brandon Garrett\" width=\"200\" height=\"300\" \/> Brandon Garrett se desempe\u00f1a como director de operaciones del National Minority Quality Forum, una organizaci\u00f3n sin fines de lucro con sede en Washington, DC, que se centra en la atenci\u00f3n centrada en el paciente y en poner fin a las disparidades en la salud.<\/p>\n<p>El Sr. Garrett ha trabajado en muchas \u00e1reas del gobierno federal, desde Jefe de Gabinete hasta la Presidenta del Grupo de Trabajo sobre Salud del Caucus Negro del Congreso, la Congresista Robin Kelly; Director de Pol\u00edticas del Presidente del Caucus Negro del Congreso, Emanuel Cleaver; Director Legislativo de la entonces Congresista Marcia Fudge y Asistente Legislativo del ex Congresista William Jefferson. Tambi\u00e9n se desempe\u00f1\u00f3 como Asesor Pol\u00edtico y de Pol\u00edticas del entonces Vicepresidente Joe Biden. Por \u00faltimo, tambi\u00e9n tiene experiencia en el mundo del capital privado, donde se desempe\u00f1\u00f3 como Director Gerente en Paladin Healthcare Capital.<\/p>\n<p>El Sr. Garrett tambi\u00e9n form\u00f3 parte anteriormente del Consejo de Administraci\u00f3n de la Universidad Xavier de Luisiana y ha recibido numerosos premios por su trabajo en los negocios y las pol\u00edticas p\u00fablicas, incluido el Premio al Personal de Salud de la Fundaci\u00f3n CBC, el Premio al Liderazgo en Pol\u00edticas P\u00fablicas de la Asociaci\u00f3n del Personal del Congreso, el 114\u00ba Congreso Stennis Fellow, el Top 40 Under 40 Leader in Minority Health y el Premio al L\u00edder Destacado de la Fundaci\u00f3n Fund II.<\/p>\n\n\t\t<\/div>\n\t<\/div>\n<\/div><\/div><\/div><\/div><div class=\"vc_row wpb_row vc_row-fluid\"><div class=\"wpb_column vc_column_container vc_col-sm-12\"><div class=\"vc_column-inner\"><div class=\"wpb_wrapper\"><div id=\"ultimate-heading-427869de59399a63d\" class=\"uvc-heading ult-adjust-bottom-margin ultimate-heading-427869de59399a63d uvc-1373  uvc-heading-default-font-sizes\" data-hspacer=\"no_spacer\"  data-halign=\"center\" style=\"text-align:center\"><div class=\"uvc-heading-spacer no_spacer\" style=\"top\"><\/div><\/div><\/div><\/div><\/div><\/div>\n<\/div>","protected":false},"excerpt":{"rendered":"<p>Brandon Garrett Brandon Garrett se desempe\u00f1a como director de operaciones del National Minority Quality Forum, una organizaci\u00f3n sin fines de lucro con sede en Washington, DC, que se enfoca en la atenci\u00f3n centrada en el paciente y en terminar con las disparidades en materia de salud. El Sr. Garrett ha trabajado en muchas \u00e1reas del gobierno federal, desde jefe de gabinete hasta presidente del Congressional Black Caucus Health Braintrust, la congresista Robin Kelly;<\/p>","protected":false},"author":1,"featured_media":0,"parent":523,"menu_order":0,"comment_status":"closed","ping_status":"closed","template":"","meta":{"_monsterinsights_skip_tracking":false,"_monsterinsights_sitenote_active":false,"_monsterinsights_sitenote_note":"","_monsterinsights_sitenote_category":0,"footnotes":""},"class_list":["post-5371","page","type-page","status-publish","hentry","description-off"],"aioseo_notices":[],"_links":{"self":[{"href":"https:\/\/cedarhealthresearch.com\/es\/wp-json\/wp\/v2\/pages\/5371","targetHints":{"allow":["GET"]}}],"collection":[{"href":"https:\/\/cedarhealthresearch.com\/es\/wp-json\/wp\/v2\/pages"}],"about":[{"href":"https:\/\/cedarhealthresearch.com\/es\/wp-json\/wp\/v2\/types\/page"}],"author":[{"embeddable":true,"href":"https:\/\/cedarhealthresearch.com\/es\/wp-json\/wp\/v2\/users\/1"}],"replies":[{"embeddable":true,"href":"https:\/\/cedarhealthresearch.com\/es\/wp-json\/wp\/v2\/comments?post=5371"}],"version-history":[{"count":2,"href":"https:\/\/cedarhealthresearch.com\/es\/wp-json\/wp\/v2\/pages\/5371\/revisions"}],"predecessor-version":[{"id":5732,"href":"https:\/\/cedarhealthresearch.com\/es\/wp-json\/wp\/v2\/pages\/5371\/revisions\/5732"}],"up":[{"embeddable":true,"href":"https:\/\/cedarhealthresearch.com\/es\/wp-json\/wp\/v2\/pages\/523"}],"wp:attachment":[{"href":"https:\/\/cedarhealthresearch.com\/es\/wp-json\/wp\/v2\/media?parent=5371"}],"curies":[{"name":"wp","href":"https:\/\/api.w.org\/{rel}","templated":true}]}}