{"id":5359,"date":"2024-10-29T15:30:22","date_gmt":"2024-10-29T20:30:22","guid":{"rendered":"https:\/\/cedarhealthresearch.com\/?page_id=5359"},"modified":"2025-10-24T15:29:19","modified_gmt":"2025-10-24T20:29:19","slug":"max-korenvaes","status":"publish","type":"page","link":"https:\/\/cedarhealthresearch.com\/es\/about-us\/our-team\/max-korenvaes\/","title":{"rendered":"Max Korenvaes"},"content":{"rendered":"<div class=\"wpb-content-wrapper\"><div class=\"vc_row wpb_row vc_row-fluid\"><div class=\"wpb_column vc_column_container vc_col-sm-12 vc_col-lg-offset-1 vc_col-lg-10 vc_col-md-offset-1 vc_col-md-10\"><div class=\"vc_column-inner\"><div class=\"wpb_wrapper\">\n\t<div class=\"wpb_text_column wpb_content_element\" >\n\t\t<div class=\"wpb_wrapper\">\n\t\t\t<h3>Max Korenvaes<\/h3>\n<p><img loading=\"lazy\" decoding=\"async\" class=\"alignleft wp-image-659 size-medium\" src=\"https:\/\/cedarhealthresearch.com\/wp-content\/uploads\/2024\/10\/Max-Korenvaes.jpg\" alt=\"Max Korenvaes\" width=\"200\" height=\"300\" \/> Max Korenvaes lidera las estrategias de biotecnolog\u00eda, tecnolog\u00eda agr\u00edcola, dispositivos m\u00e9dicos, servicios de atenci\u00f3n m\u00e9dica, seguridad cibern\u00e9tica, aeroespacial y defensa, y materiales en Korenvaes Management, donde es director y gerente general. Es cofundador de Arbor Diagnostics, Inc., Cedar Health Research e Ironwood Cyber, Inc. Max es miembro de las juntas directivas de Texas Crop Science, EndoGI, AirKor, IronWood Cyber, Inc. y Cedar Health Research.<\/p>\n<p>Max desarroll\u00f3 la filosof\u00eda de \u201ccomprar o construir\u201d en Korenvaes Management, seg\u00fan la cual la oficina toma la decisi\u00f3n de incubar y\/o construir empresas o invertir de forma activa o pasiva. Tambi\u00e9n ayuda a supervisar una cartera de inversiones alternativas en capital privado, fondos de cobertura y sociedades limitadas de capital de riesgo. Max se desempe\u00f1a como asesor s\u00e9nior de comercializaci\u00f3n de DARPA y se gradu\u00f3 de la Universidad de Cornell con una licenciatura en Relaciones Industriales y Laborales.<\/p>\n\n\t\t<\/div>\n\t<\/div>\n<\/div><\/div><\/div><\/div><div class=\"vc_row wpb_row vc_row-fluid\"><div class=\"wpb_column vc_column_container vc_col-sm-12\"><div class=\"vc_column-inner\"><div class=\"wpb_wrapper\"><div id=\"ultimate-heading-859469f423cf1af52\" class=\"uvc-heading ult-adjust-bottom-margin ultimate-heading-859469f423cf1af52 uvc-4108  uvc-heading-default-font-sizes\" data-hspacer=\"no_spacer\"  data-halign=\"center\" style=\"text-align:center\"><div class=\"uvc-heading-spacer no_spacer\" style=\"top\"><\/div><\/div><\/div><\/div><\/div><\/div>\n<\/div>","protected":false},"excerpt":{"rendered":"<p>Max Korenvaes Max Korenvaes lidera las estrategias de biotecnolog\u00eda, tecnolog\u00eda agr\u00edcola, dispositivos m\u00e9dicos, servicios de atenci\u00f3n m\u00e9dica, seguridad cibern\u00e9tica, aeroespacial y defensa, y materiales en Korenvaes Management, donde es director y director general. Es cofundador de Arbor Diagnostics, Inc., Cedar Health Research e Ironwood Cyber, Inc. Max es miembro de las juntas directivas de Texas Crop Science,\u2026<\/p>","protected":false},"author":1,"featured_media":0,"parent":523,"menu_order":0,"comment_status":"closed","ping_status":"closed","template":"","meta":{"_monsterinsights_skip_tracking":false,"_monsterinsights_sitenote_active":false,"_monsterinsights_sitenote_note":"","_monsterinsights_sitenote_category":0,"footnotes":""},"class_list":["post-5359","page","type-page","status-publish","hentry","description-off"],"aioseo_notices":[],"_links":{"self":[{"href":"https:\/\/cedarhealthresearch.com\/es\/wp-json\/wp\/v2\/pages\/5359","targetHints":{"allow":["GET"]}}],"collection":[{"href":"https:\/\/cedarhealthresearch.com\/es\/wp-json\/wp\/v2\/pages"}],"about":[{"href":"https:\/\/cedarhealthresearch.com\/es\/wp-json\/wp\/v2\/types\/page"}],"author":[{"embeddable":true,"href":"https:\/\/cedarhealthresearch.com\/es\/wp-json\/wp\/v2\/users\/1"}],"replies":[{"embeddable":true,"href":"https:\/\/cedarhealthresearch.com\/es\/wp-json\/wp\/v2\/comments?post=5359"}],"version-history":[{"count":6,"href":"https:\/\/cedarhealthresearch.com\/es\/wp-json\/wp\/v2\/pages\/5359\/revisions"}],"predecessor-version":[{"id":5742,"href":"https:\/\/cedarhealthresearch.com\/es\/wp-json\/wp\/v2\/pages\/5359\/revisions\/5742"}],"up":[{"embeddable":true,"href":"https:\/\/cedarhealthresearch.com\/es\/wp-json\/wp\/v2\/pages\/523"}],"wp:attachment":[{"href":"https:\/\/cedarhealthresearch.com\/es\/wp-json\/wp\/v2\/media?parent=5359"}],"curies":[{"name":"wp","href":"https:\/\/api.w.org\/{rel}","templated":true}]}}