{"id":5355,"date":"2024-10-29T11:20:18","date_gmt":"2024-10-29T16:20:18","guid":{"rendered":"https:\/\/cedarhealthresearch.com\/?page_id=5355"},"modified":"2024-11-12T10:34:50","modified_gmt":"2024-11-12T15:34:50","slug":"nuevos-estudios-de-investigacion-sobre-la-endometriosis","status":"publish","type":"page","link":"https:\/\/cedarhealthresearch.com\/es\/new-endometriosis-research-studies\/","title":{"rendered":"Nuevos estudios de investigaci\u00f3n sobre la endometriosis"},"content":{"rendered":"<p class=\"has-text-align-center\">\u00bfEst\u00e1s luchando contra el dolor de la endometriosis?<br><strong><em>\u00a1Usted no est\u00e1 solo!<\/em><\/strong> \u00a1Quiz\u00e1s haya ayuda disponible!<br><br>La endometriosis afecta aproximadamente a 10% (190 millones) de mujeres y ni\u00f1as en edad reproductiva en todo el mundo.<\/p>\n\n\n\n<p class=\"has-text-align-center\">\u00a1Uno de nuestros estudios de investigaci\u00f3n podr\u00eda ayudar a brindar nuevas opciones para el tratamiento de su dolor!<\/p>\n\n\n<div class=\"wp-block-image\">\n<figure class=\"aligncenter size-full\"><img loading=\"lazy\" decoding=\"async\" width=\"500\" height=\"875\" src=\"https:\/\/cedarhealthresearch.com\/wp-content\/uploads\/2024\/10\/Endo-Requirements1.png\" alt=\"\" class=\"wp-image-5398\" srcset=\"https:\/\/cedarhealthresearch.com\/wp-content\/uploads\/2024\/10\/Endo-Requirements1.png 500w, https:\/\/cedarhealthresearch.com\/wp-content\/uploads\/2024\/10\/Endo-Requirements1-171x300.png 171w, https:\/\/cedarhealthresearch.com\/wp-content\/uploads\/2024\/10\/Endo-Requirements1-7x12.png 7w\" sizes=\"auto, (max-width: 500px) 100vw, 500px\" \/><\/figure>\n<\/div>\n\n\n<p class=\"has-text-align-center\">*\u00a1No se requiere seguro para participar en estos estudios!*<\/p>\n\n\n\n<p class=\"has-text-align-center\"><strong>La compensaci\u00f3n por su tiempo y viaje es <span style=\"text-decoration: underline;\">hasta $2,235 por participar<\/span> \u00a1en estos estudios!<\/strong><\/p>\n\n\n\n<div class=\"wp-block-buttons alignfull is-content-justification-center is-layout-flex wp-container-core-buttons-is-layout-062f0008 wp-block-buttons-is-layout-flex\">\n<div class=\"wp-block-button\"><a class=\"wp-block-button__link has-text-align-center wp-element-button\" href=\"https:\/\/cedarhealthresearch.com\/es\/encontrar-un-juicio\/juicios-del-este-de-dfw\/#!\/study\/109\">\u00bfLe han diagnosticado endometriosis hace m\u00e1s de 10 a\u00f1os? \u00a1Pres\u00e9ntese aqu\u00ed!<\/a><\/div>\n<\/div>\n\n\n\n<hr class=\"wp-block-separator has-alpha-channel-opacity\"\/>\n\n\n<div class=\"wp-block-image\">\n<figure class=\"aligncenter size-full\"><img loading=\"lazy\" decoding=\"async\" width=\"400\" height=\"700\" src=\"https:\/\/cedarhealthresearch.com\/wp-content\/uploads\/2024\/10\/To-Qualify-for-Our-Studies.png\" alt=\"\" class=\"wp-image-5318\" srcset=\"https:\/\/cedarhealthresearch.com\/wp-content\/uploads\/2024\/10\/To-Qualify-for-Our-Studies.png 400w, https:\/\/cedarhealthresearch.com\/wp-content\/uploads\/2024\/10\/To-Qualify-for-Our-Studies-171x300.png 171w, https:\/\/cedarhealthresearch.com\/wp-content\/uploads\/2024\/10\/To-Qualify-for-Our-Studies-7x12.png 7w\" sizes=\"auto, (max-width: 400px) 100vw, 400px\" \/><\/figure>\n<\/div>\n\n\n<p><strong><em>\u00bfQu\u00e9 es la endometriosis?<\/em><\/strong><br>La endometriosis hace que el tejido que es similar al revestimiento del \u00fatero crezca en lugares donde no deber\u00eda. Puede causar dolor p\u00e9lvico y per\u00edodos abundantes, as\u00ed como problemas de fertilidad. El tratamiento para la endometriosis implica medicamentos, cirug\u00eda o una combinaci\u00f3n de ambos.<\/p>\n\n\n\n<p><em><strong>\u00bfC\u00f3mo s\u00e9 si tengo endometriosis?<\/strong><\/em><br>Nuestro equipo no puede diagnosticarle la endometriosis. Hable con su m\u00e9dico si presenta alguno de los s\u00edntomas m\u00e1s comunes de la endometriosis:<\/p>\n\n\n\n<ul class=\"wp-block-list\">\n<li>dolor p\u00e9lvico cr\u00f3nico<\/li>\n\n\n\n<li>sangrado abundante durante los per\u00edodos o entre per\u00edodos<\/li>\n\n\n\n<li>problemas para quedar embarazada<\/li>\n\n\n\n<li>hinchaz\u00f3n o n\u00e1useas<\/li>\n\n\n\n<li>fatiga<\/li>\n\n\n\n<li>depresi\u00f3n o ansiedad<\/li>\n<\/ul>\n\n\n\n<p><em><strong>\u00bfQu\u00e9 tan com\u00fan es la endometriosis?<\/strong><\/em><br>La endometriosis es una enfermedad com\u00fan que afecta a aproximadamente 1 de cada 10 mujeres. Los m\u00e9dicos suelen diagnosticarla en mujeres de entre 20 y 30 a\u00f1os.<\/p>\n\n\n\n<p class=\"has-text-align-left\"><em><span style=\"text-decoration: underline;\">Usted puede calificar para nuestros estudios si:<\/span><\/em><br>\u2013 Es una mujer premenop\u00e1usica de entre 18 y 49 a\u00f1os. <br>\u2013 Haber sido diagnosticado quir\u00fargicamente con endometriosis mediante laparoscopia.<br>\u2013 Experimente dolor de endometriosis de moderado a severo<\/p>\n\n\n\n<p>\u00a1Complete nuestro cuestionario en l\u00ednea para ver si califica! <\/p>\n\n\n\n<div class=\"wp-block-buttons is-layout-flex wp-block-buttons-is-layout-flex\">\n<div class=\"wp-block-button\"><a class=\"wp-block-button__link wp-element-button\" href=\"https:\/\/cedarhealthresearch.com\/es\/encontrar-un-juicio\/juicios-del-este-de-dfw\/#!\/study\/109\" target=\"_blank\" rel=\"noreferrer noopener\">\u00bfLe han diagnosticado endometriosis hace m\u00e1s de 10 a\u00f1os? \u00a1Pres\u00e9ntese aqu\u00ed!<\/a><\/div>\n<\/div>\n\n\n\n<p>Para obtener m\u00e1s informaci\u00f3n sobre las migra\u00f1as pedi\u00e1tricas, visite <a href=\"https:\/\/my.clevelandclinic.org\/health\/diseases\/10857-endometriosis\" target=\"_blank\" rel=\"noopener\" title=\"\">El sitio web de la Cl\u00ednica Cleveland.<\/a><\/p>\n\n\n\n<p><\/p>","protected":false},"excerpt":{"rendered":"<p>\u00bfEst\u00e1s luchando contra el dolor de la endometriosis? Hay ayuda disponible. La endometriosis afecta aproximadamente a 10% (190 millones) de mujeres y ni\u00f1as en edad reproductiva en todo el mundo. Uno de nuestros estudios de investigaci\u00f3n podr\u00eda ofrecerle nuevas opciones para tratar su dolor. *No es necesario tener seguro m\u00e9dico para participar en estos estudios.<\/p>","protected":false},"author":4,"featured_media":0,"parent":0,"menu_order":0,"comment_status":"closed","ping_status":"closed","template":"","meta":{"_monsterinsights_skip_tracking":false,"_monsterinsights_sitenote_active":false,"_monsterinsights_sitenote_note":"","_monsterinsights_sitenote_category":0,"footnotes":""},"class_list":["post-5355","page","type-page","status-publish","hentry","description-off"],"aioseo_notices":[],"_links":{"self":[{"href":"https:\/\/cedarhealthresearch.com\/es\/wp-json\/wp\/v2\/pages\/5355","targetHints":{"allow":["GET"]}}],"collection":[{"href":"https:\/\/cedarhealthresearch.com\/es\/wp-json\/wp\/v2\/pages"}],"about":[{"href":"https:\/\/cedarhealthresearch.com\/es\/wp-json\/wp\/v2\/types\/page"}],"author":[{"embeddable":true,"href":"https:\/\/cedarhealthresearch.com\/es\/wp-json\/wp\/v2\/users\/4"}],"replies":[{"embeddable":true,"href":"https:\/\/cedarhealthresearch.com\/es\/wp-json\/wp\/v2\/comments?post=5355"}],"version-history":[{"count":3,"href":"https:\/\/cedarhealthresearch.com\/es\/wp-json\/wp\/v2\/pages\/5355\/revisions"}],"predecessor-version":[{"id":5407,"href":"https:\/\/cedarhealthresearch.com\/es\/wp-json\/wp\/v2\/pages\/5355\/revisions\/5407"}],"wp:attachment":[{"href":"https:\/\/cedarhealthresearch.com\/es\/wp-json\/wp\/v2\/media?parent=5355"}],"curies":[{"name":"wp","href":"https:\/\/api.w.org\/{rel}","templated":true}]}}