{"id":5352,"date":"2024-10-29T10:51:20","date_gmt":"2024-10-29T15:51:20","guid":{"rendered":"https:\/\/cedarhealthresearch.com\/?page_id=5352"},"modified":"2024-10-31T10:26:53","modified_gmt":"2024-10-31T15:26:53","slug":"nuevos-estudios-sobre-la-migrana-en-la-adolescencia","status":"publish","type":"page","link":"https:\/\/cedarhealthresearch.com\/es\/new-adolescent-migraine-studies\/","title":{"rendered":"Nuevos estudios sobre la migra\u00f1a en adolescentes"},"content":{"rendered":"<p class=\"has-text-align-center\">\u00bfSu hijo sufre dolores por migra\u00f1as frecuentes?<br><strong><em>\u00a1Usted no est\u00e1 solo!<\/em><\/strong> \u00a1Quiz\u00e1s haya ayuda disponible!<br><br>10\u201320% de ni\u00f1os en edad escolar y adolescentes mayores pueden estar sufriendo migra\u00f1as cr\u00f3nicas.<\/p>\n\n\n\n<p class=\"has-text-align-center\">\u00a1Uno de nuestros estudios de investigaci\u00f3n podr\u00eda ayudar a brindar nuevas opciones para el tratamiento del dolor de su hijo!<\/p>\n\n\n<div class=\"wp-block-image\">\n<figure class=\"aligncenter size-full\"><img loading=\"lazy\" decoding=\"async\" width=\"500\" height=\"875\" src=\"https:\/\/cedarhealthresearch.com\/wp-content\/uploads\/2024\/10\/Ped-Migraine-Requirements2.png\" alt=\"\" class=\"wp-image-5396\" srcset=\"https:\/\/cedarhealthresearch.com\/wp-content\/uploads\/2024\/10\/Ped-Migraine-Requirements2.png 500w, https:\/\/cedarhealthresearch.com\/wp-content\/uploads\/2024\/10\/Ped-Migraine-Requirements2-171x300.png 171w, https:\/\/cedarhealthresearch.com\/wp-content\/uploads\/2024\/10\/Ped-Migraine-Requirements2-7x12.png 7w\" sizes=\"auto, (max-width: 500px) 100vw, 500px\" \/><\/figure>\n<\/div>\n\n\n<p class=\"has-text-align-center\">*\u00a1No se requiere seguro para participar en estos estudios!*<\/p>\n\n\n\n<p class=\"has-text-align-center\"><strong>La compensaci\u00f3n por su tiempo y viaje es <span style=\"text-decoration: underline;\">hasta $300 por participar<\/span> \u00a1en estos estudios!<\/strong><\/p>\n\n\n\n<div class=\"wp-block-buttons alignfull is-content-justification-center is-layout-flex wp-container-core-buttons-is-layout-062f0008 wp-block-buttons-is-layout-flex\">\n<div class=\"wp-block-button\"><a class=\"wp-block-button__link has-text-align-center wp-element-button\" href=\"https:\/\/cedarhealthresearch.com\/es\/encontrar-un-juicio\/juicios-del-este-de-dfw\/#!\/study\/25\" target=\"_blank\" rel=\"noreferrer noopener\">Haga clic aqu\u00ed para ver si califica para nuestros estudios sobre migra\u00f1a<\/a><\/div>\n<\/div>\n\n\n\n<hr class=\"wp-block-separator has-alpha-channel-opacity\"\/>\n\n\n<div class=\"wp-block-image\">\n<figure class=\"aligncenter size-full\"><img loading=\"lazy\" decoding=\"async\" width=\"400\" height=\"700\" src=\"https:\/\/cedarhealthresearch.com\/wp-content\/uploads\/2024\/10\/To-Qualify-for-Our-Studies.png\" alt=\"\" class=\"wp-image-5318\" srcset=\"https:\/\/cedarhealthresearch.com\/wp-content\/uploads\/2024\/10\/To-Qualify-for-Our-Studies.png 400w, https:\/\/cedarhealthresearch.com\/wp-content\/uploads\/2024\/10\/To-Qualify-for-Our-Studies-171x300.png 171w, https:\/\/cedarhealthresearch.com\/wp-content\/uploads\/2024\/10\/To-Qualify-for-Our-Studies-7x12.png 7w\" sizes=\"auto, (max-width: 400px) 100vw, 400px\" \/><\/figure>\n<\/div>\n\n\n<p><strong><em>\u00bfQu\u00e9 son las migra\u00f1as en los ni\u00f1os?<\/em><\/strong><br>Las migra\u00f1as en los ni\u00f1os son la misma enfermedad que afecta a los adultos, pero los afecta de diferentes maneras. Las migra\u00f1as de los ni\u00f1os suelen afectar ambos lados de la cabeza, mientras que las migra\u00f1as de los adultos suelen ser unilaterales. Adem\u00e1s, los ataques de migra\u00f1a de los ni\u00f1os suelen ser m\u00e1s breves que las de los adultos. Sin embargo, las migra\u00f1as infantiles pueden ser incapacitantes y hacer que los ni\u00f1os falten a la escuela, a los deportes y a otras actividades.<\/p>\n\n\n\n<p><em><strong>\u00bfC\u00f3mo puedo saber si mi hijo tiene migra\u00f1as?<\/strong><\/em><br>Nuestro equipo no puede diagnosticarle migra\u00f1as. Hable con su m\u00e9dico si su hijo presenta algunos de los s\u00edntomas m\u00e1s comunes del dolor por migra\u00f1a:<\/p>\n\n\n\n<ul class=\"wp-block-list\">\n<li>Dolor de cabeza punzante<\/li>\n\n\n\n<li>N\u00e1useas y v\u00f3mitos<\/li>\n\n\n\n<li>Mareo<\/li>\n\n\n\n<li>Problemas de visi\u00f3n, como ver manchas o luces intermitentes.<\/li>\n\n\n\n<li>Sensibilidad a la luz, el sonido y el olfato<\/li>\n<\/ul>\n\n\n\n<p><em><strong>\u00bfQu\u00e9 tan comunes son las migra\u00f1as en los ni\u00f1os?<\/strong><\/em><br>Las migra\u00f1as pedi\u00e1tricas son uno de los trastornos neurol\u00f3gicos m\u00e1s comunes en los ni\u00f1os. Aproximadamente el 101% de los ni\u00f1os de entre 5 y 15 a\u00f1os padecen migra\u00f1as, y el 281% de los adolescentes han padecido alguna.<\/p>\n\n\n\n<p class=\"has-text-align-left\"><em><span style=\"text-decoration: underline;\">Su hijo puede calificar para nuestros estudios si:<\/span><\/em><br>\u2013 Tienen entre 6 y 17 a\u00f1os<br>\u2013 Tiene entre 1 y 14 migra\u00f1as al mes durante al menos 6 meses.<br>\u2013 Est\u00e1 tomando actualmente o ha tomado anteriormente al menos un medicamento oral para ayudar a tratar su migra\u00f1a.<\/p>\n\n\n\n<div class=\"wp-block-buttons is-layout-flex wp-block-buttons-is-layout-flex\">\n<div class=\"wp-block-button\"><a class=\"wp-block-button__link wp-element-button\" href=\"https:\/\/cedarhealthresearch.com\/es\/encontrar-un-juicio\/juicios-del-este-de-dfw\/#!\/study\/25\" target=\"_blank\" rel=\"noreferrer noopener\">\u00a1Complete nuestro cuestionario en l\u00ednea para ver si califica!<\/a><\/div>\n<\/div>\n\n\n\n<p><\/p>\n\n\n\n<p>Para obtener m\u00e1s informaci\u00f3n sobre las migra\u00f1as pedi\u00e1tricas, visite <a href=\"https:\/\/my.clevelandclinic.org\/health\/diseases\/9637-migraines-in-children-and-adolescents\" target=\"_blank\" rel=\"noopener\" title=\"\">El sitio web de la Cl\u00ednica Cleveland.<\/a><\/p>\n\n\n\n<p><\/p>","protected":false},"excerpt":{"rendered":"<p>\u00bfSu hijo sufre de migra\u00f1as frecuentes? \u00a1No est\u00e1 solo! Hay ayuda disponible. 10-20% de los ni\u00f1os en edad escolar y los adolescentes mayores pueden padecer migra\u00f1as cr\u00f3nicas. \u00a1Uno de nuestros estudios de investigaci\u00f3n podr\u00eda ayudar a proporcionar nuevas opciones para el tratamiento del dolor de su hijo! *No es necesario tener seguro para participar en estos estudios...<\/p>","protected":false},"author":4,"featured_media":0,"parent":0,"menu_order":0,"comment_status":"closed","ping_status":"closed","template":"","meta":{"_monsterinsights_skip_tracking":false,"_monsterinsights_sitenote_active":false,"_monsterinsights_sitenote_note":"","_monsterinsights_sitenote_category":0,"footnotes":""},"class_list":["post-5352","page","type-page","status-publish","hentry","description-off"],"aioseo_notices":[],"_links":{"self":[{"href":"https:\/\/cedarhealthresearch.com\/es\/wp-json\/wp\/v2\/pages\/5352","targetHints":{"allow":["GET"]}}],"collection":[{"href":"https:\/\/cedarhealthresearch.com\/es\/wp-json\/wp\/v2\/pages"}],"about":[{"href":"https:\/\/cedarhealthresearch.com\/es\/wp-json\/wp\/v2\/types\/page"}],"author":[{"embeddable":true,"href":"https:\/\/cedarhealthresearch.com\/es\/wp-json\/wp\/v2\/users\/4"}],"replies":[{"embeddable":true,"href":"https:\/\/cedarhealthresearch.com\/es\/wp-json\/wp\/v2\/comments?post=5352"}],"version-history":[{"count":4,"href":"https:\/\/cedarhealthresearch.com\/es\/wp-json\/wp\/v2\/pages\/5352\/revisions"}],"predecessor-version":[{"id":5397,"href":"https:\/\/cedarhealthresearch.com\/es\/wp-json\/wp\/v2\/pages\/5352\/revisions\/5397"}],"wp:attachment":[{"href":"https:\/\/cedarhealthresearch.com\/es\/wp-json\/wp\/v2\/media?parent=5352"}],"curies":[{"name":"wp","href":"https:\/\/api.w.org\/{rel}","templated":true}]}}