{"id":5342,"date":"2024-10-18T14:00:08","date_gmt":"2024-10-18T19:00:08","guid":{"rendered":"https:\/\/cedarhealthresearch.com\/?page_id=5342"},"modified":"2025-10-24T15:30:25","modified_gmt":"2025-10-24T20:30:25","slug":"mimi-fenton","status":"publish","type":"page","link":"https:\/\/cedarhealthresearch.com\/es\/about-us\/our-team\/mimi-fenton\/","title":{"rendered":"Mimi Fenton"},"content":{"rendered":"<div class=\"wpb-content-wrapper\"><div class=\"vc_row wpb_row vc_row-fluid\"><div class=\"wpb_column vc_column_container vc_col-sm-12 vc_col-lg-offset-1 vc_col-lg-10 vc_col-md-offset-1 vc_col-md-10\"><div class=\"vc_column-inner\"><div class=\"wpb_wrapper\">\n\t<div class=\"wpb_text_column wpb_content_element\" >\n\t\t<div class=\"wpb_wrapper\">\n\t\t\t<h3>Mimi Fenton<\/h3>\n<p><span style=\"color: #999999;\"><strong>Director ejecutivo<\/strong><\/span><\/p>\n<p><img loading=\"lazy\" decoding=\"async\" class=\"alignleft wp-image-659 size-medium\" src=\"https:\/\/cedarhealthresearch.com\/wp-content\/uploads\/2024\/10\/Mimi-Fenton.png\" alt=\"\" width=\"200\" height=\"300\" \/> La Dra. Mimi Fenton, directora ejecutiva de Cedar Research y Aspen Insights, es una ejecutiva experimentada en el \u00e1rea de ciencias biol\u00f3gicas con m\u00e1s de 20 a\u00f1os de experiencia en el sector farmac\u00e9utico global (Sanofi), servicios farmac\u00e9uticos (Syneos Health), comercio minorista\/farmacia (Walmart) y el mundo acad\u00e9mico (Universidad de Columbia, Universidad de Rutgers). Mimi tiene una amplia experiencia en el desarrollo de estrategias innovadoras de generaci\u00f3n de evidencia para desbloquear propuestas de valor poderosas para medicamentos y dispositivos en aplicaciones cl\u00ednicas y comerciales. Mimi es una creadora de negocios con un \u00e9xito demostrado en la arquitectura de estrategias corporativas, la creaci\u00f3n de equipos y procesos, el impulso de los ingresos y el valor de volante de inercia, y la creaci\u00f3n de asociaciones comerciales, tecnol\u00f3gicas y acad\u00e9micas. Empodera a los equipos para cerrar la brecha entre la ciencia, la innovaci\u00f3n y la salida al mercado con la aplicaci\u00f3n inteligente de datos y tecnolog\u00eda. Mimi tambi\u00e9n ha liderado los esfuerzos de sus equipos anteriores para impulsar un crecimiento rentable, acelerar el desarrollo de medicamentos, permitir el acceso y mejorar la vida de los pacientes. Mimi tiene un doctorado en Epidemiolog\u00eda de la Universidad de Columbia, un m\u00e1ster en Salud P\u00fablica de la Universidad de Brown y una licenciatura de la Universidad de Pensilvania. Es una l\u00edder de pensamiento en su campo y es miembro de la Junta Directiva del Arkansas Children&#039;s Hospital y de la Junta de Asesores de Carna Health y Uncommon Cures.<\/p>\n\n\t\t<\/div>\n\t<\/div>\n<\/div><\/div><\/div><\/div><div class=\"vc_row wpb_row vc_row-fluid\"><div class=\"wpb_column vc_column_container vc_col-sm-12\"><div class=\"vc_column-inner\"><div class=\"wpb_wrapper\"><div id=\"ultimate-heading-521769de5936951f4\" class=\"uvc-heading ult-adjust-bottom-margin ultimate-heading-521769de5936951f4 uvc-459  uvc-heading-default-font-sizes\" data-hspacer=\"no_spacer\"  data-halign=\"center\" style=\"text-align:center\"><div class=\"uvc-heading-spacer no_spacer\" style=\"top\"><\/div><\/div><\/div><\/div><\/div><\/div>\n<\/div>","protected":false},"excerpt":{"rendered":"<p>Mimi Fenton, directora ejecutiva La Dra. Mimi Fenton, directora ejecutiva de Cedar Research y Aspen Insights, es una experimentada ejecutiva en el \u00e1rea de ciencias biol\u00f3gicas con m\u00e1s de 20 a\u00f1os de experiencia en el sector farmac\u00e9utico global (Sanofi), servicios farmac\u00e9uticos (Syneos Health), comercio minorista\/farmacia (Walmart) y el mundo acad\u00e9mico (Universidad de Columbia, Universidad de Rutgers). Mimi tiene una amplia experiencia en el desarrollo de estrategias innovadoras de generaci\u00f3n de evidencia para desbloquear medicamentos poderosos\u2026<\/p>","protected":false},"author":1,"featured_media":0,"parent":523,"menu_order":0,"comment_status":"closed","ping_status":"closed","template":"","meta":{"_monsterinsights_skip_tracking":false,"_monsterinsights_sitenote_active":false,"_monsterinsights_sitenote_note":"","_monsterinsights_sitenote_category":0,"footnotes":""},"class_list":["post-5342","page","type-page","status-publish","hentry","description-off"],"aioseo_notices":[],"_links":{"self":[{"href":"https:\/\/cedarhealthresearch.com\/es\/wp-json\/wp\/v2\/pages\/5342","targetHints":{"allow":["GET"]}}],"collection":[{"href":"https:\/\/cedarhealthresearch.com\/es\/wp-json\/wp\/v2\/pages"}],"about":[{"href":"https:\/\/cedarhealthresearch.com\/es\/wp-json\/wp\/v2\/types\/page"}],"author":[{"embeddable":true,"href":"https:\/\/cedarhealthresearch.com\/es\/wp-json\/wp\/v2\/users\/1"}],"replies":[{"embeddable":true,"href":"https:\/\/cedarhealthresearch.com\/es\/wp-json\/wp\/v2\/comments?post=5342"}],"version-history":[{"count":3,"href":"https:\/\/cedarhealthresearch.com\/es\/wp-json\/wp\/v2\/pages\/5342\/revisions"}],"predecessor-version":[{"id":5745,"href":"https:\/\/cedarhealthresearch.com\/es\/wp-json\/wp\/v2\/pages\/5342\/revisions\/5745"}],"up":[{"embeddable":true,"href":"https:\/\/cedarhealthresearch.com\/es\/wp-json\/wp\/v2\/pages\/523"}],"wp:attachment":[{"href":"https:\/\/cedarhealthresearch.com\/es\/wp-json\/wp\/v2\/media?parent=5342"}],"curies":[{"name":"wp","href":"https:\/\/api.w.org\/{rel}","templated":true}]}}