{"id":5299,"date":"2024-10-02T13:14:52","date_gmt":"2024-10-02T18:14:52","guid":{"rendered":"https:\/\/cedarhealthresearch.com\/?page_id=5299"},"modified":"2024-10-03T11:01:56","modified_gmt":"2024-10-03T16:01:56","slug":"acceso-a-nuevas-opciones-para-la-neuropatia-diabetica-periferica","status":"publish","type":"page","link":"https:\/\/cedarhealthresearch.com\/es\/access-new-options-for-diabetic-peripheral-neuropathy\/","title":{"rendered":"Nuevos estudios sobre neuropat\u00eda perif\u00e9rica diab\u00e9tica"},"content":{"rendered":"<p class=\"has-text-align-center\">\u00bfTiene dolor o entumecimiento en las piernas o los brazos debido a la diabetes? <br><strong><em>\u00a1Usted no est\u00e1 solo!<\/em><\/strong><br><br>Alrededor <em>50% de diab\u00e9ticos<\/em> Sufren de dolor en los brazos y las piernas debido a la neuropat\u00eda perif\u00e9rica diab\u00e9tica (NPD).<\/p>\n\n\n\n<p class=\"has-text-align-center\">\u00a1Uno de nuestros estudios de investigaci\u00f3n podr\u00eda ayudar a brindar nuevas opciones para el tratamiento de su dolor!<\/p>\n\n\n<div class=\"wp-block-image\">\n<figure class=\"aligncenter size-full\"><img loading=\"lazy\" decoding=\"async\" width=\"400\" height=\"658\" src=\"https:\/\/cedarhealthresearch.com\/wp-content\/uploads\/2024\/10\/Diabetic-Peripheral-Neuropathy-requirements-1.png\" alt=\"\" class=\"wp-image-5315\" srcset=\"https:\/\/cedarhealthresearch.com\/wp-content\/uploads\/2024\/10\/Diabetic-Peripheral-Neuropathy-requirements-1.png 400w, https:\/\/cedarhealthresearch.com\/wp-content\/uploads\/2024\/10\/Diabetic-Peripheral-Neuropathy-requirements-1-182x300.png 182w, https:\/\/cedarhealthresearch.com\/wp-content\/uploads\/2024\/10\/Diabetic-Peripheral-Neuropathy-requirements-1-7x12.png 7w\" sizes=\"auto, (max-width: 400px) 100vw, 400px\" \/><\/figure>\n<\/div>\n\n\n<p class=\"has-text-align-center\">*\u00a1No se requiere seguro para participar en estos estudios!*<\/p>\n\n\n\n<p class=\"has-text-align-center\"><strong>La compensaci\u00f3n por su tiempo y viaje es <span style=\"text-decoration: underline;\">hasta $800 por participar<\/span> \u00a1en estos estudios!<\/strong><\/p>\n\n\n\n<div class=\"wp-block-buttons alignfull is-content-justification-center is-layout-flex wp-container-core-buttons-is-layout-062f0008 wp-block-buttons-is-layout-flex\">\n<div class=\"wp-block-button\"><a class=\"wp-block-button__link has-text-align-center wp-element-button\" href=\"https:\/\/cedarhealthresearch.com\/es\/encontrar-un-juicio\/juicios-del-este-de-dfw\/#!\/study\/137\" target=\"_blank\" rel=\"noreferrer noopener\">Haga clic aqu\u00ed para ver si califica para los estudios de DPN<\/a><\/div>\n<\/div>\n\n\n\n<hr class=\"wp-block-separator has-alpha-channel-opacity\"\/>\n\n\n<div class=\"wp-block-image\">\n<figure class=\"aligncenter size-full\"><img loading=\"lazy\" decoding=\"async\" width=\"400\" height=\"700\" src=\"https:\/\/cedarhealthresearch.com\/wp-content\/uploads\/2024\/10\/To-Qualify-for-Our-Studies.png\" alt=\"\" class=\"wp-image-5318\" srcset=\"https:\/\/cedarhealthresearch.com\/wp-content\/uploads\/2024\/10\/To-Qualify-for-Our-Studies.png 400w, https:\/\/cedarhealthresearch.com\/wp-content\/uploads\/2024\/10\/To-Qualify-for-Our-Studies-171x300.png 171w, https:\/\/cedarhealthresearch.com\/wp-content\/uploads\/2024\/10\/To-Qualify-for-Our-Studies-7x12.png 7w\" sizes=\"auto, (max-width: 400px) 100vw, 400px\" \/><\/figure>\n<\/div>\n\n\n<p><strong><em>\u00bfQu\u00e9 es la neuropat\u00eda perif\u00e9rica diab\u00e9tica (NPD)?<\/em><\/strong><br>La neuropat\u00eda perif\u00e9rica (dolor en los nervios de los pies, las piernas o las manos) a menudo es causada por da\u00f1o a los nervios causado por diabetes a largo plazo, incluida la hiperglucemia, la diabetes tipo 1 y la diabetes tipo 2.<\/p>\n\n\n\n<p><em><strong>\u00bfC\u00f3mo s\u00e9 si tengo neuropat\u00eda perif\u00e9rica diab\u00e9tica (NPD)?<\/strong><\/em><br>Nuestro equipo no puede diagnosticarle la neuropat\u00eda diab\u00e9tica difusa. Hable con su m\u00e9dico si experimenta alguno de los s\u00edntomas m\u00e1s comunes de la neuropat\u00eda diab\u00e9tica difusa:<\/p>\n\n\n\n<ul class=\"wp-block-list\">\n<li>Entumecimiento, hormigueo o sensaci\u00f3n de hormigueo (m\u00e1s com\u00fanmente en los pies)<\/li>\n\n\n\n<li>Sensaciones como ardor, dolor punzante o punzante.<\/li>\n\n\n\n<li>Debilidad muscular<\/li>\n\n\n\n<li>\u00dalceras en los pies que cicatrizan lentamente o que persisten<\/li>\n\n\n\n<li>P\u00e9rdida total de sensibilidad en el pie. <\/li>\n<\/ul>\n\n\n\n<p><em><strong>\u00bfQu\u00e9 tan com\u00fan es la neuropat\u00eda perif\u00e9rica diab\u00e9tica (NPD)?<\/strong><\/em><br>Hay muchos estudios al respecto, pero la DPN es relativamente com\u00fan y afecta a alrededor del 50% de los diab\u00e9ticos.<\/p>\n\n\n\n<p class=\"has-text-align-left\"><em><span style=\"text-decoration: underline;\">Usted puede calificar para nuestros estudios si:<\/span><\/em><br>\u2013 Tienen m\u00e1s de 18 a\u00f1os de edad<br>\u2013 Ha sido diagnosticado con diabetes tipo 1 o tipo 2 con dolor cr\u00f3nico.<br>\u2013 Tener un IMC entre 18-40<\/p>\n\n\n\n<div class=\"wp-block-buttons is-layout-flex wp-block-buttons-is-layout-flex\">\n<div class=\"wp-block-button\"><a class=\"wp-block-button__link wp-element-button\" href=\"https:\/\/cedarhealthresearch.com\/es\/encontrar-un-juicio\/juicios-del-este-de-dfw\/#!\/study\/137\" target=\"_blank\" rel=\"noreferrer noopener\">\u00a1Complete nuestro cuestionario en l\u00ednea para ver si califica!<\/a><\/div>\n<\/div>\n\n\n\n<p><\/p>\n\n\n\n<p>Para obtener m\u00e1s informaci\u00f3n sobre la neuropat\u00eda perif\u00e9rica diab\u00e9tica, visite <a href=\"https:\/\/my.clevelandclinic.org\/health\/diseases\/21621-diabetic-neuropathy\" target=\"_blank\" rel=\"noopener\" title=\"\">El sitio web de la Cl\u00ednica Cleveland.<\/a><\/p>\n\n\n\n<p><\/p>","protected":false},"excerpt":{"rendered":"<p>Struggling with pain or numbness in your legs or arms from diabetes? You are not alone! Around 50% of diabetics suffer from pain in their arms and legs from Diabetic Peripheral Neuropathy (DPN). One of our research studies could help provide new options for treatment of your pain! *No insurance is required to participate in&hellip;<\/p>","protected":false},"author":4,"featured_media":0,"parent":0,"menu_order":0,"comment_status":"closed","ping_status":"closed","template":"","meta":{"_monsterinsights_skip_tracking":false,"_monsterinsights_sitenote_active":false,"_monsterinsights_sitenote_note":"","_monsterinsights_sitenote_category":0,"footnotes":""},"class_list":["post-5299","page","type-page","status-publish","hentry","description-off"],"aioseo_notices":[],"_links":{"self":[{"href":"https:\/\/cedarhealthresearch.com\/es\/wp-json\/wp\/v2\/pages\/5299","targetHints":{"allow":["GET"]}}],"collection":[{"href":"https:\/\/cedarhealthresearch.com\/es\/wp-json\/wp\/v2\/pages"}],"about":[{"href":"https:\/\/cedarhealthresearch.com\/es\/wp-json\/wp\/v2\/types\/page"}],"author":[{"embeddable":true,"href":"https:\/\/cedarhealthresearch.com\/es\/wp-json\/wp\/v2\/users\/4"}],"replies":[{"embeddable":true,"href":"https:\/\/cedarhealthresearch.com\/es\/wp-json\/wp\/v2\/comments?post=5299"}],"version-history":[{"count":21,"href":"https:\/\/cedarhealthresearch.com\/es\/wp-json\/wp\/v2\/pages\/5299\/revisions"}],"predecessor-version":[{"id":5321,"href":"https:\/\/cedarhealthresearch.com\/es\/wp-json\/wp\/v2\/pages\/5299\/revisions\/5321"}],"wp:attachment":[{"href":"https:\/\/cedarhealthresearch.com\/es\/wp-json\/wp\/v2\/media?parent=5299"}],"curies":[{"name":"wp","href":"https:\/\/api.w.org\/{rel}","templated":true}]}}