{"id":4511,"date":"2024-03-15T13:11:10","date_gmt":"2024-03-15T18:11:10","guid":{"rendered":"https:\/\/cedarhealthresearch.com\/?page_id=4511"},"modified":"2024-05-20T15:38:41","modified_gmt":"2024-05-20T20:38:41","slug":"gracias-por-su-interes","status":"publish","type":"page","link":"https:\/\/cedarhealthresearch.com\/es\/thank-you-for-your-interest\/","title":{"rendered":"Gracias por su inter\u00e9s-DNQ"},"content":{"rendered":"<p style=\"text-align: center;\">Gracias por enviar su informaci\u00f3n para esta oportunidad de estudio de investigaci\u00f3n cl\u00ednica.<\/p>\n<\/p>\n<p style=\"text-align: left;\">Seg\u00fan la informaci\u00f3n proporcionada, usted <span style=\"text-decoration: underline;\"><strong>no calific\u00f3<\/strong><\/span> para participar en este estudio espec\u00edfico. Constantemente agregamos nuevos estudios de investigaci\u00f3n, similares a este, que quiz\u00e1s desee considerar.<\/p>\n<p>Cedar Health Research ofrece estudios para pacientes infantiles, pedi\u00e1tricos, adultos y geri\u00e1tricos para medicina familiar, salud de la mujer, neurolog\u00eda, estudios cardiovasculares, gastrointestinales, ortop\u00e9dicos, podolog\u00eda, ETS y vacunas. \u00a1Eche un vistazo a nuestras otras oportunidades para ver si puede calificar!<\/p>\n<\/p>\n\n\n<div class=\"wp-block-buttons is-content-justification-center is-layout-flex wp-container-core-buttons-is-layout-16018d1d wp-block-buttons-is-layout-flex\">\n<div class=\"wp-block-button\"><a class=\"wp-block-button__link has-text-align-center wp-element-button\" href=\"https:\/\/cedarhealthresearch.com\/es\/encontrar-un-juicio\/\" target=\"_blank\" rel=\"noreferrer noopener\">Vea m\u00e1s de nuestros estudios actualmente inscritos<\/a><\/div>\n<\/div>\n\n\n\n<div class=\"wp-block-buttons is-layout-flex wp-block-buttons-is-layout-flex\"><\/div>","protected":false},"excerpt":{"rendered":"<p>Gracias por enviar su informaci\u00f3n para esta oportunidad de estudio de investigaci\u00f3n cl\u00ednica. En base a la informaci\u00f3n proporcionada, usted no re\u00fane los requisitos para participar en este estudio espec\u00edfico. Constantemente a\u00f1adimos nuevos estudios de investigaci\u00f3n, similares a \u00e9ste, que quiz\u00e1s desee considerar. Cedar Health Research ofrece estudios para pacientes infantiles, pedi\u00e1tricos, adultos y geri\u00e1tricos...<\/p>","protected":false},"author":4,"featured_media":0,"parent":0,"menu_order":0,"comment_status":"closed","ping_status":"closed","template":"","meta":{"_monsterinsights_skip_tracking":false,"_monsterinsights_sitenote_active":false,"_monsterinsights_sitenote_note":"","_monsterinsights_sitenote_category":0,"footnotes":""},"class_list":["post-4511","page","type-page","status-publish","hentry","description-off"],"aioseo_notices":[],"_links":{"self":[{"href":"https:\/\/cedarhealthresearch.com\/es\/wp-json\/wp\/v2\/pages\/4511","targetHints":{"allow":["GET"]}}],"collection":[{"href":"https:\/\/cedarhealthresearch.com\/es\/wp-json\/wp\/v2\/pages"}],"about":[{"href":"https:\/\/cedarhealthresearch.com\/es\/wp-json\/wp\/v2\/types\/page"}],"author":[{"embeddable":true,"href":"https:\/\/cedarhealthresearch.com\/es\/wp-json\/wp\/v2\/users\/4"}],"replies":[{"embeddable":true,"href":"https:\/\/cedarhealthresearch.com\/es\/wp-json\/wp\/v2\/comments?post=4511"}],"version-history":[{"count":0,"href":"https:\/\/cedarhealthresearch.com\/es\/wp-json\/wp\/v2\/pages\/4511\/revisions"}],"wp:attachment":[{"href":"https:\/\/cedarhealthresearch.com\/es\/wp-json\/wp\/v2\/media?parent=4511"}],"curies":[{"name":"wp","href":"https:\/\/api.w.org\/{rel}","templated":true}]}}