{"id":4438,"date":"2024-03-06T20:24:12","date_gmt":"2024-03-07T01:24:12","guid":{"rendered":"https:\/\/cedarhealthresearch.com\/?page_id=4438"},"modified":"2024-05-20T15:27:17","modified_gmt":"2024-05-20T20:27:17","slug":"robert-dominguez","status":"publish","type":"page","link":"https:\/\/cedarhealthresearch.com\/es\/about-us\/our-team\/robert-dominguez\/","title":{"rendered":"Robert Dom\u00ednguez, DPM, AACFAS"},"content":{"rendered":"<div class=\"wpb-content-wrapper\"><div class=\"vc_row wpb_row vc_row-fluid\"><div class=\"wpb_column vc_column_container vc_col-sm-12 vc_col-lg-offset-1 vc_col-lg-10 vc_col-md-offset-1 vc_col-md-10\"><div class=\"vc_column-inner\"><div class=\"wpb_wrapper\">\n\t<div class=\"wpb_text_column wpb_content_element\" >\n\t\t<div class=\"wpb_wrapper\">\n\t\t\t<h3>Robert Dom\u00ednguez, DPM, AACFAS<\/h3>\n<p><strong><span style=\"color: #999999;\">Investigador \u2013 Podolog\u00eda<\/span><\/strong><\/p>\n<p><img loading=\"lazy\" decoding=\"async\" class=\"alignleft size-medium wp-image-2357\" src=\"https:\/\/cedarhealthresearch.com\/wp-content\/uploads\/2024\/03\/Robert-Dominguez.jpg\" alt=\"\" width=\"199\" height=\"300\" \/>El Dr. Dom\u00ednguez es nativo de Port Lavaca, TX. Recibi\u00f3 su t\u00edtulo universitario de la Universidad Texas A&amp;M y su t\u00edtulo de m\u00e9dico de la Facultad de Medicina Podol\u00f3gica de Arizona de la Universidad Midwestern en Glendale, AZ. Complet\u00f3 su residencia en St. Joseph Medical Center en Houston, TX. Durante su residencia, recibi\u00f3 capacitaci\u00f3n avanzada en reconstrucci\u00f3n del antepi\u00e9 y retropi\u00e9, medicina deportiva, salvamento de extremidades para diab\u00e9ticos, juanetes y artroscopia de tobillo.<\/p>\n<p>Est\u00e1 comprometido a brindar un enfoque de \u201cmedicina basada en evidencia\u201d para todas sus inquietudes sobre pies y tobillos. Se esfuerza por crear un plan de tratamiento enfocado y adaptado al estilo de vida y las necesidades de cada paciente, ayud\u00e1ndolos a regresar al trabajo, la actividad y el deporte lo antes posible. R. Dom\u00ednguez es asociado del Colegio Americano de Cirujanos de Pie y Tobillo y actualmente es elegible para la Junta Americana de Cirug\u00eda de Pie y Tobillo. R. Dom\u00ednguez y su esposa Whitney disfrutan pasar tiempo con la familia y estar activos al aire libre. Tambi\u00e9n le gusta tocar la bater\u00eda, jugar f\u00fatbol americano, jugar golf con disco, hacer ejercicio y ir a la playa en Rockport.<\/p>\n<p>El Dr. Dom\u00ednguez espera crecer como persona y m\u00e9dico en la comunidad de DFW y establecer relaciones duraderas con sus pacientes para restaurar su funci\u00f3n y salud.<\/p>\n\n\t\t<\/div>\n\t<\/div>\n<\/div><\/div><\/div><\/div><div class=\"vc_row wpb_row vc_row-fluid\"><div class=\"wpb_column vc_column_container vc_col-sm-12\"><div class=\"vc_column-inner\"><div class=\"wpb_wrapper\"><div id=\"ultimate-heading-321769de5a03742f2\" class=\"uvc-heading ult-adjust-bottom-margin ultimate-heading-321769de5a03742f2 uvc-8724  uvc-heading-default-font-sizes\" data-hspacer=\"no_spacer\"  data-halign=\"center\" style=\"text-align:center\"><div class=\"uvc-heading-spacer no_spacer\" style=\"top\"><\/div><\/div><\/div><\/div><\/div><\/div>\n<\/div>","protected":false},"excerpt":{"rendered":"<p>Robert Dominguez, DPM, AACFAS Investigador \u2013 Podolog\u00eda El Dr. Dominguez es nativo de Port Lavaca, TX. Recibi\u00f3 su t\u00edtulo universitario de la Universidad Texas A&amp;M y su t\u00edtulo de m\u00e9dico de la Facultad de Medicina Podol\u00f3gica de Arizona de la Universidad Midwestern en Glendale, AZ. Complet\u00f3 su residencia en St. Joseph Medical Center en Houston, TX. Durante su residencia,\u2026<\/p>","protected":false},"author":1,"featured_media":0,"parent":523,"menu_order":0,"comment_status":"closed","ping_status":"closed","template":"","meta":{"_monsterinsights_skip_tracking":false,"_monsterinsights_sitenote_active":false,"_monsterinsights_sitenote_note":"","_monsterinsights_sitenote_category":0,"footnotes":""},"class_list":["post-4438","page","type-page","status-publish","hentry","description-off"],"aioseo_notices":[],"_links":{"self":[{"href":"https:\/\/cedarhealthresearch.com\/es\/wp-json\/wp\/v2\/pages\/4438","targetHints":{"allow":["GET"]}}],"collection":[{"href":"https:\/\/cedarhealthresearch.com\/es\/wp-json\/wp\/v2\/pages"}],"about":[{"href":"https:\/\/cedarhealthresearch.com\/es\/wp-json\/wp\/v2\/types\/page"}],"author":[{"embeddable":true,"href":"https:\/\/cedarhealthresearch.com\/es\/wp-json\/wp\/v2\/users\/1"}],"replies":[{"embeddable":true,"href":"https:\/\/cedarhealthresearch.com\/es\/wp-json\/wp\/v2\/comments?post=4438"}],"version-history":[{"count":0,"href":"https:\/\/cedarhealthresearch.com\/es\/wp-json\/wp\/v2\/pages\/4438\/revisions"}],"up":[{"embeddable":true,"href":"https:\/\/cedarhealthresearch.com\/es\/wp-json\/wp\/v2\/pages\/523"}],"wp:attachment":[{"href":"https:\/\/cedarhealthresearch.com\/es\/wp-json\/wp\/v2\/media?parent=4438"}],"curies":[{"name":"wp","href":"https:\/\/api.w.org\/{rel}","templated":true}]}}