{"id":4340,"date":"2024-01-03T12:33:43","date_gmt":"2024-01-03T17:33:43","guid":{"rendered":"https:\/\/cedarhealthresearch.com\/?page_id=4340"},"modified":"2024-05-15T13:29:26","modified_gmt":"2024-05-15T18:29:26","slug":"kat-pham-m-d","status":"publish","type":"page","link":"https:\/\/cedarhealthresearch.com\/es\/about-us\/our-team\/kat-pham-m-d\/","title":{"rendered":"Kat Pham, MD"},"content":{"rendered":"<div class=\"wpb-content-wrapper\"><div class=\"vc_row wpb_row vc_row-fluid\"><div class=\"wpb_column vc_column_container vc_col-sm-12 vc_col-lg-offset-1 vc_col-lg-10 vc_col-md-offset-1 vc_col-md-10\"><div class=\"vc_column-inner\"><div class=\"wpb_wrapper\">\n\t<div class=\"wpb_text_column wpb_content_element\" >\n\t\t<div class=\"wpb_wrapper\">\n\t\t\t<h3>Kat Pham, MD<\/h3>\n<p><strong><span style=\"color: #999999;\">Investigador Principal - Salud de la Mujer<\/span><\/strong><\/p>\n<p><img loading=\"lazy\" decoding=\"async\" class=\"alignleft size-medium wp-image-2542\" src=\"https:\/\/cedarhealthresearch.com\/wp-content\/uploads\/2024\/01\/dr-kat-pham.png\" alt=\"\" width=\"200\" height=\"300\" \/>La Dra. Kat Pham es originaria de la encantadora ciudad de Lake Jackson, Texas. Su viaje hacia la medicina comenz\u00f3 cuando era una adolescente, pero floreci\u00f3 cuando trabaj\u00f3 con UNICEF y desarroll\u00f3 un inter\u00e9s en la salud p\u00fablica. Mientras organizaba un evento para crear conciencia sobre las f\u00edstulas, se dio cuenta de que quer\u00eda trabajar m\u00e1s estrechamente y tener un impacto directo en las personas. Impulsada por el deseo de ayudar a los dem\u00e1s, descubri\u00f3 su verdadera vocaci\u00f3n en el campo de la medicina. El Dr. Pham est\u00e1 profundamente comprometido a marcar una diferencia en este mundo. Esta pasi\u00f3n la impuls\u00f3 a embarcarse en m\u00faltiples misiones m\u00e9dicas internacionales en Sudam\u00e9rica y \u00c1frica. Contin\u00faa dedicada a sus esfuerzos de voluntariado local e internacional y cree firmemente que cada acto de bondad puede tener un impacto positivo, por peque\u00f1o que sea. La Dra. Pham complet\u00f3 su educaci\u00f3n m\u00e9dica en la Facultad de Medicina Osteop\u00e1tica de Texas en Fort Worth. Ampli\u00f3 su experiencia a trav\u00e9s de una residencia en obstetricia y ginecolog\u00eda en el Centro de Ciencias de la Salud de la Universidad Tecnol\u00f3gica de Texas en Lubbock. Adem\u00e1s, su experiencia en Biolog\u00eda Molecular, que adquiri\u00f3 durante sus estudios universitarios en la Universidad de Texas en Dallas, agrega profundidad a sus conocimientos m\u00e9dicos.<\/p>\n<p>La Dra. Pham ha recibido varios honores y premios a lo largo de su carrera que demuestran su dedicaci\u00f3n y excelencia en el campo de la medicina. Algunos de sus reconocimientos notables incluyen el Premio a la Educaci\u00f3n M\u00e9dica Osteop\u00e1tica Rural Beverly &amp; Stanley Weiss de 2019, el Premio a la Ense\u00f1anza Cl\u00ednica para Residentes de 2021, el Premio al Residente del Mes de Obstetricia y Ginecolog\u00eda de 2022 y el prestigioso Premio Howard Kelly de 2023 a la Atenci\u00f3n Integral de la Mujer. Tambi\u00e9n ha sido reconocida con el Premio a la Excelencia en Obstetricia de la Sociedad de Medicina Materno Fetal 2023 y se desempe\u00f1\u00f3 como jefa de residentes de su programa de residencia en obstetricia y ginecolog\u00eda.<\/p>\n<p>El Dr. Pham es un profesional de la salud compasivo y emp\u00e1tico que comprende la naturaleza sensible de la salud de la mujer. Ella se dedica a brindar a sus pacientes una experiencia c\u00f3moda y tranquilizadora. La Dra. Pham est\u00e1 bien preparada para guiar y servir a su comunidad a trav\u00e9s de diversos desaf\u00edos de salud, incluida la atenci\u00f3n preventiva, el embarazo, la cirug\u00eda y el bienestar general. Le gusta especialmente trabajar con pacientes de diversos or\u00edgenes y valora la oportunidad de aprender de ellos.<\/p>\n<p>Cuando no est\u00e1 practicando medicina, la Dra. Pham disfruta haciendo caminatas con su prometido, Jonathan, y sus perros, especialmente en las hermosas monta\u00f1as. Le encanta experimentar con nuevas t\u00e9cnicas y recetas de cocina, ya que es una \u00e1vida panadera y cocinera. El entusiasmo de la Dra. Pham por comprender el mundo se refleja en su amor por viajar y sumergirse en diferentes culturas. En su tiempo libre, a menudo puedes encontrarla leyendo thrillers psicol\u00f3gicos o disfrutando de alg\u00fan reality show.<\/p>\n\n\t\t<\/div>\n\t<\/div>\n<\/div><\/div><\/div><\/div><div class=\"vc_row wpb_row vc_row-fluid\"><div class=\"wpb_column vc_column_container vc_col-sm-12\"><div class=\"vc_column-inner\"><div class=\"wpb_wrapper\"><div id=\"ultimate-heading-484569de5a032acc4\" class=\"uvc-heading ult-adjust-bottom-margin ultimate-heading-484569de5a032acc4 uvc-9003  uvc-heading-default-font-sizes\" data-hspacer=\"no_spacer\"  data-halign=\"center\" style=\"text-align:center\"><div class=\"uvc-heading-spacer no_spacer\" style=\"top\"><\/div><\/div><\/div><\/div><\/div><\/div>\n<\/div>","protected":false},"excerpt":{"rendered":"<p>Kat Pham, MD Investigadora principal - Salud de la mujer La Dra. Kat Pham es originaria de la encantadora ciudad de Lake Jackson, Texas. Su viaje hacia la medicina comenz\u00f3 cuando era una adolescente, pero floreci\u00f3 cuando trabaj\u00f3 con UNICEF y desarroll\u00f3 un inter\u00e9s en la salud p\u00fablica. Mientras organizaba un evento para crear conciencia sobre las f\u00edstulas, ella...<\/p>","protected":false},"author":1,"featured_media":0,"parent":523,"menu_order":0,"comment_status":"closed","ping_status":"closed","template":"","meta":{"_monsterinsights_skip_tracking":false,"_monsterinsights_sitenote_active":false,"_monsterinsights_sitenote_note":"","_monsterinsights_sitenote_category":0,"footnotes":""},"class_list":["post-4340","page","type-page","status-publish","hentry","description-off"],"aioseo_notices":[],"_links":{"self":[{"href":"https:\/\/cedarhealthresearch.com\/es\/wp-json\/wp\/v2\/pages\/4340","targetHints":{"allow":["GET"]}}],"collection":[{"href":"https:\/\/cedarhealthresearch.com\/es\/wp-json\/wp\/v2\/pages"}],"about":[{"href":"https:\/\/cedarhealthresearch.com\/es\/wp-json\/wp\/v2\/types\/page"}],"author":[{"embeddable":true,"href":"https:\/\/cedarhealthresearch.com\/es\/wp-json\/wp\/v2\/users\/1"}],"replies":[{"embeddable":true,"href":"https:\/\/cedarhealthresearch.com\/es\/wp-json\/wp\/v2\/comments?post=4340"}],"version-history":[{"count":0,"href":"https:\/\/cedarhealthresearch.com\/es\/wp-json\/wp\/v2\/pages\/4340\/revisions"}],"up":[{"embeddable":true,"href":"https:\/\/cedarhealthresearch.com\/es\/wp-json\/wp\/v2\/pages\/523"}],"wp:attachment":[{"href":"https:\/\/cedarhealthresearch.com\/es\/wp-json\/wp\/v2\/media?parent=4340"}],"curies":[{"name":"wp","href":"https:\/\/api.w.org\/{rel}","templated":true}]}}