{"id":2911,"date":"2023-01-16T14:54:56","date_gmt":"2023-01-16T19:54:56","guid":{"rendered":"https:\/\/cedarhealthresearch.com\/?page_id=2911"},"modified":"2025-10-24T16:09:04","modified_gmt":"2025-10-24T21:09:04","slug":"mj-hamersma","status":"publish","type":"page","link":"https:\/\/cedarhealthresearch.com\/es\/about-us\/our-team\/mj-hamersma\/","title":{"rendered":"MJ Hamersma"},"content":{"rendered":"<div class=\"wpb-content-wrapper\"><div class=\"vc_row wpb_row vc_row-fluid\"><div class=\"wpb_column vc_column_container vc_col-sm-12 vc_col-lg-offset-1 vc_col-lg-10 vc_col-md-offset-1 vc_col-md-10\"><div class=\"vc_column-inner\"><div class=\"wpb_wrapper\">\n\t<div class=\"wpb_text_column wpb_content_element\" >\n\t\t<div class=\"wpb_wrapper\">\n\t\t\t<h3>MJ Hamersma<\/h3>\n<p><strong><span style=\"color: #999999;\">Vicepresidente Senior de Expansi\u00f3n y Crecimiento<\/span><\/strong><\/p>\n<p><img loading=\"lazy\" decoding=\"async\" class=\"alignleft size-medium wp-image-2358\" src=\"https:\/\/cedarhealthresearch.com\/wp-content\/uploads\/2023\/01\/MJ_hamersma.jpg\" alt=\"\" width=\"199\" height=\"300\" \/>MJ se uni\u00f3 al equipo de Cedar Health Research y aport\u00f3 m\u00e1s de 20 a\u00f1os de experiencia en los campos de investigaci\u00f3n cl\u00ednica y atenci\u00f3n m\u00e9dica con Mayo Clinic, Covance y Javara. Se ha desempe\u00f1ado dentro del liderazgo de operaciones cl\u00ednicas en una mir\u00edada de estudios de fase I a fase III en diversas \u00e1reas terap\u00e9uticas. La s\u00f3lida experiencia de liderazgo cl\u00ednico de MJ y el conocimiento de ICH\/GCP garantizan que todo nuestro personal cl\u00ednico y los ensayos se lleven a cabo de manera segura y eficiente. En su tiempo libre, se describe a s\u00ed mismo como un audi\u00f3filo que disfruta escuchando y tocando m\u00fasica.<\/p>\n\n\t\t<\/div>\n\t<\/div>\n<\/div><\/div><\/div><\/div><div class=\"vc_row wpb_row vc_row-fluid\"><div class=\"wpb_column vc_column_container vc_col-sm-12\"><div class=\"vc_column-inner\"><div class=\"wpb_wrapper\"><div id=\"ultimate-heading-371269ee3b81c3e9e\" class=\"uvc-heading ult-adjust-bottom-margin ultimate-heading-371269ee3b81c3e9e uvc-5524  uvc-heading-default-font-sizes\" data-hspacer=\"no_spacer\"  data-halign=\"center\" style=\"text-align:center\"><div class=\"uvc-heading-spacer no_spacer\" style=\"top\"><\/div><\/div><\/div><\/div><\/div><\/div>\n<\/div>","protected":false},"excerpt":{"rendered":"<p>MJ Hamersma Vicepresidente s\u00e9nior de Expansi\u00f3n y Crecimiento de Centros MJ se uni\u00f3 al equipo de Cedar Health Research aportando m\u00e1s de 20 a\u00f1os de experiencia en los campos de la investigaci\u00f3n cl\u00ednica y la atenci\u00f3n m\u00e9dica en Mayo Clinic, Covance y Javara. Ha desempe\u00f1ado funciones de liderazgo en operaciones cl\u00ednicas en una gran variedad de estudios de fase I a fase III en...<\/p>","protected":false},"author":1,"featured_media":0,"parent":523,"menu_order":0,"comment_status":"closed","ping_status":"closed","template":"","meta":{"_monsterinsights_skip_tracking":false,"_monsterinsights_sitenote_active":false,"_monsterinsights_sitenote_note":"","_monsterinsights_sitenote_category":0,"footnotes":""},"class_list":["post-2911","page","type-page","status-publish","hentry","description-off"],"aioseo_notices":[],"_links":{"self":[{"href":"https:\/\/cedarhealthresearch.com\/es\/wp-json\/wp\/v2\/pages\/2911","targetHints":{"allow":["GET"]}}],"collection":[{"href":"https:\/\/cedarhealthresearch.com\/es\/wp-json\/wp\/v2\/pages"}],"about":[{"href":"https:\/\/cedarhealthresearch.com\/es\/wp-json\/wp\/v2\/types\/page"}],"author":[{"embeddable":true,"href":"https:\/\/cedarhealthresearch.com\/es\/wp-json\/wp\/v2\/users\/1"}],"replies":[{"embeddable":true,"href":"https:\/\/cedarhealthresearch.com\/es\/wp-json\/wp\/v2\/comments?post=2911"}],"version-history":[{"count":3,"href":"https:\/\/cedarhealthresearch.com\/es\/wp-json\/wp\/v2\/pages\/2911\/revisions"}],"predecessor-version":[{"id":5772,"href":"https:\/\/cedarhealthresearch.com\/es\/wp-json\/wp\/v2\/pages\/2911\/revisions\/5772"}],"up":[{"embeddable":true,"href":"https:\/\/cedarhealthresearch.com\/es\/wp-json\/wp\/v2\/pages\/523"}],"wp:attachment":[{"href":"https:\/\/cedarhealthresearch.com\/es\/wp-json\/wp\/v2\/media?parent=2911"}],"curies":[{"name":"wp","href":"https:\/\/api.w.org\/{rel}","templated":true}]}}