{"id":2665,"date":"2022-11-25T10:31:17","date_gmt":"2022-11-25T15:31:17","guid":{"rendered":"https:\/\/cedarhealthresearch.com\/?page_id=2665"},"modified":"2024-05-14T10:08:28","modified_gmt":"2024-05-14T15:08:28","slug":"gurpreet-bajaj","status":"publish","type":"page","link":"https:\/\/cedarhealthresearch.com\/es\/about-us\/our-team\/gurpreet-bajaj\/","title":{"rendered":"Gurpreet S. Bajaj, MD"},"content":{"rendered":"<div class=\"wpb-content-wrapper\"><div class=\"vc_row wpb_row vc_row-fluid\"><div class=\"wpb_column vc_column_container vc_col-sm-12 vc_col-lg-offset-1 vc_col-lg-10 vc_col-md-offset-1 vc_col-md-10\"><div class=\"vc_column-inner\"><div class=\"wpb_wrapper\">\n\t<div class=\"wpb_text_column wpb_content_element\" >\n\t\t<div class=\"wpb_wrapper\">\n\t\t\t<h3>Gurpreet S. Bajaj, MD<\/h3>\n<p><strong><span style=\"color: #999999;\">Investigador Principal - Ortopedia<\/span><\/strong><\/p>\n<p><img loading=\"lazy\" decoding=\"async\" class=\"alignleft size-full wp-image-2662\" src=\"https:\/\/cedarhealthresearch.com\/wp-content\/uploads\/2023\/11\/dr-gupreet-bajaj.png\" alt=\"\" width=\"200\" height=\"300\" \/><br \/>\nEl Dr. Gurpreet S. Bajaj se gradu\u00f3 summa cum laude con una Licenciatura en Ciencias en biolog\u00eda molecular y celular de UCLA en Los \u00c1ngeles, California. Con una beca completa, recibi\u00f3 su Doctorado en Medicina de la Facultad de Medicina de Ohio en Toledo, gradu\u00e1ndose entre los 10% m\u00e1s altos de su clase. Tambi\u00e9n fue elegido miembro de la Sociedad Nacional de Honor Alpha Omega Alpha.<\/p>\n<p>Desde 1998 hasta 2003, el Dr. Bajaj complet\u00f3 su pasant\u00eda en cirug\u00eda general y su residencia en cirug\u00eda ortop\u00e9dica en la rama m\u00e9dica de la Universidad de Texas en Galveston, Texas, donde se desempe\u00f1\u00f3 como jefe de residentes y recibi\u00f3 una distinci\u00f3n en cirug\u00eda de la mano.<\/p>\n<p>Despu\u00e9s de su formaci\u00f3n de residencia, el Dr. Bajaj se convirti\u00f3 en socio de Sun Valley Orthopaedics and Hand Surgeons en Sun City, Arizona. En 2004, el Dr. Bajaj regres\u00f3 a Texas y fund\u00f3 North Texas Bone and Joint. En 2007, su pr\u00e1ctica se fusion\u00f3 con Tarrant County Bone and Joint y se convirti\u00f3 en Lone Star Orthopaedic and Spine Specialists, PLLC.<\/p>\n<p>El Dr. Bajaj se especializa en las articulaciones del hombro, la mu\u00f1eca, la mano, la cadera y la rodilla con un enfoque en el reemplazo de articulaciones y la cirug\u00eda m\u00ednimamente invasiva. El Dr. Bajaj tambi\u00e9n habla ingl\u00e9s, hindi y punjabi con fluidez.<\/p>\n\n\t\t<\/div>\n\t<\/div>\n<\/div><\/div><\/div><\/div><div class=\"vc_row wpb_row vc_row-fluid\"><div class=\"wpb_column vc_column_container vc_col-sm-12\"><div class=\"vc_column-inner\"><div class=\"wpb_wrapper\"><div id=\"ultimate-heading-173169d4d507d1ab1\" class=\"uvc-heading ult-adjust-bottom-margin ultimate-heading-173169d4d507d1ab1 uvc-2446  uvc-heading-default-font-sizes\" data-hspacer=\"no_spacer\"  data-halign=\"center\" style=\"text-align:center\"><div class=\"uvc-heading-spacer no_spacer\" style=\"top\"><\/div><\/div><\/div><\/div><\/div><\/div>\n<\/div>","protected":false},"excerpt":{"rendered":"<p>Gurpreet S. Bajaj, MD Investigador principal: ortopedia El Dr. Gurpreet S. Bajaj se gradu\u00f3 summa cum laude con una licenciatura en biolog\u00eda molecular y celular de UCLA en Los \u00c1ngeles, California. Con una beca completa, recibi\u00f3 su Doctorado en Medicina del Colegio M\u00e9dico de Ohio en Toledo, gradu\u00e1ndose en el top 10% de...<\/p>","protected":false},"author":1,"featured_media":0,"parent":523,"menu_order":0,"comment_status":"closed","ping_status":"closed","template":"","meta":{"_monsterinsights_skip_tracking":false,"_monsterinsights_sitenote_active":false,"_monsterinsights_sitenote_note":"","_monsterinsights_sitenote_category":0,"footnotes":""},"class_list":["post-2665","page","type-page","status-publish","hentry","description-off"],"aioseo_notices":[],"_links":{"self":[{"href":"https:\/\/cedarhealthresearch.com\/es\/wp-json\/wp\/v2\/pages\/2665","targetHints":{"allow":["GET"]}}],"collection":[{"href":"https:\/\/cedarhealthresearch.com\/es\/wp-json\/wp\/v2\/pages"}],"about":[{"href":"https:\/\/cedarhealthresearch.com\/es\/wp-json\/wp\/v2\/types\/page"}],"author":[{"embeddable":true,"href":"https:\/\/cedarhealthresearch.com\/es\/wp-json\/wp\/v2\/users\/1"}],"replies":[{"embeddable":true,"href":"https:\/\/cedarhealthresearch.com\/es\/wp-json\/wp\/v2\/comments?post=2665"}],"version-history":[{"count":0,"href":"https:\/\/cedarhealthresearch.com\/es\/wp-json\/wp\/v2\/pages\/2665\/revisions"}],"up":[{"embeddable":true,"href":"https:\/\/cedarhealthresearch.com\/es\/wp-json\/wp\/v2\/pages\/523"}],"wp:attachment":[{"href":"https:\/\/cedarhealthresearch.com\/es\/wp-json\/wp\/v2\/media?parent=2665"}],"curies":[{"name":"wp","href":"https:\/\/api.w.org\/{rel}","templated":true}]}}