{"id":2549,"date":"2022-08-22T11:06:37","date_gmt":"2022-08-22T16:06:37","guid":{"rendered":"https:\/\/cedarhealthresearch.com\/?page_id=2549"},"modified":"2025-10-24T15:23:06","modified_gmt":"2025-10-24T20:23:06","slug":"swati-johnson","status":"publish","type":"page","link":"https:\/\/cedarhealthresearch.com\/es\/about-us\/our-team\/swati-johnson\/","title":{"rendered":"Swati Johnson, D.O."},"content":{"rendered":"<div class=\"wpb-content-wrapper\"><div class=\"vc_row wpb_row vc_row-fluid\"><div class=\"wpb_column vc_column_container vc_col-sm-12 vc_col-lg-offset-1 vc_col-lg-10 vc_col-md-offset-1 vc_col-md-10\"><div class=\"vc_column-inner\"><div class=\"wpb_wrapper\">\n\t<div class=\"wpb_text_column wpb_content_element\" >\n\t\t<div class=\"wpb_wrapper\">\n\t\t\t<h3>Swati Johnson, D.O.<\/h3>\n<p><strong><span style=\"color: #999999;\">Investigador Principal \u2013 Medicina Pedi\u00e1trica General \u2013 Dallas<\/span><\/strong><\/p>\n<p><img loading=\"lazy\" decoding=\"async\" class=\"alignleft wp-image-1012 size-medium\" src=\"https:\/\/cedarhealthresearch.com\/wp-content\/uploads\/2022\/08\/swati-johnson-200x300.jpg\" alt=\"\" width=\"200\" height=\"300\" \/>La Dra. Johnson recibi\u00f3 su t\u00edtulo m\u00e9dico de la Facultad de Medicina Osteop\u00e1tica para Neonatolog\u00eda del NYIT. Un proveedor m\u00e9dico especializado en pediatr\u00eda y neonat\u00f3logo. Como IP, ha dirigido ensayos cl\u00ednicos en las \u00e1reas de migra\u00f1a pedi\u00e1trica, vacunas COVID-19, vacuna contra la meningitis, estre\u00f1imiento y trastorno del espectro autista.<\/p>\n\n\t\t<\/div>\n\t<\/div>\n<\/div><\/div><\/div><\/div><div class=\"vc_row wpb_row vc_row-fluid\"><div class=\"wpb_column vc_column_container vc_col-sm-12\"><div class=\"vc_column-inner\"><div class=\"wpb_wrapper\"><div id=\"ultimate-heading-84669d3547935cb2\" class=\"uvc-heading ult-adjust-bottom-margin ultimate-heading-84669d3547935cb2 uvc-8840  uvc-heading-default-font-sizes\" data-hspacer=\"no_spacer\"  data-halign=\"center\" style=\"text-align:center\"><div class=\"uvc-heading-spacer no_spacer\" style=\"top\"><\/div><\/div><\/div><\/div><\/div><\/div>\n<\/div>","protected":false},"excerpt":{"rendered":"<p>Swati Johnson, DO Investigador principal \u2013 Medicina pedi\u00e1trica general \u2013 Dallas La Dra. Johnson recibi\u00f3 su t\u00edtulo m\u00e9dico de la Facultad de Medicina Osteop\u00e1tica para Neonatolog\u00eda del NYIT. Un proveedor m\u00e9dico especializado en pediatr\u00eda y neonat\u00f3logo. Como IP, ha dirigido ensayos cl\u00ednicos en las \u00e1reas de migra\u00f1a pedi\u00e1trica, vacunas COVID-19, vacuna contra la meningitis, estre\u00f1imiento y trastorno del espectro autista.<\/p>","protected":false},"author":1,"featured_media":0,"parent":523,"menu_order":0,"comment_status":"closed","ping_status":"closed","template":"","meta":{"_monsterinsights_skip_tracking":false,"_monsterinsights_sitenote_active":false,"_monsterinsights_sitenote_note":"","_monsterinsights_sitenote_category":0,"footnotes":""},"class_list":["post-2549","page","type-page","status-publish","hentry","description-off"],"aioseo_notices":[],"_links":{"self":[{"href":"https:\/\/cedarhealthresearch.com\/es\/wp-json\/wp\/v2\/pages\/2549","targetHints":{"allow":["GET"]}}],"collection":[{"href":"https:\/\/cedarhealthresearch.com\/es\/wp-json\/wp\/v2\/pages"}],"about":[{"href":"https:\/\/cedarhealthresearch.com\/es\/wp-json\/wp\/v2\/types\/page"}],"author":[{"embeddable":true,"href":"https:\/\/cedarhealthresearch.com\/es\/wp-json\/wp\/v2\/users\/1"}],"replies":[{"embeddable":true,"href":"https:\/\/cedarhealthresearch.com\/es\/wp-json\/wp\/v2\/comments?post=2549"}],"version-history":[{"count":1,"href":"https:\/\/cedarhealthresearch.com\/es\/wp-json\/wp\/v2\/pages\/2549\/revisions"}],"predecessor-version":[{"id":5731,"href":"https:\/\/cedarhealthresearch.com\/es\/wp-json\/wp\/v2\/pages\/2549\/revisions\/5731"}],"up":[{"embeddable":true,"href":"https:\/\/cedarhealthresearch.com\/es\/wp-json\/wp\/v2\/pages\/523"}],"wp:attachment":[{"href":"https:\/\/cedarhealthresearch.com\/es\/wp-json\/wp\/v2\/media?parent=2549"}],"curies":[{"name":"wp","href":"https:\/\/api.w.org\/{rel}","templated":true}]}}