{"id":2547,"date":"2022-08-22T11:03:11","date_gmt":"2022-08-22T16:03:11","guid":{"rendered":"https:\/\/cedarhealthresearch.com\/?page_id=2547"},"modified":"2025-10-24T15:27:53","modified_gmt":"2025-10-24T20:27:53","slug":"jay-vyas","status":"publish","type":"page","link":"https:\/\/cedarhealthresearch.com\/es\/about-us\/our-team\/jay-vyas\/","title":{"rendered":"Dr. Jay Vyas"},"content":{"rendered":"<div class=\"wpb-content-wrapper\"><div class=\"vc_row wpb_row vc_row-fluid\"><div class=\"wpb_column vc_column_container vc_col-sm-12 vc_col-lg-offset-1 vc_col-lg-10 vc_col-md-offset-1 vc_col-md-10\"><div class=\"vc_column-inner\"><div class=\"wpb_wrapper\">\n\t<div class=\"wpb_text_column wpb_content_element\" >\n\t\t<div class=\"wpb_wrapper\">\n\t\t\t<h3>Dr. Jay Vyas<\/h3>\n<p><strong><span style=\"color: #999999;\">Investigador \u2013 Manejo del dolor \u2013 Burleson<\/span><\/strong><\/p>\n<p><img loading=\"lazy\" decoding=\"async\" class=\"alignleft wp-image-1012 size-medium\" src=\"https:\/\/cedarhealthresearch.com\/wp-content\/uploads\/2023\/11\/dr-jay-vyas-200x300.png\" alt=\"\" width=\"200\" height=\"300\" \/>Jay R. Vyas, MD est\u00e1 certificado por la junta tanto en Anestesiolog\u00eda como en Manejo Intervencionista del Dolor. El Dr. Vyas comenz\u00f3 su educaci\u00f3n en la Universidad de Baylor en Waco, Texas y se gradu\u00f3 con honores con una Licenciatura en Ciencias Forenses. Recibi\u00f3 su Doctorado en Medicina de la Universidad de Arkansas en Ciencias M\u00e9dicas y complet\u00f3 su residencia en Anestesiolog\u00eda en la Universidad Case Western Reserve en Cleveland, Ohio. Complet\u00f3 su beca en Manejo Intervencionista del Dolor de la Universidad de Iowa.<\/p>\n<p>El Dr. Vyas ha adquirido una amplia experiencia y capacitaci\u00f3n en el campo del manejo intervencionista del dolor. Su objetivo es brindar una atenci\u00f3n excepcional sin excepci\u00f3n y, como resultado, se ha ganado la reputaci\u00f3n de ser un m\u00e9dico amable y atento con un excelente trato al lado de la cama. Valora mucho a sus pacientes y se esfuerza por brindar un enfoque emp\u00e1tico para el manejo del dolor. En su tiempo libre, el Dr. Vyas disfruta pasar tiempo con su esposa y su cachorro. Tambi\u00e9n se mantiene muy activo en la comunidad al ofrecerse como voluntario los domingos por la tarde en su templo local realizando varios proyectos de servicio comunitario en el Gran DFW Metroplex.<\/p>\n\n\t\t<\/div>\n\t<\/div>\n<\/div><\/div><\/div><\/div><div class=\"vc_row wpb_row vc_row-fluid\"><div class=\"wpb_column vc_column_container vc_col-sm-12\"><div class=\"vc_column-inner\"><div class=\"wpb_wrapper\"><div id=\"ultimate-heading-455169d2edb4349ed\" class=\"uvc-heading ult-adjust-bottom-margin ultimate-heading-455169d2edb4349ed uvc-2401  uvc-heading-default-font-sizes\" data-hspacer=\"no_spacer\"  data-halign=\"center\" style=\"text-align:center\"><div class=\"uvc-heading-spacer no_spacer\" style=\"top\"><\/div><\/div><\/div><\/div><\/div><\/div>\n<\/div>","protected":false},"excerpt":{"rendered":"<p>Jay Vyas, MD Investigador \u2013 Manejo del dolor \u2013 Burleson Jay R. Vyas, MD est\u00e1 certificado por la junta tanto en Anestesiolog\u00eda como en Manejo Intervencionista del Dolor. El Dr. Vyas comenz\u00f3 su educaci\u00f3n en la Universidad de Baylor en Waco, Texas y se gradu\u00f3 con honores con una Licenciatura en Ciencias Forenses. Recibi\u00f3 su Doctorado en Medicina de la\u2026<\/p>","protected":false},"author":1,"featured_media":0,"parent":523,"menu_order":0,"comment_status":"closed","ping_status":"closed","template":"","meta":{"_monsterinsights_skip_tracking":false,"_monsterinsights_sitenote_active":false,"_monsterinsights_sitenote_note":"","_monsterinsights_sitenote_category":0,"footnotes":""},"class_list":["post-2547","page","type-page","status-publish","hentry","description-off"],"aioseo_notices":[],"_links":{"self":[{"href":"https:\/\/cedarhealthresearch.com\/es\/wp-json\/wp\/v2\/pages\/2547","targetHints":{"allow":["GET"]}}],"collection":[{"href":"https:\/\/cedarhealthresearch.com\/es\/wp-json\/wp\/v2\/pages"}],"about":[{"href":"https:\/\/cedarhealthresearch.com\/es\/wp-json\/wp\/v2\/types\/page"}],"author":[{"embeddable":true,"href":"https:\/\/cedarhealthresearch.com\/es\/wp-json\/wp\/v2\/users\/1"}],"replies":[{"embeddable":true,"href":"https:\/\/cedarhealthresearch.com\/es\/wp-json\/wp\/v2\/comments?post=2547"}],"version-history":[{"count":1,"href":"https:\/\/cedarhealthresearch.com\/es\/wp-json\/wp\/v2\/pages\/2547\/revisions"}],"predecessor-version":[{"id":5739,"href":"https:\/\/cedarhealthresearch.com\/es\/wp-json\/wp\/v2\/pages\/2547\/revisions\/5739"}],"up":[{"embeddable":true,"href":"https:\/\/cedarhealthresearch.com\/es\/wp-json\/wp\/v2\/pages\/523"}],"wp:attachment":[{"href":"https:\/\/cedarhealthresearch.com\/es\/wp-json\/wp\/v2\/media?parent=2547"}],"curies":[{"name":"wp","href":"https:\/\/api.w.org\/{rel}","templated":true}]}}