{"id":2252,"date":"2022-01-03T10:20:00","date_gmt":"2022-01-03T15:20:00","guid":{"rendered":"https:\/\/cedarhealthresearch.com\/?page_id=2252"},"modified":"2024-05-14T10:11:04","modified_gmt":"2024-05-14T15:11:04","slug":"irene-arroyo","status":"publish","type":"page","link":"https:\/\/cedarhealthresearch.com\/es\/about-us\/our-team\/irene-arroyo\/","title":{"rendered":"Irene Arroyo, DPM"},"content":{"rendered":"<div class=\"wpb-content-wrapper\"><div class=\"vc_row wpb_row vc_row-fluid\"><div class=\"wpb_column vc_column_container vc_col-sm-12 vc_col-lg-offset-1 vc_col-lg-10 vc_col-md-offset-1 vc_col-md-10\"><div class=\"vc_column-inner\"><div class=\"wpb_wrapper\">\n\t<div class=\"wpb_text_column wpb_content_element\" >\n\t\t<div class=\"wpb_wrapper\">\n\t\t\t<h3>Irene Arroyo, DPM<\/h3>\n<p><strong><span style=\"color: #999999;\">Investigador \u2013 Podolog\u00eda<\/span><\/strong><\/p>\n<p><img loading=\"lazy\" decoding=\"async\" class=\"alignleft size-medium wp-image-2358\" src=\"https:\/\/cedarhealthresearch.com\/wp-content\/uploads\/2022\/02\/irene-arroyo-dpm-199x300.jpg\" alt=\"\" width=\"199\" height=\"300\" srcset=\"https:\/\/cedarhealthresearch.com\/wp-content\/uploads\/2022\/02\/irene-arroyo-dpm-199x300.jpg 199w, https:\/\/cedarhealthresearch.com\/wp-content\/uploads\/2022\/02\/irene-arroyo-dpm-8x12.jpg 8w, https:\/\/cedarhealthresearch.com\/wp-content\/uploads\/2022\/02\/irene-arroyo-dpm.jpg 283w\" sizes=\"auto, (max-width: 199px) 100vw, 199px\" \/>La Dra. Irene Arroyo es Doctora en Medicina Podi\u00e1trica con certificaciones de la Junta Estadounidense de Medicina Podi\u00e1trica y la Junta Estadounidense de Cirug\u00eda de Pie y Tobillo que realizar\u00e1 ensayos cl\u00ednicos para Cedar Health Research.<\/p>\n<p>La formaci\u00f3n acad\u00e9mica del Dr. Arroyo incluye un Doctorado en Medicina y Cirug\u00eda Podi\u00e1trica de la Facultad de Medicina Podi\u00e1trica Dr. William M. Scholl de la Universidad de Medicina y Ciencias Rosalind Franklin, as\u00ed como una Licenciatura en Ciencias en Biolog\u00eda Humana de la Universidad de Texas en Austin. . Complet\u00f3 su programa de residencia de 3 a\u00f1os en cirug\u00eda reconstructiva de pie y tobillo en Advocate Illinois Masonic Medical Center\/SCPM en Chicago, IL. Durante el \u00faltimo a\u00f1o de su residencia, la Dra. Arroyo se desempe\u00f1\u00f3 como codirectora de residentes. Durante su residencia desarroll\u00f3 intereses cl\u00ednicos en patolog\u00eda de pie y tobillo, cirug\u00eda electiva, trauma y salvamento de extremidades. Actualmente ejerce como m\u00e9dica en Dallas Podiatry Works y es Jefa de Medicina Podi\u00e1trica en Merit Drive Dallas.<\/p>\n<p>El Dr. Arroyo es miembro del Colegio Estadounidense de Cirujanos de Pie y Tobillo, la Asociaci\u00f3n M\u00e9dica Podol\u00f3gica de Texas y la Asociaci\u00f3n M\u00e9dica Estadounidense de Podolog\u00eda.<\/p>\n<p>Se une al equipo de investigaci\u00f3n de Cedar Health como investigadora de podolog\u00eda. Le gusta estar al tanto de los \u00faltimos conocimientos e investigaciones en su campo y habla ingl\u00e9s y espa\u00f1ol con fluidez.<\/p>\n\n\t\t<\/div>\n\t<\/div>\n<\/div><\/div><\/div><\/div><div class=\"vc_row wpb_row vc_row-fluid\"><div class=\"wpb_column vc_column_container vc_col-sm-12\"><div class=\"vc_column-inner\"><div class=\"wpb_wrapper\"><div id=\"ultimate-heading-86166a06ef8e86e25\" class=\"uvc-heading ult-adjust-bottom-margin ultimate-heading-86166a06ef8e86e25 uvc-5988  uvc-heading-default-font-sizes\" data-hspacer=\"no_spacer\"  data-halign=\"center\" style=\"text-align:center\"><div class=\"uvc-heading-spacer no_spacer\" style=\"top\"><\/div><\/div><\/div><\/div><\/div><\/div>\n<\/div>","protected":false},"excerpt":{"rendered":"<p>Irene Arroyo, Investigadora de DPM - Podiatr\u00eda La Dra. Irene Arroyo es Doctora en Medicina Podi\u00e1trica con certificaciones de la Junta Estadounidense de Medicina Podi\u00e1trica y la Junta Estadounidense de Cirug\u00eda de Pie y Tobillo que realizar\u00e1 ensayos cl\u00ednicos para Cedar Health Research. La formaci\u00f3n acad\u00e9mica del Dr. Arroyo incluye un Doctorado en Medicina Podol\u00f3gica y\u2026<\/p>","protected":false},"author":1,"featured_media":0,"parent":523,"menu_order":0,"comment_status":"closed","ping_status":"closed","template":"","meta":{"_monsterinsights_skip_tracking":false,"_monsterinsights_sitenote_active":false,"_monsterinsights_sitenote_note":"","_monsterinsights_sitenote_category":0,"footnotes":""},"class_list":["post-2252","page","type-page","status-publish","hentry","description-off"],"aioseo_notices":[],"_links":{"self":[{"href":"https:\/\/cedarhealthresearch.com\/es\/wp-json\/wp\/v2\/pages\/2252","targetHints":{"allow":["GET"]}}],"collection":[{"href":"https:\/\/cedarhealthresearch.com\/es\/wp-json\/wp\/v2\/pages"}],"about":[{"href":"https:\/\/cedarhealthresearch.com\/es\/wp-json\/wp\/v2\/types\/page"}],"author":[{"embeddable":true,"href":"https:\/\/cedarhealthresearch.com\/es\/wp-json\/wp\/v2\/users\/1"}],"replies":[{"embeddable":true,"href":"https:\/\/cedarhealthresearch.com\/es\/wp-json\/wp\/v2\/comments?post=2252"}],"version-history":[{"count":0,"href":"https:\/\/cedarhealthresearch.com\/es\/wp-json\/wp\/v2\/pages\/2252\/revisions"}],"up":[{"embeddable":true,"href":"https:\/\/cedarhealthresearch.com\/es\/wp-json\/wp\/v2\/pages\/523"}],"wp:attachment":[{"href":"https:\/\/cedarhealthresearch.com\/es\/wp-json\/wp\/v2\/media?parent=2252"}],"curies":[{"name":"wp","href":"https:\/\/api.w.org\/{rel}","templated":true}]}}