{"id":2249,"date":"2022-01-03T10:17:23","date_gmt":"2022-01-03T15:17:23","guid":{"rendered":"https:\/\/cedarhealthresearch.com\/?page_id=2249"},"modified":"2025-10-24T15:26:37","modified_gmt":"2025-10-24T20:26:37","slug":"dalton-ryba-2","status":"publish","type":"page","link":"https:\/\/cedarhealthresearch.com\/es\/about-us\/our-team\/dalton-ryba-2\/","title":{"rendered":"Dalton Ryba, DPM"},"content":{"rendered":"<div class=\"wpb-content-wrapper\"><div class=\"vc_row wpb_row vc_row-fluid\"><div class=\"wpb_column vc_column_container vc_col-sm-12 vc_col-lg-offset-1 vc_col-lg-10 vc_col-md-offset-1 vc_col-md-10\"><div class=\"vc_column-inner\"><div class=\"wpb_wrapper\">\n\t<div class=\"wpb_text_column wpb_content_element\" >\n\t\t<div class=\"wpb_wrapper\">\n\t\t\t<h3>Dalton Ryba, MD<\/h3>\n<p><strong><span style=\"color: #999999;\">Investigador \u2013 Podolog\u00eda<\/span><\/strong><\/p>\n<p><img loading=\"lazy\" decoding=\"async\" class=\"alignleft wp-image-1012 size-medium\" src=\"https:\/\/cedarhealthresearch.com\/wp-content\/uploads\/2023\/11\/dr-dalton-ryba2.png\" alt=\"\" width=\"200\" height=\"300\" \/>El Dr. Dalton Ryba es Doctor en Medicina Podi\u00e1trica con certificaciones de la Junta Estadounidense de Medicina Podi\u00e1trica y la Junta Estadounidense de Cirug\u00eda de Pie y Tobillo, y realizar\u00e1 ensayos cl\u00ednicos para Cedar Health Research.<\/p>\n<p>La formaci\u00f3n acad\u00e9mica del Dr. Dalton incluye un Doctorado en Medicina Podol\u00f3gica de la Universidad de Des Moines, la Facultad de Medicina y Cirug\u00eda Podol\u00f3gica, as\u00ed como una Licenciatura en Bioqu\u00edmica de la Universidad Doane. Complet\u00f3 su programa de residencia en cirug\u00eda podol\u00f3gica en el Hospital John Peter Smith, donde se desempe\u00f1\u00f3 como jefe de residentes de podolog\u00eda durante su \u00faltimo a\u00f1o. El Dr. Ryba actualmente se desempe\u00f1a como m\u00e9dico y socio en Lone Star Orthopaedic &amp; Spine Specialists PLLC.<\/p>\n<p>Al Dr. Ryba le apasiona investigar la salud del pie y el tobillo. Est\u00e1 comprometido a aprender m\u00e1s sobre su campo y contribuir con su conocimiento e investigaci\u00f3n a Cedar Health Research. Aparte de su pasi\u00f3n por la salud de los pies y los tobillos, es un orgulloso esposo y padre, y disfruta del tiempo al aire libre con su familia.<\/p>\n\n\t\t<\/div>\n\t<\/div>\n<\/div><\/div><\/div><\/div><div class=\"vc_row wpb_row vc_row-fluid\"><div class=\"wpb_column vc_column_container vc_col-sm-12\"><div class=\"vc_column-inner\"><div class=\"wpb_wrapper\"><div id=\"ultimate-heading-773869ee3c7b172b8\" class=\"uvc-heading ult-adjust-bottom-margin ultimate-heading-773869ee3c7b172b8 uvc-5654  uvc-heading-default-font-sizes\" data-hspacer=\"no_spacer\"  data-halign=\"center\" style=\"text-align:center\"><div class=\"uvc-heading-spacer no_spacer\" style=\"top\"><\/div><\/div><\/div><\/div><\/div><\/div>\n<\/div>","protected":false},"excerpt":{"rendered":"<p>Dalton Ryba, MD Investigador \u2013 Podiatr\u00eda El Dr. Dalton Ryba es Doctor en Medicina Podi\u00e1trica con certificaciones de la Junta Estadounidense de Medicina Podi\u00e1trica y la Junta Estadounidense de Cirug\u00eda de Pie y Tobillo que realizar\u00e1 ensayos cl\u00ednicos para Cedar Health Research. La formaci\u00f3n acad\u00e9mica del Dr. Dalton incluye un Doctorado en Medicina Podi\u00e1trica de...<\/p>","protected":false},"author":1,"featured_media":0,"parent":523,"menu_order":0,"comment_status":"closed","ping_status":"closed","template":"","meta":{"_monsterinsights_skip_tracking":false,"_monsterinsights_sitenote_active":false,"_monsterinsights_sitenote_note":"","_monsterinsights_sitenote_category":0,"footnotes":""},"class_list":["post-2249","page","type-page","status-publish","hentry","description-off"],"aioseo_notices":[],"_links":{"self":[{"href":"https:\/\/cedarhealthresearch.com\/es\/wp-json\/wp\/v2\/pages\/2249","targetHints":{"allow":["GET"]}}],"collection":[{"href":"https:\/\/cedarhealthresearch.com\/es\/wp-json\/wp\/v2\/pages"}],"about":[{"href":"https:\/\/cedarhealthresearch.com\/es\/wp-json\/wp\/v2\/types\/page"}],"author":[{"embeddable":true,"href":"https:\/\/cedarhealthresearch.com\/es\/wp-json\/wp\/v2\/users\/1"}],"replies":[{"embeddable":true,"href":"https:\/\/cedarhealthresearch.com\/es\/wp-json\/wp\/v2\/comments?post=2249"}],"version-history":[{"count":2,"href":"https:\/\/cedarhealthresearch.com\/es\/wp-json\/wp\/v2\/pages\/2249\/revisions"}],"predecessor-version":[{"id":5736,"href":"https:\/\/cedarhealthresearch.com\/es\/wp-json\/wp\/v2\/pages\/2249\/revisions\/5736"}],"up":[{"embeddable":true,"href":"https:\/\/cedarhealthresearch.com\/es\/wp-json\/wp\/v2\/pages\/523"}],"wp:attachment":[{"href":"https:\/\/cedarhealthresearch.com\/es\/wp-json\/wp\/v2\/media?parent=2249"}],"curies":[{"name":"wp","href":"https:\/\/api.w.org\/{rel}","templated":true}]}}