{"id":2243,"date":"2022-01-03T09:58:37","date_gmt":"2022-01-03T14:58:37","guid":{"rendered":"https:\/\/cedarhealthresearch.com\/?page_id=2243"},"modified":"2024-05-16T15:40:46","modified_gmt":"2024-05-16T20:40:46","slug":"madhuri-devdhar","status":"publish","type":"page","link":"https:\/\/cedarhealthresearch.com\/es\/about-us\/our-team\/madhuri-devdhar\/","title":{"rendered":"Madhuri Devdhar, MD"},"content":{"rendered":"<div class=\"wpb-content-wrapper\"><div class=\"vc_row wpb_row vc_row-fluid\"><div class=\"wpb_column vc_column_container vc_col-sm-12 vc_col-lg-offset-1 vc_col-lg-10 vc_col-md-offset-1 vc_col-md-10\"><div class=\"vc_column-inner\"><div class=\"wpb_wrapper\">\n\t<div class=\"wpb_text_column wpb_content_element\" >\n\t\t<div class=\"wpb_wrapper\">\n\t\t\t<h3>Madhuri Devdhar, MD<\/h3>\n<p><strong><span style=\"color: #999999;\">Investigador \u2013 Endocrinolog\u00eda<\/span><\/strong><\/p>\n<p><img loading=\"lazy\" decoding=\"async\" class=\"alignleft size-full wp-image-2338\" src=\"https:\/\/cedarhealthresearch.com\/wp-content\/uploads\/2022\/02\/madhuri-devdhar-md.jpg\" alt=\"\" width=\"200\" height=\"300\" srcset=\"https:\/\/cedarhealthresearch.com\/wp-content\/uploads\/2022\/02\/madhuri-devdhar-md.jpg 283w, https:\/\/cedarhealthresearch.com\/wp-content\/uploads\/2022\/02\/madhuri-devdhar-md-200x300.jpg 200w, https:\/\/cedarhealthresearch.com\/wp-content\/uploads\/2022\/02\/madhuri-devdhar-md-8x12.jpg 8w\" sizes=\"auto, (max-width: 200px) 100vw, 200px\" \/>La Dra. Madhuri Devdhar tiene doble certificaci\u00f3n en medicina interna y endocrinolog\u00eda y comenz\u00f3 su carrera acad\u00e9mica en la Universidad George Washington en Washington DC y ahora es una de las mejores doctoras reconocidas en el \u00e1rea de DFW. Tiene una amplia experiencia en investigaci\u00f3n con estudios realizados sobre obesidad, diabetes e hipotiroidismo. Tambi\u00e9n tiene publicaciones sobre todos estos temas. El Dr. Devdhar realizar\u00e1 ensayos cl\u00ednicos en Endocrinolog\u00eda para Cedar Health Research.<\/p>\n<p>La formaci\u00f3n acad\u00e9mica del Dr. Devdhar incluye una Licenciatura en Medicina y una Licenciatura en Cirug\u00eda de la Facultad de Medicina de Bangalore en Bangalore, India. Al finalizar, hizo una pasant\u00eda en Medicina Interna en Temple University\/Western Pennsylvania Hospital. M\u00e1s tarde complet\u00f3 su residencia en Medicina Interna en la Universidad de Georgetown\/Centro Hospitalario de Washington en Washington DC. La Dra. Devdhar actualmente ejerce en Bedford Endocrinology PLLC.<\/p>\n<p>El Dr. Devdhar tiene varias afiliaciones profesionales como miembro de The Endocrine Society, The American Association of Clinical Endocrinologists y American Thyroid Association. Ella se dedica a promover su comprensi\u00f3n y conocimiento en el campo de la Endocrinolog\u00eda.<\/p>\n<p>La Dra. Devdhar ha contribuido con sus habilidades como m\u00e9dica voluntaria en la Fundaci\u00f3n del Ri\u00f1\u00f3n de Bangalore en India. Le gusta la m\u00fasica india cl\u00e1sica, obtuvo una licenciatura en el idioma indio m\u00e1s antiguo, el s\u00e1nscrito, y le apasiona compartir su cultura con los dem\u00e1s.<\/p>\n\n\t\t<\/div>\n\t<\/div>\n<\/div><\/div><\/div><\/div><div class=\"vc_row wpb_row vc_row-fluid\"><div class=\"wpb_column vc_column_container vc_col-sm-12\"><div class=\"vc_column-inner\"><div class=\"wpb_wrapper\"><div id=\"ultimate-heading-586369de593a61b9b\" class=\"uvc-heading ult-adjust-bottom-margin ultimate-heading-586369de593a61b9b uvc-6360  uvc-heading-default-font-sizes\" data-hspacer=\"no_spacer\"  data-halign=\"center\" style=\"text-align:center\"><div class=\"uvc-heading-spacer no_spacer\" style=\"top\"><\/div><\/div><\/div><\/div><\/div><\/div>\n<\/div>","protected":false},"excerpt":{"rendered":"<p>Madhuri Devdhar, MD Investigadora - Endocrinolog\u00eda La Dra. Madhuri Devdhar tiene doble certificaci\u00f3n en medicina interna y endocrinolog\u00eda y comenz\u00f3 su carrera acad\u00e9mica en la Universidad George Washington en Washington DC y ahora es una de las mejores doctoras reconocidas en el \u00e1rea de DFW. Tiene una amplia experiencia en investigaci\u00f3n con estudios realizados sobre la obesidad,\u2026<\/p>","protected":false},"author":1,"featured_media":0,"parent":523,"menu_order":0,"comment_status":"closed","ping_status":"closed","template":"","meta":{"_monsterinsights_skip_tracking":false,"_monsterinsights_sitenote_active":false,"_monsterinsights_sitenote_note":"","_monsterinsights_sitenote_category":0,"footnotes":""},"class_list":["post-2243","page","type-page","status-publish","hentry","description-off"],"aioseo_notices":[],"_links":{"self":[{"href":"https:\/\/cedarhealthresearch.com\/es\/wp-json\/wp\/v2\/pages\/2243","targetHints":{"allow":["GET"]}}],"collection":[{"href":"https:\/\/cedarhealthresearch.com\/es\/wp-json\/wp\/v2\/pages"}],"about":[{"href":"https:\/\/cedarhealthresearch.com\/es\/wp-json\/wp\/v2\/types\/page"}],"author":[{"embeddable":true,"href":"https:\/\/cedarhealthresearch.com\/es\/wp-json\/wp\/v2\/users\/1"}],"replies":[{"embeddable":true,"href":"https:\/\/cedarhealthresearch.com\/es\/wp-json\/wp\/v2\/comments?post=2243"}],"version-history":[{"count":0,"href":"https:\/\/cedarhealthresearch.com\/es\/wp-json\/wp\/v2\/pages\/2243\/revisions"}],"up":[{"embeddable":true,"href":"https:\/\/cedarhealthresearch.com\/es\/wp-json\/wp\/v2\/pages\/523"}],"wp:attachment":[{"href":"https:\/\/cedarhealthresearch.com\/es\/wp-json\/wp\/v2\/media?parent=2243"}],"curies":[{"name":"wp","href":"https:\/\/api.w.org\/{rel}","templated":true}]}}