{"id":2228,"date":"2022-01-03T09:49:15","date_gmt":"2022-01-03T14:49:15","guid":{"rendered":"https:\/\/cedarhealthresearch.com\/?page_id=2228"},"modified":"2025-01-13T11:29:07","modified_gmt":"2025-01-13T16:29:07","slug":"amy-paredes","status":"publish","type":"page","link":"https:\/\/cedarhealthresearch.com\/es\/about-us\/our-team\/amy-walls\/","title":{"rendered":"amy paredes"},"content":{"rendered":"<div class=\"wpb-content-wrapper\"><div class=\"vc_row wpb_row vc_row-fluid\"><div class=\"wpb_column vc_column_container vc_col-sm-12 vc_col-lg-offset-1 vc_col-lg-10 vc_col-md-offset-1 vc_col-md-10\"><div class=\"vc_column-inner\"><div class=\"wpb_wrapper\">\n\t<div class=\"wpb_text_column wpb_content_element\" >\n\t\t<div class=\"wpb_wrapper\">\n\t\t\t<h3>amy paredes<\/h3>\n<p><strong><span style=\"color: #999999;\">Vicepresidente de Asociaciones<\/span><\/strong><\/p>\n<p><img loading=\"lazy\" decoding=\"async\" class=\"alignleft size-medium wp-image-2359\" src=\"https:\/\/cedarhealthresearch.com\/wp-content\/uploads\/2022\/02\/amy-walls-199x300.jpg\" alt=\"\" width=\"199\" height=\"300\" srcset=\"https:\/\/cedarhealthresearch.com\/wp-content\/uploads\/2022\/02\/amy-walls-199x300.jpg 199w, https:\/\/cedarhealthresearch.com\/wp-content\/uploads\/2022\/02\/amy-walls-8x12.jpg 8w, https:\/\/cedarhealthresearch.com\/wp-content\/uploads\/2022\/02\/amy-walls.jpg 283w\" sizes=\"auto, (max-width: 199px) 100vw, 199px\" \/>Amy Walls se desempe\u00f1a como vicepresidenta de asociaciones de Cedar Health Research. Es una talentosa empresaria y especialista s\u00e9nior en atenci\u00f3n de la diabetes con 14 a\u00f1os de experiencia en ventas de productos m\u00e9dicos y farmac\u00e9uticos. Amy se gradu\u00f3 de la universidad con una licenciatura en Administraci\u00f3n de Empresas en Finanzas a trav\u00e9s de la Universidad del Norte de Texas en Denton.<\/p>\n<p>Amy es una h\u00e1bil escritora y comunicadora verbal y tiene un vasto conocimiento de la medicina, incluidos los medicamentos utilizados para tratar enfermedades hormonales y diab\u00e9ticas. A lo largo de su carrera, es conocida por superar los goles y clasificarse en la parte superior de su campo. Amy es una galardonada representante senior de ventas farmac\u00e9uticas y es un activo importante para el equipo de Cedar Health Research.<\/p>\n\n\t\t<\/div>\n\t<\/div>\n<\/div><\/div><\/div><\/div><div class=\"vc_row wpb_row vc_row-fluid\"><div class=\"wpb_column vc_column_container vc_col-sm-12\"><div class=\"vc_column-inner\"><div class=\"wpb_wrapper\"><div id=\"ultimate-heading-811869de593626b14\" class=\"uvc-heading ult-adjust-bottom-margin ultimate-heading-811869de593626b14 uvc-2012  uvc-heading-default-font-sizes\" data-hspacer=\"no_spacer\"  data-halign=\"center\" style=\"text-align:center\"><div class=\"uvc-heading-spacer no_spacer\" style=\"top\"><\/div><\/div><\/div><\/div><\/div><\/div>\n<\/div>","protected":false},"excerpt":{"rendered":"<p>Amy Walls Vicepresidenta de Asociaciones Amy Walls es la Vicepresidenta de Asociaciones de Cedar Health Research. Es una empresaria con talento y Especialista Senior en Atenci\u00f3n Diab\u00e9tica con 14 a\u00f1os de experiencia en ventas m\u00e9dicas y farmac\u00e9uticas. Amy se licenci\u00f3 en Finanzas por la Universidad de North Texas...<\/p>","protected":false},"author":1,"featured_media":0,"parent":523,"menu_order":0,"comment_status":"closed","ping_status":"closed","template":"","meta":{"_monsterinsights_skip_tracking":false,"_monsterinsights_sitenote_active":false,"_monsterinsights_sitenote_note":"","_monsterinsights_sitenote_category":0,"footnotes":""},"class_list":["post-2228","page","type-page","status-publish","hentry","description-off"],"aioseo_notices":[],"_links":{"self":[{"href":"https:\/\/cedarhealthresearch.com\/es\/wp-json\/wp\/v2\/pages\/2228","targetHints":{"allow":["GET"]}}],"collection":[{"href":"https:\/\/cedarhealthresearch.com\/es\/wp-json\/wp\/v2\/pages"}],"about":[{"href":"https:\/\/cedarhealthresearch.com\/es\/wp-json\/wp\/v2\/types\/page"}],"author":[{"embeddable":true,"href":"https:\/\/cedarhealthresearch.com\/es\/wp-json\/wp\/v2\/users\/1"}],"replies":[{"embeddable":true,"href":"https:\/\/cedarhealthresearch.com\/es\/wp-json\/wp\/v2\/comments?post=2228"}],"version-history":[{"count":1,"href":"https:\/\/cedarhealthresearch.com\/es\/wp-json\/wp\/v2\/pages\/2228\/revisions"}],"predecessor-version":[{"id":5448,"href":"https:\/\/cedarhealthresearch.com\/es\/wp-json\/wp\/v2\/pages\/2228\/revisions\/5448"}],"up":[{"embeddable":true,"href":"https:\/\/cedarhealthresearch.com\/es\/wp-json\/wp\/v2\/pages\/523"}],"wp:attachment":[{"href":"https:\/\/cedarhealthresearch.com\/es\/wp-json\/wp\/v2\/media?parent=2228"}],"curies":[{"name":"wp","href":"https:\/\/api.w.org\/{rel}","templated":true}]}}