{"id":2021,"date":"2021-08-12T16:18:05","date_gmt":"2021-08-12T21:18:05","guid":{"rendered":"https:\/\/cedarhealthresearch.com\/?page_id=2021"},"modified":"2025-10-24T15:28:37","modified_gmt":"2025-10-24T20:28:37","slug":"kevin-oneil","status":"publish","type":"page","link":"https:\/\/cedarhealthresearch.com\/es\/about-us\/our-team\/kevin-oneil\/","title":{"rendered":"Dr. Kevin O&#039;Neil"},"content":{"rendered":"<div class=\"wpb-content-wrapper\"><div class=\"vc_row wpb_row vc_row-fluid\"><div class=\"wpb_column vc_column_container vc_col-sm-12 vc_col-lg-offset-1 vc_col-lg-10 vc_col-md-offset-1 vc_col-md-10\"><div class=\"vc_column-inner\"><div class=\"wpb_wrapper\">\n\t<div class=\"wpb_text_column wpb_content_element\" >\n\t\t<div class=\"wpb_wrapper\">\n\t\t\t<h3>Dr. Kevin O&#039;Neil<\/h3>\n<p><strong><span style=\"color: #999999;\">Investigador \u2013 Uroginecolog\u00eda\/Salud de la Mujer<\/span><\/strong><\/p>\n<p><img loading=\"lazy\" decoding=\"async\" class=\"alignleft wp-image-1012 size-medium\" src=\"https:\/\/cedarhealthresearch.com\/wp-content\/uploads\/2021\/08\/Kevin-ONeil-MD.png\" alt=\"\" width=\"200\" height=\"300\" \/>El Dr. Kevin O&#039;Neil es un m\u00e9dico certificado por la junta que se especializa en obstetricia y ginecolog\u00eda con una amplia experiencia cl\u00ednica y de investigaci\u00f3n. Obtuvo su doctorado en la Escuela de Medicina de Albany en Nueva York y continu\u00f3 su formaci\u00f3n posdoctoral en el Hospital Stamford de Connecticut. Ha sido reconocido con varios premios a lo largo de su carrera, incluido el Premio Sutherland de Ciencias Naturales y el Trofeo Charles E. Love Memorial.<\/p>\n<p>El Dr. O&#039;Neil es miembro de m\u00faltiples asociaciones m\u00e9dicas, incluido el Colegio Estadounidense de Obstetricia y Ginecolog\u00eda, la Asociaci\u00f3n M\u00e9dica de Texas, la Sociedad M\u00e9dica del Condado de Dallas, la Sociedad de Cirujanos Reconstructivos P\u00e9lvicos y la Asociaci\u00f3n Estadounidense de Laparoscopistas Ginecol\u00f3gicos. Su experiencia en investigaci\u00f3n cl\u00ednica en salud de la mujer abarca desde el carcinoma de endometrio hasta hallazgos citopatol\u00f3gicos y epidemiol\u00f3gicos en mujeres seropositivas para el VIH.<\/p>\n<p>El Dr. O&#039;Neil es un m\u00e9dico dedicado con a\u00f1os de experiencia y sabidur\u00eda. Tambi\u00e9n es un esposo y padre dedicado y disfruta pasar su tiempo libre con su esposa Jeanne y sus hijos, Jack, Bridget y Maggie.<\/p>\n\n\t\t<\/div>\n\t<\/div>\n<\/div><\/div><\/div><\/div><div class=\"vc_row wpb_row vc_row-fluid\"><div class=\"wpb_column vc_column_container vc_col-sm-12\"><div class=\"vc_column-inner\"><div class=\"wpb_wrapper\"><div id=\"ultimate-heading-760069dbd21fbaed6\" class=\"uvc-heading ult-adjust-bottom-margin ultimate-heading-760069dbd21fbaed6 uvc-549  uvc-heading-default-font-sizes\" data-hspacer=\"no_spacer\"  data-halign=\"center\" style=\"text-align:center\"><div class=\"uvc-heading-spacer no_spacer\" style=\"top\"><\/div><\/div><\/div><\/div><\/div><\/div>\n<\/div>","protected":false},"excerpt":{"rendered":"<p>Kevin O&#039;Neil, MD Investigador: Uroginecolog\u00eda\/Salud de la mujer El Dr. Kevin O&#039;Neil es un m\u00e9dico certificado por la junta que se especializa en obstetricia y ginecolog\u00eda con amplia experiencia cl\u00ednica y de investigaci\u00f3n. Obtuvo su doctorado en la Escuela de Medicina de Albany en Nueva York y continu\u00f3 su formaci\u00f3n posdoctoral en el Hospital Stamford de Connecticut. Ha sido reconocido con varios premios a lo largo\u2026<\/p>","protected":false},"author":1,"featured_media":0,"parent":523,"menu_order":0,"comment_status":"closed","ping_status":"closed","template":"","meta":{"_monsterinsights_skip_tracking":false,"_monsterinsights_sitenote_active":false,"_monsterinsights_sitenote_note":"","_monsterinsights_sitenote_category":0,"footnotes":""},"class_list":["post-2021","page","type-page","status-publish","hentry","description-off"],"aioseo_notices":[],"_links":{"self":[{"href":"https:\/\/cedarhealthresearch.com\/es\/wp-json\/wp\/v2\/pages\/2021","targetHints":{"allow":["GET"]}}],"collection":[{"href":"https:\/\/cedarhealthresearch.com\/es\/wp-json\/wp\/v2\/pages"}],"about":[{"href":"https:\/\/cedarhealthresearch.com\/es\/wp-json\/wp\/v2\/types\/page"}],"author":[{"embeddable":true,"href":"https:\/\/cedarhealthresearch.com\/es\/wp-json\/wp\/v2\/users\/1"}],"replies":[{"embeddable":true,"href":"https:\/\/cedarhealthresearch.com\/es\/wp-json\/wp\/v2\/comments?post=2021"}],"version-history":[{"count":1,"href":"https:\/\/cedarhealthresearch.com\/es\/wp-json\/wp\/v2\/pages\/2021\/revisions"}],"predecessor-version":[{"id":5740,"href":"https:\/\/cedarhealthresearch.com\/es\/wp-json\/wp\/v2\/pages\/2021\/revisions\/5740"}],"up":[{"embeddable":true,"href":"https:\/\/cedarhealthresearch.com\/es\/wp-json\/wp\/v2\/pages\/523"}],"wp:attachment":[{"href":"https:\/\/cedarhealthresearch.com\/es\/wp-json\/wp\/v2\/media?parent=2021"}],"curies":[{"name":"wp","href":"https:\/\/api.w.org\/{rel}","templated":true}]}}