{"id":2011,"date":"2021-08-12T16:07:15","date_gmt":"2021-08-12T21:07:15","guid":{"rendered":"https:\/\/cedarhealthresearch.com\/?page_id=2011"},"modified":"2025-10-24T15:32:05","modified_gmt":"2025-10-24T20:32:05","slug":"verano-migoni","status":"publish","type":"page","link":"https:\/\/cedarhealthresearch.com\/es\/about-us\/our-team\/summer-migoni\/","title":{"rendered":"Verano Migoni, PA-C"},"content":{"rendered":"<div class=\"wpb-content-wrapper\"><div class=\"vc_row wpb_row vc_row-fluid\"><div class=\"wpb_column vc_column_container vc_col-sm-12 vc_col-lg-offset-1 vc_col-lg-10 vc_col-md-offset-1 vc_col-md-10\"><div class=\"vc_column-inner\"><div class=\"wpb_wrapper\">\n\t<div class=\"wpb_text_column wpb_content_element\" >\n\t\t<div class=\"wpb_wrapper\">\n\t\t\t<h3>Verano Migoni, PA-C<\/h3>\n<p><strong><span style=\"color: #999999;\">Investigadora \u2013 Salud de la Mujer<\/span><\/strong><\/p>\n<p><img loading=\"lazy\" decoding=\"async\" class=\"alignleft wp-image-1012 size-medium\" src=\"https:\/\/cedarhealthresearch.com\/wp-content\/uploads\/2021\/08\/Summer-Migoni-PA-C.png\" alt=\"\" width=\"200\" height=\"300\" \/>Summer Migoni es asistente m\u00e9dico certificado en el Centro M\u00e9dico MacArthur en Irving, Texas. Se gradu\u00f3 de Austin College con una licenciatura en Psicolog\u00eda y de UT Southwestern con su Maestr\u00eda en Estudios de Asistente M\u00e9dico. Como subinvestigadora en Cedar Health Research, Summer se ha mostrado muy prometedora y ansiosa por llevar cada ensayo m\u00e1s all\u00e1.<\/p>\n<p>Summer habla ingl\u00e9s y espa\u00f1ol con fluidez. Es miembro de la Academia Estadounidense de Asistentes M\u00e9dicos y se present\u00f3 en la Conferencia Anual CME de la Academia de Asistentes M\u00e9dicos de Texas en Irving, Texas. Su comportamiento amable y su pasi\u00f3n por sus pacientes hacen de Summer una proveedora verdaderamente compasiva.<\/p>\n\n\t\t<\/div>\n\t<\/div>\n<\/div><\/div><\/div><\/div><div class=\"vc_row wpb_row vc_row-fluid\"><div class=\"wpb_column vc_column_container vc_col-sm-12\"><div class=\"vc_column-inner\"><div class=\"wpb_wrapper\"><div id=\"ultimate-heading-291869df027803718\" class=\"uvc-heading ult-adjust-bottom-margin ultimate-heading-291869df027803718 uvc-5267  uvc-heading-default-font-sizes\" data-hspacer=\"no_spacer\"  data-halign=\"center\" style=\"text-align:center\"><div class=\"uvc-heading-spacer no_spacer\" style=\"top\"><\/div><\/div><\/div><\/div><\/div><\/div>\n<\/div>","protected":false},"excerpt":{"rendered":"<p>Summer Migoni, investigadora de PA-C \u2013 Salud de la mujer Summer Migoni es asistente m\u00e9dica certificada en el Centro M\u00e9dico MacArthur en Irving, Texas. Se gradu\u00f3 de Austin College con una licenciatura en Psicolog\u00eda y de UT Southwestern con su Maestr\u00eda en Estudios de Asistente M\u00e9dico. Como subinvestigadora en Cedar Health Research, Summer ha demostrado gran...<\/p>","protected":false},"author":1,"featured_media":0,"parent":523,"menu_order":0,"comment_status":"closed","ping_status":"closed","template":"","meta":{"_monsterinsights_skip_tracking":false,"_monsterinsights_sitenote_active":false,"_monsterinsights_sitenote_note":"","_monsterinsights_sitenote_category":0,"footnotes":""},"class_list":["post-2011","page","type-page","status-publish","hentry","description-off"],"aioseo_notices":[],"_links":{"self":[{"href":"https:\/\/cedarhealthresearch.com\/es\/wp-json\/wp\/v2\/pages\/2011","targetHints":{"allow":["GET"]}}],"collection":[{"href":"https:\/\/cedarhealthresearch.com\/es\/wp-json\/wp\/v2\/pages"}],"about":[{"href":"https:\/\/cedarhealthresearch.com\/es\/wp-json\/wp\/v2\/types\/page"}],"author":[{"embeddable":true,"href":"https:\/\/cedarhealthresearch.com\/es\/wp-json\/wp\/v2\/users\/1"}],"replies":[{"embeddable":true,"href":"https:\/\/cedarhealthresearch.com\/es\/wp-json\/wp\/v2\/comments?post=2011"}],"version-history":[{"count":1,"href":"https:\/\/cedarhealthresearch.com\/es\/wp-json\/wp\/v2\/pages\/2011\/revisions"}],"predecessor-version":[{"id":5749,"href":"https:\/\/cedarhealthresearch.com\/es\/wp-json\/wp\/v2\/pages\/2011\/revisions\/5749"}],"up":[{"embeddable":true,"href":"https:\/\/cedarhealthresearch.com\/es\/wp-json\/wp\/v2\/pages\/523"}],"wp:attachment":[{"href":"https:\/\/cedarhealthresearch.com\/es\/wp-json\/wp\/v2\/media?parent=2011"}],"curies":[{"name":"wp","href":"https:\/\/api.w.org\/{rel}","templated":true}]}}