{"id":1711,"date":"2020-12-22T13:15:51","date_gmt":"2020-12-22T18:15:51","guid":{"rendered":"https:\/\/cedarhealthresearch.com\/?page_id=1711"},"modified":"2025-10-24T15:28:49","modified_gmt":"2025-10-24T20:28:49","slug":"leon-brill","status":"publish","type":"page","link":"https:\/\/cedarhealthresearch.com\/es\/about-us\/our-team\/leon-brill\/","title":{"rendered":"Le\u00f3n Brill, DPM"},"content":{"rendered":"<div class=\"wpb-content-wrapper\"><div class=\"vc_row wpb_row vc_row-fluid\"><div class=\"wpb_column vc_column_container vc_col-sm-12 vc_col-lg-offset-1 vc_col-lg-10 vc_col-md-offset-1 vc_col-md-10\"><div class=\"vc_column-inner\"><div class=\"wpb_wrapper\">\n\t<div class=\"wpb_text_column wpb_content_element\" >\n\t\t<div class=\"wpb_wrapper\">\n\t\t\t<h3>Le\u00f3n Brill, DPM<\/h3>\n<p><span style=\"color: #999999;\"><strong>Investigador Principal \u2013 Podolog\u00eda<\/strong><\/span><\/p>\n<p><img loading=\"lazy\" decoding=\"async\" class=\"wp-image-1713 size-medium alignleft\" src=\"https:\/\/cedarhealthresearch.com\/wp-content\/uploads\/2020\/12\/BRILL-2011-238x300.jpg\" alt=\"\" width=\"238\" height=\"300\" srcset=\"https:\/\/cedarhealthresearch.com\/wp-content\/uploads\/2020\/12\/BRILL-2011-238x300.jpg 238w, https:\/\/cedarhealthresearch.com\/wp-content\/uploads\/2020\/12\/BRILL-2011.jpg 283w\" sizes=\"auto, (max-width: 238px) 100vw, 238px\" \/>El Dr. Leon Brill, DPM, es especialista en cirug\u00eda podi\u00e1trica en Dallas, Texas. El Dr. Brill complet\u00f3 su formaci\u00f3n universitaria en la Universidad de Arizona y la escuela de medicina en la Facultad de Medicina Podi\u00e1trica de Ohio.<\/p>\n<p>El Dr. Brill se ha involucrado en la investigaci\u00f3n cl\u00ednica y la pr\u00e1ctica cl\u00ednica, sirviendo como investigador principal\/co-investigador en m\u00faltiples estudios y ensayos. Est\u00e1 excepcionalmente calificado para detectar las primeras etapas de enfermedades que muestran signos de advertencia en las extremidades inferiores, como diabetes, artritis y enfermedades cardiovasculares.<\/p>\n<p>Con m\u00e1s de cuatro d\u00e9cadas de experiencia, el Dr. Brill ha ocupado numerosos cargos profesionales y acad\u00e9micos. Fue uno de los cofundadores del Council on Foot Care de la American Diabetes Association. Adem\u00e1s, se desempe\u00f1\u00f3 como ex presidente del Departamento de Cirug\u00eda Podi\u00e1trica en el Hospital Presbiteriano de Dallas. El Dr. Brill tiene una amplia experiencia en investigaci\u00f3n y es autor de numerosos art\u00edculos y monograf\u00edas sobre el cuidado de heridas.<\/p>\n<p>El Dr. Brill mantuvo una pr\u00e1ctica privada en Dallas, Texas durante 40 a\u00f1os. Recientemente se uni\u00f3 a Dallas Podiatry Works para atender a los pacientes como especialista y cirujano de pie y tobillo.<\/p>\n\n\t\t<\/div>\n\t<\/div>\n<\/div><\/div><\/div><\/div><div class=\"vc_row wpb_row vc_row-fluid\"><div class=\"wpb_column vc_column_container vc_col-sm-12\"><div class=\"vc_column-inner\"><div class=\"wpb_wrapper\"><div id=\"ultimate-heading-637069de593e6aea8\" class=\"uvc-heading ult-adjust-bottom-margin ultimate-heading-637069de593e6aea8 uvc-5971  uvc-heading-default-font-sizes\" data-hspacer=\"no_spacer\"  data-halign=\"center\" style=\"text-align:center\"><div class=\"uvc-heading-spacer no_spacer\" style=\"top\"><\/div><\/div><\/div><\/div><\/div><\/div>\n<\/div>","protected":false},"excerpt":{"rendered":"<p>Leon Brill, DPM Investigador Principal \u2013 Podiatr\u00eda El Dr. Leon Brill, DPM, es especialista en cirug\u00eda podi\u00e1trica en Dallas, Texas. El Dr. Brill complet\u00f3 su formaci\u00f3n universitaria en la Universidad de Arizona y la escuela de medicina en la Facultad de Medicina Podi\u00e1trica de Ohio. El Dr. Brill se ha dedicado a la investigaci\u00f3n cl\u00ednica y la pr\u00e1ctica cl\u00ednica, sirviendo como investigador principal\/co-investigador en...<\/p>","protected":false},"author":1,"featured_media":0,"parent":523,"menu_order":0,"comment_status":"closed","ping_status":"closed","template":"","meta":{"_monsterinsights_skip_tracking":false,"_monsterinsights_sitenote_active":false,"_monsterinsights_sitenote_note":"","_monsterinsights_sitenote_category":0,"footnotes":""},"class_list":["post-1711","page","type-page","status-publish","hentry","description-off"],"aioseo_notices":[],"_links":{"self":[{"href":"https:\/\/cedarhealthresearch.com\/es\/wp-json\/wp\/v2\/pages\/1711","targetHints":{"allow":["GET"]}}],"collection":[{"href":"https:\/\/cedarhealthresearch.com\/es\/wp-json\/wp\/v2\/pages"}],"about":[{"href":"https:\/\/cedarhealthresearch.com\/es\/wp-json\/wp\/v2\/types\/page"}],"author":[{"embeddable":true,"href":"https:\/\/cedarhealthresearch.com\/es\/wp-json\/wp\/v2\/users\/1"}],"replies":[{"embeddable":true,"href":"https:\/\/cedarhealthresearch.com\/es\/wp-json\/wp\/v2\/comments?post=1711"}],"version-history":[{"count":1,"href":"https:\/\/cedarhealthresearch.com\/es\/wp-json\/wp\/v2\/pages\/1711\/revisions"}],"predecessor-version":[{"id":5741,"href":"https:\/\/cedarhealthresearch.com\/es\/wp-json\/wp\/v2\/pages\/1711\/revisions\/5741"}],"up":[{"embeddable":true,"href":"https:\/\/cedarhealthresearch.com\/es\/wp-json\/wp\/v2\/pages\/523"}],"wp:attachment":[{"href":"https:\/\/cedarhealthresearch.com\/es\/wp-json\/wp\/v2\/media?parent=1711"}],"curies":[{"name":"wp","href":"https:\/\/api.w.org\/{rel}","templated":true}]}}