{"id":1337,"date":"2020-06-22T14:53:31","date_gmt":"2020-06-22T19:53:31","guid":{"rendered":"https:\/\/cedarhealthresearch.com\/?page_id=1337"},"modified":"2025-10-24T13:56:21","modified_gmt":"2025-10-24T18:56:21","slug":"carreras","status":"publish","type":"page","link":"https:\/\/cedarhealthresearch.com\/es\/careers\/","title":{"rendered":"Carreras"},"content":{"rendered":"<div class=\"wpb-content-wrapper\"><div data-vc-full-width=\"true\" data-vc-full-width-temp=\"true\" data-vc-full-width-init=\"false\" data-vc-stretch-content=\"true\" class=\"vc_row wpb_row vc_row-fluid vc_custom_1602101887741 vc_row-has-fill vc_row-no-padding vc_row-o-equal-height vc_row-o-content-bottom vc_row-flex\"><div class=\"wpb_column vc_column_container vc_col-sm-12\"><div class=\"vc_column-inner vc_custom_1602099172551\"><div class=\"wpb_wrapper\"><div class=\"vc_row wpb_row vc_inner vc_row-fluid vc_custom_1726864064051 vc_row-has-fill\"><div class=\"wpb_column vc_column_container vc_col-sm-12\"><div class=\"vc_column-inner\"><div class=\"wpb_wrapper\"><div class=\"ult-spacer spacer-69d7268d20821\" data-id=\"69d7268d20821\" data-height=\"225\" data-height-mobile=\"100\" data-height-tab=\"\" data-height-tab-portrait=\"\" data-height-mobile-landscape=\"100\" style=\"clear:both;display:block;\"><\/div><\/div><\/div><\/div><\/div>\n\t<div class=\"wpb_text_column wpb_content_element  vc_custom_1761332179009\" >\n\t\t<div class=\"wpb_wrapper\">\n\t\t\t<p><img loading=\"lazy\" decoding=\"async\" class=\"aligncenter\" style=\"padding-bottom: 25px;\" src=\"https:\/\/cedarhealthresearch.com\/wp-content\/uploads\/2020\/10\/logo.png\" alt=\"\" width=\"321\" height=\"105\" \/><\/p>\n<p style=\"text-align: center;\"><span style=\"font-size: 48px; color: #ffffff;\">Unete a nuestro equipo<\/span><\/p>\n<p style=\"text-align: center;\"><span style=\"font-size: 21px; color: #ffffff;\">Sea parte de hacer una diferencia positiva en su comunidad y en todo el mundo<\/span><\/p>\n\n\t\t<\/div>\n\t<\/div>\n<div class=\"vc_btn3-container vc_btn3-center\" ><a onmouseleave=\"this.style.borderColor='#ffffff'; this.style.backgroundColor='transparent'; this.style.color='#ffffff'\" onmouseenter=\"this.style.borderColor='#ffffff'; this.style.backgroundColor='#ffffff'; this.style.color='#002f5d';\" style=\"border-color:#ffffff; color:#ffffff;\" class=\"vc_general vc_btn3 vc_btn3-size-md vc_btn3-shape-square vc_btn3-style-outline-custom\" href=\"https:\/\/cedarhealthresearch.com\/es\/puestos-vacantes\/\" title=\"\">Ver vacantes<\/a><\/div><\/div><\/div><\/div><\/div><div class=\"vc_row-full-width vc_clearfix\"><\/div><div class=\"vc_row wpb_row vc_row-fluid vc_row-o-equal-height vc_row-o-content-middle vc_row-flex\"><div class=\"wpb_column vc_column_container vc_col-sm-12\"><div class=\"vc_column-inner\"><div class=\"wpb_wrapper\">\n\t<div class=\"wpb_text_column wpb_content_element\" >\n\t\t<div class=\"wpb_wrapper\">\n\t\t\t<h2 style=\"text-align: center;\"><span style=\"color: #002f5d;\">Acerca de la investigaci\u00f3n de salud de cedro<\/span><\/h2>\n<p style=\"text-align: center;\">Cedar Health Research es una red de sitios de investigaci\u00f3n cl\u00ednica de m\u00faltiples especialidades con sede en Dallas, Texas, que est\u00e1 comprometida con la transformaci\u00f3n del dominio de la investigaci\u00f3n cl\u00ednica a trav\u00e9s de la adopci\u00f3n efectiva de tecnolog\u00edas innovadoras.<\/p>\n\n\t\t<\/div>\n\t<\/div>\n<style type=\"text\/css\" data-type=\"the7_shortcodes-inline-css\">#default-btn-be451a4ade60faf86f3914c8054ef35a.ico-right-side > i {\n  margin-right: 0px;\n  margin-left: 8px;\n}\n#default-btn-be451a4ade60faf86f3914c8054ef35a > i {\n  margin-right: 8px;\n}<\/style><div class=\"btn-align-center\"><a href=\"https:\/\/cedarhealthresearch.com\/es\/acerca-de-nosotros\/nuestra-mision\/\" class=\"default-btn-shortcode dt-btn dt-btn-m link-hover-off  vc_custom_1602099474984\" id=\"default-btn-be451a4ade60faf86f3914c8054ef35a\" title=\"Aprende m\u00e1s\"><span>Aprende m\u00e1s<\/span><\/a><\/div><div id=\"ultimate-heading-358169d7268d2102b\" class=\"uvc-heading ult-adjust-bottom-margin ultimate-heading-358169d7268d2102b uvc-1323  uvc-heading-default-font-sizes\" data-hspacer=\"no_spacer\"  data-halign=\"center\" style=\"text-align:center\"><div class=\"uvc-heading-spacer no_spacer\" style=\"top\"><\/div><\/div><\/div><\/div><\/div><\/div>\n<\/div>","protected":false},"excerpt":{"rendered":"<p>\u00danase a nuestro equipo Sea parte de marcar una diferencia positiva en su comunidad y en todo el mundo Ver vacantes Acerca de Cedar Health Research Cedar Health Research es una red de sitios de investigaci\u00f3n cl\u00ednica de m\u00faltiples especialidades con sede en Dallas, Texas, que se compromete a transformar el dominio de la investigaci\u00f3n cl\u00ednica a trav\u00e9s de la adopci\u00f3n efectiva de tecnolog\u00edas innovadoras.<\/p>","protected":false},"author":1,"featured_media":0,"parent":0,"menu_order":0,"comment_status":"closed","ping_status":"closed","template":"","meta":{"_monsterinsights_skip_tracking":false,"_monsterinsights_sitenote_active":false,"_monsterinsights_sitenote_note":"","_monsterinsights_sitenote_category":0,"footnotes":""},"class_list":["post-1337","page","type-page","status-publish","hentry","description-off"],"aioseo_notices":[],"_links":{"self":[{"href":"https:\/\/cedarhealthresearch.com\/es\/wp-json\/wp\/v2\/pages\/1337","targetHints":{"allow":["GET"]}}],"collection":[{"href":"https:\/\/cedarhealthresearch.com\/es\/wp-json\/wp\/v2\/pages"}],"about":[{"href":"https:\/\/cedarhealthresearch.com\/es\/wp-json\/wp\/v2\/types\/page"}],"author":[{"embeddable":true,"href":"https:\/\/cedarhealthresearch.com\/es\/wp-json\/wp\/v2\/users\/1"}],"replies":[{"embeddable":true,"href":"https:\/\/cedarhealthresearch.com\/es\/wp-json\/wp\/v2\/comments?post=1337"}],"version-history":[{"count":3,"href":"https:\/\/cedarhealthresearch.com\/es\/wp-json\/wp\/v2\/pages\/1337\/revisions"}],"predecessor-version":[{"id":5700,"href":"https:\/\/cedarhealthresearch.com\/es\/wp-json\/wp\/v2\/pages\/1337\/revisions\/5700"}],"wp:attachment":[{"href":"https:\/\/cedarhealthresearch.com\/es\/wp-json\/wp\/v2\/media?parent=1337"}],"curies":[{"name":"wp","href":"https:\/\/api.w.org\/{rel}","templated":true}]}}