{"id":1142,"date":"2020-05-08T11:38:56","date_gmt":"2020-05-08T16:38:56","guid":{"rendered":"https:\/\/cedarhealthresearch.com\/?page_id=1142"},"modified":"2020-05-20T07:16:55","modified_gmt":"2020-05-20T12:16:55","slug":"participacion-en-el-registro-del-estudio-covid-19-mujeres-embarazadas","status":"publish","type":"page","link":"https:\/\/cedarhealthresearch.com\/es\/covid-19-pregnancy-women-study-registry-participation\/","title":{"rendered":"\u00danete a la lucha contra el COVID-19"},"content":{"rendered":"<div class=\"wpb-content-wrapper\"><div class=\"vc_row wpb_row vc_row-fluid\"><div class=\"wpb_column vc_column_container vc_col-sm-12\"><div class=\"vc_column-inner\"><div class=\"wpb_wrapper\"><style type=\"text\/css\" data-type=\"the7_shortcodes-inline-css\">.shortcode-single-image-wrap.shortcode-single-image-84b2ccd0066e1981634a30de6276bb7b.enable-bg-rollover .rollover i,\n.shortcode-single-image-wrap.shortcode-single-image-84b2ccd0066e1981634a30de6276bb7b.enable-bg-rollover .rollover-video i {\n  background: -webkit-linear-gradient();\n  background: linear-gradient();\n}\n.shortcode-single-image-wrap.shortcode-single-image-84b2ccd0066e1981634a30de6276bb7b .rollover-icon {\n  font-size: 32px;\n  color: #ffffff;\n  min-width: 44px;\n  min-height: 44px;\n  line-height: 44px;\n  border-radius: 100px;\n  border-style: solid;\n  border-width: 0px;\n}\n.dt-icon-bg-on.shortcode-single-image-wrap.shortcode-single-image-84b2ccd0066e1981634a30de6276bb7b .rollover-icon {\n  background: rgba(255,255,255,0.3);\n  box-shadow: none;\n}<\/style><div class=\"shortcode-single-image-wrap shortcode-single-image-84b2ccd0066e1981634a30de6276bb7b alignnone  enable-bg-rollover dt-icon-bg-off\" style=\"margin-top:0px; margin-bottom:0px; margin-left:0px; margin-right:0px; width:900px;\"><div class=\"shortcode-single-image\"><div class=\"fancy-media-wrap  layzr-bg\" style=\"\"><img fetchpriority=\"high\" decoding=\"async\" class=\"preload-me lazy-load aspect\" src=\"data:image\/svg+xml,%3Csvg%20xmlns%3D&#39;http%3A%2F%2Fwww.w3.org%2F2000%2Fsvg&#39;%20viewBox%3D&#39;0%200%20900%20472&#39;%2F%3E\" data-src=\"https:\/\/cedarhealthresearch.com\/wp-content\/uploads\/2020\/05\/CHR_Facebook_COVID-PregStudy_15MAY2020_JS-1-900x472.png\" data-srcset=\"https:\/\/cedarhealthresearch.com\/wp-content\/uploads\/2020\/05\/CHR_Facebook_COVID-PregStudy_15MAY2020_JS-1-900x472.png 900w, https:\/\/cedarhealthresearch.com\/wp-content\/uploads\/2020\/05\/CHR_Facebook_COVID-PregStudy_15MAY2020_JS-1.png 1200w\" loading=\"eager\" sizes=\"(max-width: 900px) 100vw, 900px\" width=\"900\" height=\"472\"  data-dt-location=\"https:\/\/cedarhealthresearch.com\/es\/covid-19-pregnancy-women-study-registry-participation\/chr_facebook_covid-pregstudy_15may2020_js-1\/\" style=\"--ratio: 900 \/ 472;\" alt=\"Registro del Estudio de Embarazo COVID-19\" \/><\/div><\/div><\/div><\/div><\/div><\/div><\/div><div class=\"vc_row wpb_row vc_row-fluid vc_custom_1588959882158\"><div class=\"wpb_column vc_column_container vc_col-sm-12 vc_col-lg-offset-1 vc_col-lg-10 vc_col-md-offset-1 vc_col-md-10\"><div class=\"vc_column-inner\"><div class=\"wpb_wrapper\"><div id=\"ultimate-heading-876369f27415be8cf\" class=\"uvc-heading ult-adjust-bottom-margin ultimate-heading-876369f27415be8cf uvc-9674  uvc-heading-default-font-sizes\" data-hspacer=\"no_spacer\"  data-halign=\"left\" style=\"text-align:left\"><div class=\"uvc-heading-spacer no_spacer\" style=\"top\"><\/div><div class=\"uvc-main-heading ult-responsive\"  data-ultimate-target='.uvc-heading.ultimate-heading-876369f27415be8cf h3'  data-responsive-json-new='{\"font-size\":\"\",\"line-height\":\"\"}' ><h3 style=\"--font-weight:theme;margin-top:45px;\">Para m\u00e9dicos y consultorios m\u00e9dicos:<\/h3><\/div><\/div><div id=\"ultimate-heading-589069f27415be90c\" class=\"uvc-heading ult-adjust-bottom-margin ultimate-heading-589069f27415be90c uvc-2264  uvc-heading-default-font-sizes\" data-hspacer=\"no_spacer\"  data-halign=\"left\" style=\"text-align:left\"><div class=\"uvc-heading-spacer no_spacer\" style=\"top\"><\/div><div class=\"uvc-sub-heading ult-responsive\"  data-ultimate-target='.uvc-heading.ultimate-heading-589069f27415be90c .uvc-sub-heading '  data-responsive-json-new='{\"font-size\":\"desktop:18px;\",\"line-height\":\"desktop:32px;\"}'  style=\"font-weight:normal;margin-top:45px;\">Cedar Health Research, en alianza con Aspen Insights, est\u00e1 colaborando con consultorios privados de obstetricia y ginecolog\u00eda en los EE. UU. para crear un registro comunitario centrado en estudiar los efectos del COVID-19 en mujeres embarazadas y reci\u00e9n nacidos. Al utilizar an\u00e1lisis de datos de vanguardia impulsados por IA con est\u00e1ndares \u00e9ticos y de privacidad l\u00edderes en la industria, Cedar Health Research aprovechar\u00e1 estos valiosos datos para ayudar a responder las inc\u00f3gnitas sobre los efectos de COVID-19 en el embarazo.<\/p>\n<p>Esta es la primera vez que se realizar\u00e1 un registro de estudio basado en la comunidad de este tama\u00f1o, aprovechando la tecnolog\u00eda de aprendizaje autom\u00e1tico que est\u00e1 integrada con los sistemas EHR de la pr\u00e1ctica y del hospital. El registro recopilar\u00e1 datos cruciales relacionados con COVID-19 de los m\u00e9dicos y cient\u00edficos que trabajan en la primera l\u00ednea de la salud de la mujer y la neonatolog\u00eda.<\/div><\/div><section class=\"vc_cta3-container\"><div class=\"vc_general vc_do_cta3 vc_cta3 vc_cta3-style-classic vc_cta3-shape-rounded vc_cta3-align-center vc_cta3-color-classic vc_cta3-icon-size-md\"><div class=\"vc_cta3_content-container\"><div class=\"vc_cta3-content\"><header class=\"vc_cta3-content-header\"><h2 style=\"font-size: 18px;font-family:Montserrat;font-weight:400;font-style:normal\" class=\"vc_custom_heading vc_do_custom_heading\" >Para averiguar c\u00f3mo sus pr\u00e1cticas de ginecolog\u00eda y obstetricia pueden participar en esta oportunidad de registro del estudio,<\/h2><\/header><h2 style=\"text-align: center;\"><a href=\"#registry\">COMPLETE EL FORMULARIO A CONTINUACI\u00d3N<\/a><\/h2>\n<\/div><\/div><\/div><\/section><style type=\"text\/css\" data-type=\"the7_shortcodes-inline-css\">#default-btn-9e46a8ceffae7799d26ce9e4d92894a4.ico-right-side > i {\n  margin-right: 0px;\n  margin-left: 8px;\n}\n#default-btn-9e46a8ceffae7799d26ce9e4d92894a4 > i {\n  margin-right: 8px;\n}<\/style><div class=\"btn-align-center\"><a href=\"https:\/\/cedarhealthresearch.com\/es\/cedar-health-research-aspen-insights-desvela-un-enfoque-revolucionario-para-analizar-los-datos-de-resultados-del-embarazo-de-covid-19\/\" class=\"default-btn-shortcode dt-btn dt-btn-m link-hover-off  vc_custom_1589976390966\" target=\"_blank\" id=\"default-btn-9e46a8ceffae7799d26ce9e4d92894a4\" title=\"Lea el comunicado de prensa nacional\" rel=\"noopener\"><span>Lea el comunicado de prensa nacional<\/span><\/a><\/div><\/div><\/div><\/div><\/div><div data-vc-full-width=\"true\" data-vc-full-width-temp=\"true\" data-vc-full-width-init=\"false\" class=\"vc_row wpb_row vc_row-fluid\"><div class=\"wpb_column vc_column_container vc_col-sm-12\"><div class=\"vc_column-inner vc_custom_1588960191501\"><div class=\"wpb_wrapper\"><div id=\"ultimate-heading-552869f27415bef80\" class=\"uvc-heading ult-adjust-bottom-margin ultimate-heading-552869f27415bef80 uvc-9833  uvc-heading-default-font-sizes\" data-hspacer=\"no_spacer\"  data-halign=\"left\" style=\"text-align:left\"><div class=\"uvc-heading-spacer no_spacer\" style=\"top\"><\/div><div class=\"uvc-main-heading ult-responsive\"  data-ultimate-target='.uvc-heading.ultimate-heading-552869f27415bef80 h3'  data-responsive-json-new='{\"font-size\":\"\",\"line-height\":\"\"}' ><h3 style=\"--font-weight:theme;margin-top:25px;margin-bottom:45px;\">Preguntas frecuentes<\/h3><\/div><\/div><div  class=\"vc_do_toggle vc_toggle vc_toggle_arrow vc_toggle_color_green  vc_toggle_size_lg\"><div class=\"vc_toggle_title\"><h4>\u00bfQu\u00e9 significa para m\u00ed la participaci\u00f3n en el registro del estudio COVID-19?<\/h4><i class=\"vc_toggle_icon\"><\/i><\/div><div class=\"vc_toggle_content\"><p>Contribuir\u00e1 directamente a la investigaci\u00f3n de los efectos de COVID-19 en mujeres embarazadas y reci\u00e9n nacidos al compartir datos de manera privada, segura y compatible con HIPAA. Esto permitir\u00e1 a Aspen Insights, el socio tecnol\u00f3gico de Cedar Health Research (CHR), realizar an\u00e1lisis de datos utilizando m\u00e9todos sofisticados de aprendizaje autom\u00e1tico que descubrir\u00e1n correlaciones entre este virus recientemente identificado y los impactos en la salud de los reci\u00e9n nacidos y las mujeres. Su participaci\u00f3n tambi\u00e9n le dar\u00e1 la oportunidad de unirse a llamadas de grupos de usuarios donde se revelan y discuten ideas, de modo que pueda dirigir la direcci\u00f3n de la investigaci\u00f3n sobre este tema.<\/p>\n<\/div><\/div><div  class=\"vc_do_toggle vc_toggle vc_toggle_arrow vc_toggle_color_green  vc_toggle_size_lg\"><div class=\"vc_toggle_title\"><h4>\u00bfCu\u00e1l es el proceso de participaci\u00f3n en el registro del estudio COVID-19?<\/h4><i class=\"vc_toggle_icon\"><\/i><\/div><div class=\"vc_toggle_content\"><p>Si est\u00e1s interesado en participar, completa el siguiente formulario. La informaci\u00f3n que ingrese en el formulario de contacto se enviar\u00e1 a un representante de Cedar Health Research (CHR), quien se comunicar\u00e1 con usted para establecer una conversaci\u00f3n m\u00e1s detallada. Si su pr\u00e1ctica decide unirse a la lucha contra el COVID-19 a trav\u00e9s de la participaci\u00f3n en el registro del estudio COVID-19, un representante de Aspen Insights, el socio tecnol\u00f3gico de CHR, le enviar\u00e1 un correo electr\u00f3nico describiendo los pr\u00f3ximos pasos. Estos pr\u00f3ximos pasos incluyen la firma de un Acuerdo de socios comerciales (BAA) para garantizar el cumplimiento legal de HIPAA y un Acuerdo de servicio (SA) para explicar claramente el prop\u00f3sito y el uso de datos del estudio. Por \u00faltimo, le pediremos que se comunique con Aspen Insights con un representante de su proveedor de EHR para comenzar la recopilaci\u00f3n de datos.<\/p>\n<\/div><\/div><div  class=\"vc_do_toggle vc_toggle vc_toggle_arrow vc_toggle_color_green  vc_toggle_size_lg\"><div class=\"vc_toggle_title\"><h4>\u00bfQu\u00e9 se analizar\u00e1 para este registro del estudio COVID-19?<\/h4><i class=\"vc_toggle_icon\"><\/i><\/div><div class=\"vc_toggle_content\"><p><strong>Puntos finales primarios<\/strong><\/p>\n<p>Los criterios de valoraci\u00f3n coprimarios ser\u00e1n el porcentaje de pacientes que experimenten las complicaciones m\u00e1s comunes del embarazo y el cambio medio documentado en la historia cl\u00ednica electr\u00f3nica.<\/p>\n<p>&nbsp;<\/p>\n<p><strong>Criterios de valoraci\u00f3n secundarios<\/strong><\/p>\n<p>Los criterios de valoraci\u00f3n secundarios de los datos de enfermedades obst\u00e9tricas, neonatales e infecciosas se analizar\u00e1n para determinar un cambio medio seg\u00fan lo documentado en el registro de atenci\u00f3n m\u00e9dica electr\u00f3nico.<\/p>\n<\/div><\/div><div  class=\"vc_do_toggle vc_toggle vc_toggle_arrow vc_toggle_color_green  vc_toggle_size_lg\"><div class=\"vc_toggle_title\"><h4>\u00bfQu\u00e9 se har\u00e1 con mis datos?<\/h4><i class=\"vc_toggle_icon\"><\/i><\/div><div class=\"vc_toggle_content\"><p>Los datos pertinentes generados por su pr\u00e1ctica se transferir\u00e1n a Aspen Insights, donde residir\u00e1n dentro de una red segura, completa con barreras f\u00edsicas, encriptaci\u00f3n en reposo y en tr\u00e1nsito, cortafuegos de \u00faltima generaci\u00f3n y medidas avanzadas de ciberseguridad. Estos registros cl\u00ednicos luego ser\u00e1n desidentificados, eliminando toda la informaci\u00f3n de identificaci\u00f3n personal antes del an\u00e1lisis y la exploraci\u00f3n de datos. Estos registros an\u00f3nimos luego se utilizar\u00e1n para encontrar correlaciones de datos y conocimientos que mejoren nuestra comprensi\u00f3n de los impactos de COVID-19.<\/p>\n<\/div><\/div><\/div><\/div><\/div><\/div><div class=\"vc_row-full-width vc_clearfix\"><\/div><!-- Row Backgrounds --><div class=\"upb_color\" data-bg-override=\"0\" data-bg-color=\"#efefef\" data-fadeout=\"\" data-fadeout-percentage=\"30\" data-parallax-content=\"\" data-parallax-content-sense=\"30\" data-row-effect-mobile-disable=\"true\" data-img-parallax-mobile-disable=\"true\" data-rtl=\"false\"  data-custom-vc-row=\"\"  data-vc=\"8.7.2\"  data-is_old_vc=\"\"  data-theme-support=\"\"   data-overlay=\"false\" data-overlay-color=\"\" data-overlay-pattern=\"\" data-overlay-pattern-opacity=\"\" data-overlay-pattern-size=\"\"    ><\/div><div id=\"registry\" class=\"vc_row wpb_row vc_row-fluid vc_custom_1589976616677\"><div class=\"wpb_column vc_column_container vc_col-sm-12 vc_col-lg-offset-1 vc_col-lg-10 vc_col-md-offset-1 vc_col-md-10\"><div class=\"vc_column-inner\"><div class=\"wpb_wrapper\"><div id=\"ultimate-heading-723269f27415bf577\" class=\"uvc-heading ult-adjust-bottom-margin ultimate-heading-723269f27415bf577 uvc-3588  uvc-heading-default-font-sizes\" data-hspacer=\"no_spacer\"  data-halign=\"left\" style=\"text-align:left\"><div class=\"uvc-heading-spacer no_spacer\" style=\"top\"><\/div><div class=\"uvc-main-heading ult-responsive\"  data-ultimate-target='.uvc-heading.ultimate-heading-723269f27415bf577 h3'  data-responsive-json-new='{\"font-size\":\"\",\"line-height\":\"\"}' ><h3 style=\"--font-weight:theme;margin-top:45px;margin-bottom:15px;\">\u00a1Descubra c\u00f3mo su pr\u00e1ctica puede participar en este importante registro!<\/h3><\/div><\/div><div id=\"ultimate-heading-746569f27415bf5a5\" class=\"uvc-heading ult-adjust-bottom-margin ultimate-heading-746569f27415bf5a5 uvc-6436  uvc-heading-default-font-sizes\" data-hspacer=\"no_spacer\"  data-halign=\"left\" style=\"text-align:left\"><div class=\"uvc-heading-spacer no_spacer\" style=\"top\"><\/div><div class=\"uvc-sub-heading ult-responsive\"  data-ultimate-target='.uvc-heading.ultimate-heading-746569f27415bf5a5 .uvc-sub-heading '  data-responsive-json-new='{\"font-size\":\"desktop:18px;\",\"line-height\":\"desktop:32px;\"}'  style=\"font-weight:normal;margin-top:45px;\">Cedar Health Research est\u00e1 buscando m\u00e9dicos y pr\u00e1cticas OBGYN adicionales de la comunidad para participar en este importante registro. Si usted o su pr\u00e1ctica desea obtener m\u00e1s informaci\u00f3n sobre c\u00f3mo puede participar y contribuir a este registro, cont\u00e1ctenos hoy. Nuestro equipo estar\u00e1 encantado de explicarte los pasos para participar. Complete el siguiente formulario para obtener m\u00e1s informaci\u00f3n.<\/div><\/div><\/div><\/div><\/div><\/div><div class=\"vc_row wpb_row vc_row-fluid\"><div class=\"wpb_column vc_column_container vc_col-sm-12 vc_col-lg-offset-1 vc_col-lg-10 vc_col-md-offset-1 vc_col-md-10\"><div class=\"vc_column-inner\"><div class=\"wpb_wrapper\">\n<div class=\"wpcf7 no-js\" id=\"wpcf7-f1160-o1\" lang=\"en-US\" dir=\"ltr\" data-wpcf7-id=\"1160\">\n<div class=\"screen-reader-response\"><p role=\"status\" aria-live=\"polite\" aria-atomic=\"true\"><\/p> <ul><\/ul><\/div>\n<form action=\"\/es\/wp-json\/wp\/v2\/pages\/1142#wpcf7-f1160-o1\" method=\"post\" class=\"wpcf7-form init\" aria-label=\"Formulario de contacto\" novalidate=\"novalidate\" data-status=\"init\" data-trp-original-action=\"\/es\/wp-json\/wp\/v2\/pages\/1142#wpcf7-f1160-o1\">\n<fieldset class=\"hidden-fields-container\"><input type=\"hidden\" name=\"_wpcf7\" value=\"1160\" \/><input type=\"hidden\" name=\"_wpcf7_version\" value=\"6.1.5\" \/><input type=\"hidden\" name=\"_wpcf7_locale\" value=\"en_US\" \/><input type=\"hidden\" name=\"_wpcf7_unit_tag\" value=\"wpcf7-f1160-o1\" \/><input type=\"hidden\" name=\"_wpcf7_container_post\" value=\"0\" \/><input type=\"hidden\" name=\"_wpcf7_posted_data_hash\" value=\"\" \/><input type=\"hidden\" name=\"_wpcf7_recaptcha_response\" value=\"\" \/>\n<\/fieldset>\n<p><label> <span class=\"wpcf7-form-control-wrap\" data-name=\"practice-name\"><input size=\"40\" maxlength=\"400\" class=\"wpcf7-form-control wpcf7-text wpcf7-validates-as-required\" aria-required=\"true\" aria-invalid=\"false\" placeholder=\"Nombre de la pr\u00e1ctica*\" value=\"\" type=\"text\" name=\"practice-name\" \/><\/span> <\/label>\n<\/p>\n<p><label> <span class=\"wpcf7-form-control-wrap\" data-name=\"primary-contact-name\"><input size=\"40\" maxlength=\"400\" class=\"wpcf7-form-control wpcf7-text wpcf7-validates-as-required\" aria-required=\"true\" aria-invalid=\"false\" placeholder=\"Nombre de contacto principal*\" value=\"\" type=\"text\" name=\"primary-contact-name\" \/><\/span> <\/label>\n<\/p>\n<p><label> <span class=\"wpcf7-form-control-wrap\" data-name=\"primary-contact-email\"><input size=\"40\" maxlength=\"400\" class=\"wpcf7-form-control wpcf7-email wpcf7-validates-as-required wpcf7-text wpcf7-validates-as-email\" aria-required=\"true\" aria-invalid=\"false\" placeholder=\"Correo electr\u00f3nico de contacto principal*\" value=\"\" type=\"email\" name=\"primary-contact-email\" \/><\/span> <\/label>\n<\/p>\n<p><label> <span class=\"wpcf7-form-control-wrap\" data-name=\"primary-contact-phone-number\"><input size=\"40\" maxlength=\"400\" class=\"wpcf7-form-control wpcf7-tel wpcf7-validates-as-required wpcf7-text wpcf7-validates-as-tel\" aria-required=\"true\" aria-invalid=\"false\" placeholder=\"N\u00famero de tel\u00e9fono de contacto principal\" value=\"\" type=\"tel\" name=\"primary-contact-phone-number\" \/><\/span><\/label>\n<\/p>\n<p><label> <span class=\"wpcf7-form-control-wrap\" data-name=\"best-times-to-connect\"><input size=\"40\" maxlength=\"400\" class=\"wpcf7-form-control wpcf7-text wpcf7-validates-as-required\" aria-required=\"true\" aria-invalid=\"false\" placeholder=\"Mejores momentos para conectarse*\" value=\"\" type=\"text\" name=\"best-times-to-connect\" \/><\/span> <\/label>\n<\/p>\n<p><label> <span class=\"wpcf7-form-control-wrap\" data-name=\"message\"><textarea cols=\"40\" rows=\"10\" maxlength=\"2000\" class=\"wpcf7-form-control wpcf7-textarea\" aria-invalid=\"false\" placeholder=\"Mensaje\" name=\"message\"><\/textarea><\/span> <\/label>\n<\/p>\n<p><span style=\"margin-bottom:25px;\">\n\t<\/span>\n<\/p>\n<p><input class=\"wpcf7-form-control wpcf7-submit has-spinner\" type=\"submit\" value=\"Inscribirse\" \/>\n<\/p><p style=\"display: none !important;\" class=\"akismet-fields-container\" data-prefix=\"_wpcf7_ak_\"><label>\u0394<textarea name=\"_wpcf7_ak_hp_textarea\" cols=\"45\" rows=\"8\" maxlength=\"100\"><\/textarea><\/label><input type=\"hidden\" id=\"ak_js_1\" name=\"_wpcf7_ak_js\" value=\"43\"\/><script>document.getElementById( \"ak_js_1\" ).setAttribute( \"value\", ( new Date() ).getTime() );<\/script><\/p><div class=\"wpcf7-response-output\" aria-hidden=\"true\"><\/div>\n<input type=\"hidden\" name=\"trp-form-language\" value=\"es\"\/><\/form>\n<\/div>\n<\/div><\/div><\/div><\/div><div class=\"vc_row wpb_row vc_row-fluid\"><div class=\"wpb_column vc_column_container vc_col-sm-12\"><div class=\"vc_column-inner\"><div class=\"wpb_wrapper\"><\/div><\/div><\/div><\/div><div class=\"vc_row wpb_row vc_row-fluid\"><div class=\"wpb_column vc_column_container vc_col-sm-12 vc_col-lg-offset-1 vc_col-lg-10 vc_col-md-offset-1 vc_col-md-10\"><div class=\"vc_column-inner\"><div class=\"wpb_wrapper\">\n\t<div class=\"wpb_raw_code wpb_raw_html wpb_content_element\" >\n\t\t<div class=\"wpb_wrapper\">\n\t\t\t<script type=\"text\/javascript\" charset=\"UTF-8\" src=\"https:\/\/nbcdfw.com\/portableplayer\/?CID=1:8:2356459&videoID=1728344643989&origin=nbcdfw.com&fullWidth=y\"><\/script>\n\t\t<\/div>\n\t<\/div>\n<\/div><\/div><\/div><\/div>\n<\/div>","protected":false},"excerpt":{"rendered":"<p>Para m\u00e9dicos y consultorios m\u00e9dicos: Cedar Health Research, en alianza con Aspen Insights, est\u00e1 colaborando con consultorios privados de obstetricia y ginecolog\u00eda en los EE. UU. para crear un registro comunitario centrado en estudiar los efectos del COVID-19 en mujeres embarazadas y reci\u00e9n nacidos. Al utilizar an\u00e1lisis de datos de vanguardia impulsados por IA con est\u00e1ndares \u00e9ticos y de privacidad l\u00edderes en la industria, Cedar Health Research aprovechar\u00e1...<\/p>","protected":false},"author":1,"featured_media":0,"parent":0,"menu_order":0,"comment_status":"closed","ping_status":"closed","template":"","meta":{"_monsterinsights_skip_tracking":false,"_monsterinsights_sitenote_active":false,"_monsterinsights_sitenote_note":"","_monsterinsights_sitenote_category":0,"footnotes":""},"class_list":["post-1142","page","type-page","status-publish","hentry","description-off"],"aioseo_notices":[],"_links":{"self":[{"href":"https:\/\/cedarhealthresearch.com\/es\/wp-json\/wp\/v2\/pages\/1142","targetHints":{"allow":["GET"]}}],"collection":[{"href":"https:\/\/cedarhealthresearch.com\/es\/wp-json\/wp\/v2\/pages"}],"about":[{"href":"https:\/\/cedarhealthresearch.com\/es\/wp-json\/wp\/v2\/types\/page"}],"author":[{"embeddable":true,"href":"https:\/\/cedarhealthresearch.com\/es\/wp-json\/wp\/v2\/users\/1"}],"replies":[{"embeddable":true,"href":"https:\/\/cedarhealthresearch.com\/es\/wp-json\/wp\/v2\/comments?post=1142"}],"version-history":[{"count":0,"href":"https:\/\/cedarhealthresearch.com\/es\/wp-json\/wp\/v2\/pages\/1142\/revisions"}],"wp:attachment":[{"href":"https:\/\/cedarhealthresearch.com\/es\/wp-json\/wp\/v2\/media?parent=1142"}],"curies":[{"name":"wp","href":"https:\/\/api.w.org\/{rel}","templated":true}]}}