{"id":1023,"date":"2020-04-22T13:48:59","date_gmt":"2020-04-22T19:48:59","guid":{"rendered":"https:\/\/cedarhealthresearch.com\/?page_id=1023"},"modified":"2025-10-24T15:31:43","modified_gmt":"2025-10-24T20:31:43","slug":"sooyeon-choi","status":"publish","type":"page","link":"https:\/\/cedarhealthresearch.com\/es\/about-us\/our-team\/sooyeon-choi\/","title":{"rendered":"Sooyeon Choi, MD"},"content":{"rendered":"<div class=\"wpb-content-wrapper\"><div class=\"vc_row wpb_row vc_row-fluid\"><div class=\"wpb_column vc_column_container vc_col-sm-12 vc_col-lg-offset-1 vc_col-lg-10 vc_col-md-offset-1 vc_col-md-10\"><div class=\"vc_column-inner\"><div class=\"wpb_wrapper\">\n\t<div class=\"wpb_text_column wpb_content_element\" >\n\t\t<div class=\"wpb_wrapper\">\n\t\t\t<h3>Sooyeon Choi, MD<\/h3>\n<p><strong><span style=\"color: #999999;\">Investigador Principal - Salud de la Mujer<\/span><\/strong><\/p>\n<p><img loading=\"lazy\" decoding=\"async\" class=\"alignleft wp-image-1012 size-medium\" src=\"https:\/\/cedarhealthresearch.com\/wp-content\/uploads\/2020\/04\/Dr-Sooyeon-Choi.jpg\" alt=\"\" width=\"200\" height=\"300\" \/>Sooyeon Choi, MD, est\u00e1 certificada por la Junta Estadounidense de Obstetricia y Ginecolog\u00eda y se especializa en salud de la mujer, uroginecolog\u00eda y medicina general.<\/p>\n<p>Despu\u00e9s de completar su t\u00edtulo de m\u00e9dico en el Centro de Ciencias de la Salud de la Universidad de Texas en San Antonio, la Dra. Choi asisti\u00f3 a la residencia en John Peter Smith Network. Luego complet\u00f3 su beca avanzada de cirug\u00eda ginecol\u00f3gica m\u00ednimamente invasiva en Texas Health Presbyterian en Dallas. El Dr. Choi es actualmente m\u00e9dico en ejercicio en Walnut Hill OBGYN e investigador principal en Cedar Health Research.<\/p>\n<p>Su pasi\u00f3n por la salud de la mujer la llev\u00f3 a involucrarse en la investigaci\u00f3n cl\u00ednica para ayudar a avanzar en los tratamientos para las condiciones de salud relacionadas con la mujer. La Dra. Choi ha participado en numerosos ensayos en las \u00e1reas de salud de la mujer, oncolog\u00eda y enfermedades infecciosas. Tambi\u00e9n est\u00e1 completamente capacitada en Buenas Pr\u00e1cticas Cl\u00ednicas y Fundamentos del Investigador Cl\u00ednico.<\/p>\n<p>A trav\u00e9s de su trabajo en investigaci\u00f3n y en su pr\u00e1ctica, la Dra. Choi se esfuerza por mejorar la salud de las personas en la comunidad local y m\u00e1s all\u00e1.<\/p>\n\n\t\t<\/div>\n\t<\/div>\n<\/div><\/div><\/div><\/div><div class=\"vc_row wpb_row vc_row-fluid\"><div class=\"wpb_column vc_column_container vc_col-sm-12\"><div class=\"vc_column-inner\"><div class=\"wpb_wrapper\"><div id=\"ultimate-heading-587869dee791ddb03\" class=\"uvc-heading ult-adjust-bottom-margin ultimate-heading-587869dee791ddb03 uvc-7418  uvc-heading-default-font-sizes\" data-hspacer=\"no_spacer\"  data-halign=\"center\" style=\"text-align:center\"><div class=\"uvc-heading-spacer no_spacer\" style=\"top\"><\/div><\/div><\/div><\/div><\/div><\/div>\n<\/div>","protected":false},"excerpt":{"rendered":"<p>Sooyeon Choi, MD Investigadora principal: Salud de la mujer Sooyeon Choi, MD, est\u00e1 certificada por la Junta Estadounidense de Obstetricia y Ginecolog\u00eda y se especializa en salud de la mujer, uroginecolog\u00eda y medicina general. Despu\u00e9s de completar su t\u00edtulo de m\u00e9dico en el Centro de Ciencias de la Salud de la Universidad de Texas en San Antonio, la Dra. Choi asisti\u00f3 a la residencia en John Peter Smith Network.\u2026<\/p>","protected":false},"author":1,"featured_media":0,"parent":523,"menu_order":0,"comment_status":"closed","ping_status":"closed","template":"","meta":{"_monsterinsights_skip_tracking":false,"_monsterinsights_sitenote_active":false,"_monsterinsights_sitenote_note":"","_monsterinsights_sitenote_category":0,"footnotes":""},"class_list":["post-1023","page","type-page","status-publish","hentry","description-off"],"aioseo_notices":[],"_links":{"self":[{"href":"https:\/\/cedarhealthresearch.com\/es\/wp-json\/wp\/v2\/pages\/1023","targetHints":{"allow":["GET"]}}],"collection":[{"href":"https:\/\/cedarhealthresearch.com\/es\/wp-json\/wp\/v2\/pages"}],"about":[{"href":"https:\/\/cedarhealthresearch.com\/es\/wp-json\/wp\/v2\/types\/page"}],"author":[{"embeddable":true,"href":"https:\/\/cedarhealthresearch.com\/es\/wp-json\/wp\/v2\/users\/1"}],"replies":[{"embeddable":true,"href":"https:\/\/cedarhealthresearch.com\/es\/wp-json\/wp\/v2\/comments?post=1023"}],"version-history":[{"count":1,"href":"https:\/\/cedarhealthresearch.com\/es\/wp-json\/wp\/v2\/pages\/1023\/revisions"}],"predecessor-version":[{"id":5748,"href":"https:\/\/cedarhealthresearch.com\/es\/wp-json\/wp\/v2\/pages\/1023\/revisions\/5748"}],"up":[{"embeddable":true,"href":"https:\/\/cedarhealthresearch.com\/es\/wp-json\/wp\/v2\/pages\/523"}],"wp:attachment":[{"href":"https:\/\/cedarhealthresearch.com\/es\/wp-json\/wp\/v2\/media?parent=1023"}],"curies":[{"name":"wp","href":"https:\/\/api.w.org\/{rel}","templated":true}]}}