{"id":1021,"date":"2020-04-22T13:45:55","date_gmt":"2020-04-22T19:45:55","guid":{"rendered":"https:\/\/cedarhealthresearch.com\/?page_id=1021"},"modified":"2025-10-24T15:31:01","modified_gmt":"2025-10-24T20:31:01","slug":"mordechai-klein","status":"publish","type":"page","link":"https:\/\/cedarhealthresearch.com\/es\/about-us\/our-team\/mordechai-klein\/","title":{"rendered":"Mordechai Klein, MD"},"content":{"rendered":"<div class=\"wpb-content-wrapper\"><div class=\"vc_row wpb_row vc_row-fluid\"><div class=\"wpb_column vc_column_container vc_col-sm-12 vc_col-lg-offset-1 vc_col-lg-10 vc_col-md-offset-1 vc_col-md-10\"><div class=\"vc_column-inner\"><div class=\"wpb_wrapper\">\n\t<div class=\"wpb_text_column wpb_content_element\" >\n\t\t<div class=\"wpb_wrapper\">\n\t\t\t<h3>Mordechai Klein, MD<\/h3>\n<p><strong><span style=\"color: #999999;\">Investigador Principal \u2013 Cardiolog\u00eda<\/span><\/strong><\/p>\n<p><img loading=\"lazy\" decoding=\"async\" class=\"alignleft wp-image-1012 size-medium\" src=\"https:\/\/cedarhealthresearch.com\/wp-content\/uploads\/2021\/08\/Mordecai-Klein-MD.png\" alt=\"\" width=\"200\" height=\"300\" \/>Mordecai Klein, MD, FAAC es un cardi\u00f3logo experimentado certificado por la junta en Plano, Texas, con varios a\u00f1os de experiencia en investigaci\u00f3n cl\u00ednica y publicaciones en cardiolog\u00eda intervencionista.<\/p>\n<p>El Dr. Klein complet\u00f3 su beca de investigaci\u00f3n en cardiolog\u00eda en el Southwestern Medical Center-Parkland Hospital de la Universidad de Texas en Dallas, Texas y luego complet\u00f3 su beca de investigaci\u00f3n en cardiolog\u00eda intervencionista en el hospital William Beaumont en Royal Oak, Michigan. El Dr. Klein practic\u00f3 cardiolog\u00eda durante 14 a\u00f1os en UPMC Shadyside Hospital, Western Pennsylvania Hospital y Forbes Regional Hospital; antes de pasar a su pr\u00e1ctica actual en el hospital Medical City Plano y el Baylor Heart Hospital en Plano, Texas.<\/p>\n<p>El Dr. Klein fue reconocido por sus pares como uno de los mejores m\u00e9dicos del condado de Collin en 2016 y es miembro de la Sociedad Estadounidense de Venas y Linf\u00e1ticos (anteriormente Colegio Estadounidense de Flebolog\u00eda).<\/p>\n<p>Como investigador principal de Cedar Health Research, el Dr. Klein aporta una gran cantidad de conocimientos y experiencia para ayudar a promover los avances m\u00e9dicos en la investigaci\u00f3n cl\u00ednica.<\/p>\n\n\t\t<\/div>\n\t<\/div>\n<\/div><\/div><\/div><\/div><div class=\"vc_row wpb_row vc_row-fluid\"><div class=\"wpb_column vc_column_container vc_col-sm-12\"><div class=\"vc_column-inner\"><div class=\"wpb_wrapper\"><div id=\"ultimate-heading-866769d27c7675540\" class=\"uvc-heading ult-adjust-bottom-margin ultimate-heading-866769d27c7675540 uvc-7452  uvc-heading-default-font-sizes\" data-hspacer=\"no_spacer\"  data-halign=\"center\" style=\"text-align:center\"><div class=\"uvc-heading-spacer no_spacer\" style=\"top\"><\/div><\/div><\/div><\/div><\/div><\/div>\n<\/div>","protected":false},"excerpt":{"rendered":"<p>Mordechai Klein, MD Investigador principal: cardiolog\u00eda Mordecai Klein, MD, FAAC es un cardi\u00f3logo experimentado certificado por la junta en Plano, Texas, con varios a\u00f1os de experiencia en investigaci\u00f3n cl\u00ednica y publicaciones en cardiolog\u00eda intervencionista. El Dr. Klein complet\u00f3 su beca de investigaci\u00f3n en cardiolog\u00eda en el Southwestern Medical Center-Parkland Hospital de la Universidad de Texas en Dallas, Texas, y luego complet\u00f3 su...<\/p>","protected":false},"author":1,"featured_media":0,"parent":523,"menu_order":0,"comment_status":"closed","ping_status":"closed","template":"","meta":{"_monsterinsights_skip_tracking":false,"_monsterinsights_sitenote_active":false,"_monsterinsights_sitenote_note":"","_monsterinsights_sitenote_category":0,"footnotes":""},"class_list":["post-1021","page","type-page","status-publish","hentry","description-off"],"aioseo_notices":[],"_links":{"self":[{"href":"https:\/\/cedarhealthresearch.com\/es\/wp-json\/wp\/v2\/pages\/1021","targetHints":{"allow":["GET"]}}],"collection":[{"href":"https:\/\/cedarhealthresearch.com\/es\/wp-json\/wp\/v2\/pages"}],"about":[{"href":"https:\/\/cedarhealthresearch.com\/es\/wp-json\/wp\/v2\/types\/page"}],"author":[{"embeddable":true,"href":"https:\/\/cedarhealthresearch.com\/es\/wp-json\/wp\/v2\/users\/1"}],"replies":[{"embeddable":true,"href":"https:\/\/cedarhealthresearch.com\/es\/wp-json\/wp\/v2\/comments?post=1021"}],"version-history":[{"count":1,"href":"https:\/\/cedarhealthresearch.com\/es\/wp-json\/wp\/v2\/pages\/1021\/revisions"}],"predecessor-version":[{"id":5746,"href":"https:\/\/cedarhealthresearch.com\/es\/wp-json\/wp\/v2\/pages\/1021\/revisions\/5746"}],"up":[{"embeddable":true,"href":"https:\/\/cedarhealthresearch.com\/es\/wp-json\/wp\/v2\/pages\/523"}],"wp:attachment":[{"href":"https:\/\/cedarhealthresearch.com\/es\/wp-json\/wp\/v2\/media?parent=1021"}],"curies":[{"name":"wp","href":"https:\/\/api.w.org\/{rel}","templated":true}]}}